{"id":4253,"date":"2026-04-15T07:43:31","date_gmt":"2026-04-15T07:43:31","guid":{"rendered":"https:\/\/raifetas.lt\/?post_type=product&#038;p=4253"},"modified":"2026-04-15T08:05:22","modified_gmt":"2026-04-15T08:05:22","slug":"challenger-cdl-4-315-70-r22-5","status":"publish","type":"product","link":"https:\/\/raifetas.lt\/ru\/product\/challenger-cdl-4-315-70-r22-5\/","title":{"rendered":"Challenger CDL 4+ 315\/70 R22.5"},"content":{"rendered":"<p><strong>Challenger <\/strong>CDL4+ \u2013 tai patikima varomosios a\u0161ies sunkve\u017eimio padanga, sukurta intensyviam naudojimui tiek regioniniuose, tiek ilgesni\u0173 distancij\u0173 perve\u017eimuose. D\u0117l naujovi\u0161ko 6 blok\u0173 protektoriaus ra\u0161to ir didelio tu\u0161tum\u0173 santykio padanga pasi\u017eymi geru sukibimu, tolygiu va\u017eiavimu.<br \/>\nChallenger prek\u0117s \u017eenklo padang\u0173 gamintojas <strong>JK Tyre<\/strong> \u2013 vienas i\u0161 dideli\u0173 tarptautini\u0173 padang\u0173 gamintoj\u0173, tod\u0117l CDL4+ modelis atstovauja patikim\u0105 komercini\u0173 padang\u0173 segment\u0105.<\/p>","protected":false},"excerpt":{"rendered":"<p><strong>U\u017epildykite apa\u010dioje esan\u010dia form\u0105 ir pateiksime Jums pasi\u016blym\u0105.<\/strong><br \/>\n[wpforms id=\"1501\" title=\"false\"]<\/p>\n<p>Norint u\u017esakyti susisiekite:<br \/>\nTel.: +37068494498<br \/>\nWhatsApp: +37068494498<br \/>\nEl. pa\u0161tas: pardavimai@raifetas.lt<\/p>\n<p><strong>Montavimas, balansavimas ir remontas<\/strong><br \/>\nTel.: +37061429447<br \/>\nMontavimas adresu: Vytauto g. 2K, Garliava, Kauno rajonas<\/p>\n","protected":false},"featured_media":4254,"template":"","meta":[],"product_brand":[],"product_cat":[18],"product_tag":[],"class_list":{"0":"post-4253","1":"product","2":"type-product","3":"status-publish","4":"has-post-thumbnail","6":"product_cat-sunkvezimiu_padangos","8":"first","9":"outofstock","10":"taxable","11":"shipping-taxable","12":"product-type-simple"},"acf":[],"jetpack_sharing_enabled":true,"_links":{"self":[{"href":"https:\/\/raifetas.lt\/ru\/wp-json\/wp\/v2\/product\/4253","targetHints":{"allow":["GET"]}}],"collection":[{"href":"https:\/\/raifetas.lt\/ru\/wp-json\/wp\/v2\/product"}],"about":[{"href":"https:\/\/raifetas.lt\/ru\/wp-json\/wp\/v2\/types\/product"}],"wp:featuredmedia":[{"embeddable":true,"href":"https:\/\/raifetas.lt\/ru\/wp-json\/wp\/v2\/media\/4254"}],"wp:attachment":[{"href":"https:\/\/raifetas.lt\/ru\/wp-json\/wp\/v2\/media?parent=4253"}],"wp:term":[{"taxonomy":"product_brand","embeddable":true,"href":"https:\/\/raifetas.lt\/ru\/wp-json\/wp\/v2\/product_brand?post=4253"},{"taxonomy":"product_cat","embeddable":true,"href":"https:\/\/raifetas.lt\/ru\/wp-json\/wp\/v2\/product_cat?post=4253"},{"taxonomy":"product_tag","embeddable":true,"href":"https:\/\/raifetas.lt\/ru\/wp-json\/wp\/v2\/product_tag?post=4253"}],"curies":[{"name":"wp","href":"https:\/\/api.w.org\/{rel}","templated":true}]}}