{"id":4243,"date":"2026-03-14T20:58:24","date_gmt":"2026-03-14T20:58:24","guid":{"rendered":"https:\/\/raifetas.lt\/?post_type=product&#038;p=4243"},"modified":"2026-03-14T21:07:14","modified_gmt":"2026-03-14T21:07:14","slug":"laufenn-sfit-eq-lk01-205-55-r16-91h","status":"publish","type":"product","link":"https:\/\/raifetas.lt\/ru\/product\/laufenn-sfit-eq-lk01-205-55-r16-91h\/","title":{"rendered":"Laufenn S FIT EQ+ LK01 205\/55 R16 91H"},"content":{"rendered":"<p>Laufenn S FIT EQ+ LK01 \u2013 tai auk\u0161tos kokyb\u0117s vasarin\u0117s padangos, sukurtos vairuotojams, kurie vertina stabil\u0173 automobilio valdym\u0105, ger\u0105 sukibim\u0105 ir komfort\u0105 va\u017eiuojant tiek mieste, tiek magistral\u0117se.<\/p>\n<p>\u0160is modelis priklauso Ultra High Performance (UHP) kategorijai, tod\u0117l u\u017etikrina puik\u0173 stabilum\u0105 va\u017eiuojant didesniu grei\u010diu bei ger\u0105 kontrol\u0119 pos\u016bkiuose.<\/p>\n<p>Padangos protektoriaus dizainas sukurtas taip, kad efektyviai pa\u0161alint\u0173 vanden\u012f i\u0161 kontakto zonos, suma\u017eint\u0173 akvaplanavimo rizik\u0105 ir pagerint\u0173 stabdym\u0105 ant \u0161lapios dangos.<\/p>","protected":false},"excerpt":{"rendered":"<p>Kaina nurodyta be PVM.<\/p>\n<p><strong>U\u017epildykite apa\u010dioje esan\u010dia form\u0105 ir su Jumis susisieksime.<\/strong><br \/>\n[wpforms id=\"1501\" title=\"false\"]<\/p>\n<p>Norint u\u017esakyti susisiekite:<br \/>\nTel.: +37068494498<br \/>\nWhatsApp: +37068494498<br \/>\nEl. pa\u0161tas: pardavimai@raifetas.lt<\/p>\n<p><strong>Montavimas, balansavimas ir remontas<\/strong><br \/>\nTel.: +37061429447<br \/>\nMontavimas adresu: Vytauto g. 2K, Garliava, Kauno rajonas<\/p>\n","protected":false},"featured_media":4244,"template":"","meta":[],"product_brand":[],"product_cat":[118],"product_tag":[],"class_list":{"0":"post-4243","1":"product","2":"type-product","3":"status-publish","4":"has-post-thumbnail","6":"product_cat-automobiliu_padangos","8":"first","9":"outofstock","10":"taxable","11":"shipping-taxable","12":"purchasable","13":"product-type-simple"},"acf":[],"jetpack_sharing_enabled":true,"_links":{"self":[{"href":"https:\/\/raifetas.lt\/ru\/wp-json\/wp\/v2\/product\/4243","targetHints":{"allow":["GET"]}}],"collection":[{"href":"https:\/\/raifetas.lt\/ru\/wp-json\/wp\/v2\/product"}],"about":[{"href":"https:\/\/raifetas.lt\/ru\/wp-json\/wp\/v2\/types\/product"}],"wp:featuredmedia":[{"embeddable":true,"href":"https:\/\/raifetas.lt\/ru\/wp-json\/wp\/v2\/media\/4244"}],"wp:attachment":[{"href":"https:\/\/raifetas.lt\/ru\/wp-json\/wp\/v2\/media?parent=4243"}],"wp:term":[{"taxonomy":"product_brand","embeddable":true,"href":"https:\/\/raifetas.lt\/ru\/wp-json\/wp\/v2\/product_brand?post=4243"},{"taxonomy":"product_cat","embeddable":true,"href":"https:\/\/raifetas.lt\/ru\/wp-json\/wp\/v2\/product_cat?post=4243"},{"taxonomy":"product_tag","embeddable":true,"href":"https:\/\/raifetas.lt\/ru\/wp-json\/wp\/v2\/product_tag?post=4243"}],"curies":[{"name":"wp","href":"https:\/\/api.w.org\/{rel}","templated":true}]}}