{"id":4234,"date":"2026-03-13T12:31:00","date_gmt":"2026-03-13T12:31:00","guid":{"rendered":"https:\/\/raifetas.lt\/?post_type=product&#038;p=4234"},"modified":"2026-03-13T12:38:58","modified_gmt":"2026-03-13T12:38:58","slug":"kormoran-snow-225-45-r17-94v-vasara","status":"publish","type":"product","link":"https:\/\/raifetas.lt\/ru\/product\/kormoran-snow-225-45-r17-94v-vasara\/","title":{"rendered":"Kormoran Summer 3 225\/45 R17 94V"},"content":{"rendered":"<p><strong>Kormoran Summer 3 \u2013 patikimos vasarin\u0117s padangos u\u017e ger\u0105 kain\u0105<\/strong><\/p>\n<p>Kormoran Summer 3 \u2013 tai populiarus vasarini\u0173 padang\u0173 modelis, skirtas lengviesiems automobiliams. \u0160ios padangos sukurtos u\u017etikrinti saug\u0173, stabil\u0173 ir komforti\u0161k\u0105 vairavim\u0105 vasaros sezonu tiek mieste, tiek u\u017emiestyje.<\/p>\n<p>D\u0117l modernios protektoriaus konstrukcijos ir optimizuoto gumos mi\u0161inio Kormoran Summer 3 padangos pasi\u017eymi geru sukibimu su sausa ir \u0161lapia kelio danga, ma\u017eesniu ried\u0117jimo pasiprie\u0161inimu bei ilgesniu tarnavimo laiku. Tai puikus pasirinkimas vairuotojams, ie\u0161kantiems kokybi\u0161k\u0173 vasarini\u0173 padang\u0173 u\u017e prieinam\u0105 kain\u0105.<\/p>","protected":false},"excerpt":{"rendered":"<p>Kaina nurodyta be PVM.<\/p>\n<p><strong>U\u017epildykite apa\u010dioje esan\u010dia form\u0105 ir su Jumis susisieksime.<\/strong><br \/>\n[wpforms id=\"1501\" title=\"false\"]<\/p>\n<p>Norint u\u017esakyti susisiekite:<br \/>\nTel.: +37068494498<br \/>\nWhatsApp: +37068494498<br \/>\nEl. pa\u0161tas: pardavimai@raifetas.lt<\/p>\n<p><strong>Montavimas, balansavimas ir remontas<\/strong><br \/>\nTel.: +37061429447<br \/>\nMontavimas adresu: Vytauto g. 2K, Garliava, Kauno rajonas<\/p>\n","protected":false},"featured_media":4228,"template":"","meta":[],"product_brand":[],"product_cat":[118],"product_tag":[],"class_list":{"0":"post-4234","1":"product","2":"type-product","3":"status-publish","4":"has-post-thumbnail","6":"product_cat-automobiliu_padangos","8":"first","9":"outofstock","10":"taxable","11":"shipping-taxable","12":"purchasable","13":"product-type-simple"},"acf":[],"jetpack_sharing_enabled":true,"_links":{"self":[{"href":"https:\/\/raifetas.lt\/ru\/wp-json\/wp\/v2\/product\/4234","targetHints":{"allow":["GET"]}}],"collection":[{"href":"https:\/\/raifetas.lt\/ru\/wp-json\/wp\/v2\/product"}],"about":[{"href":"https:\/\/raifetas.lt\/ru\/wp-json\/wp\/v2\/types\/product"}],"wp:featuredmedia":[{"embeddable":true,"href":"https:\/\/raifetas.lt\/ru\/wp-json\/wp\/v2\/media\/4228"}],"wp:attachment":[{"href":"https:\/\/raifetas.lt\/ru\/wp-json\/wp\/v2\/media?parent=4234"}],"wp:term":[{"taxonomy":"product_brand","embeddable":true,"href":"https:\/\/raifetas.lt\/ru\/wp-json\/wp\/v2\/product_brand?post=4234"},{"taxonomy":"product_cat","embeddable":true,"href":"https:\/\/raifetas.lt\/ru\/wp-json\/wp\/v2\/product_cat?post=4234"},{"taxonomy":"product_tag","embeddable":true,"href":"https:\/\/raifetas.lt\/ru\/wp-json\/wp\/v2\/product_tag?post=4234"}],"curies":[{"name":"wp","href":"https:\/\/api.w.org\/{rel}","templated":true}]}}