{"id":4215,"date":"2025-12-30T13:09:11","date_gmt":"2025-12-30T13:09:11","guid":{"rendered":"https:\/\/raifetas.lt\/?post_type=product&#038;p=4215"},"modified":"2025-12-30T13:21:43","modified_gmt":"2025-12-30T13:21:43","slug":"crosswind-cw-hs02-245-70-r19-5","status":"publish","type":"product","link":"https:\/\/raifetas.lt\/ru\/product\/crosswind-cw-hs02-245-70-r19-5\/","title":{"rendered":"Crosswind CW-HS02 245\/70 R19.5"},"content":{"rendered":"<p><strong>CrossWind CW-HS02<\/strong> \u2013 patikimos ir ekonomi\u0161kos vairuojamosios a\u0161ies padangos sunkve\u017eimiams ir vilkikams, skirtos intensyviam regioniniam bei tarpmiestiniam transportui. Optimizuotas protektoriaus ra\u0161tas su giliais grioveliais u\u017etikrina ger\u0105 sukibim\u0105 tiek sausoje, tiek dr\u0117gnoje kelio dangoje, tolyg\u0173 d\u0117v\u0117jim\u0105si ir stabil\u0173 va\u017eiavim\u0105.<br \/>\n<strong>CrossWind \u2013 \u201eShandong Linglong Tire Co., Ltd.<\/strong> prek\u0117s \u017eenklas, priklausantis vienam did\u017eiausi\u0173 Kinijos padang\u0173 gamintoj\u0173, veikian\u010diam nuo 1975 m. ir eksportuojan\u010diam padangas vilkikams, autobusams ir komerciniam transportui \u012f daugiau nei 180 \u0161ali\u0173.&#8221;\t\t\t\t\t\t\t\t<\/p>","protected":false},"excerpt":{"rendered":"<p><strong>U\u017epildykite apa\u010dioje esan\u010dia form\u0105 ir pateiksime Jums pasi\u016blym\u0105.<\/strong><br \/>\n[wpforms id=\"1501\" title=\"false\"]<\/p>\n<p>Norint u\u017esakyti susisiekite:<br \/>\nTel.: +37068494498<br \/>\nWhatsApp: +37068494498<br \/>\nEl. pa\u0161tas: pardavimai@raifetas.lt<\/p>\n<p><strong>Montavimas, balansavimas ir remontas<\/strong><br \/>\nTel.: +37061429447<br \/>\nMontavimas adresu: Vytauto g. 2K, Garliava, Kauno rajonas<\/p>\n","protected":false},"featured_media":4216,"template":"","meta":[],"product_brand":[],"product_cat":[18],"product_tag":[],"class_list":{"0":"post-4215","1":"product","2":"type-product","3":"status-publish","4":"has-post-thumbnail","6":"product_cat-sunkvezimiu_padangos","8":"first","9":"outofstock","10":"taxable","11":"shipping-taxable","12":"product-type-simple"},"acf":[],"jetpack_sharing_enabled":true,"_links":{"self":[{"href":"https:\/\/raifetas.lt\/ru\/wp-json\/wp\/v2\/product\/4215","targetHints":{"allow":["GET"]}}],"collection":[{"href":"https:\/\/raifetas.lt\/ru\/wp-json\/wp\/v2\/product"}],"about":[{"href":"https:\/\/raifetas.lt\/ru\/wp-json\/wp\/v2\/types\/product"}],"wp:featuredmedia":[{"embeddable":true,"href":"https:\/\/raifetas.lt\/ru\/wp-json\/wp\/v2\/media\/4216"}],"wp:attachment":[{"href":"https:\/\/raifetas.lt\/ru\/wp-json\/wp\/v2\/media?parent=4215"}],"wp:term":[{"taxonomy":"product_brand","embeddable":true,"href":"https:\/\/raifetas.lt\/ru\/wp-json\/wp\/v2\/product_brand?post=4215"},{"taxonomy":"product_cat","embeddable":true,"href":"https:\/\/raifetas.lt\/ru\/wp-json\/wp\/v2\/product_cat?post=4215"},{"taxonomy":"product_tag","embeddable":true,"href":"https:\/\/raifetas.lt\/ru\/wp-json\/wp\/v2\/product_tag?post=4215"}],"curies":[{"name":"wp","href":"https:\/\/api.w.org\/{rel}","templated":true}]}}