{"id":4204,"date":"2025-12-19T14:45:47","date_gmt":"2025-12-19T14:45:47","guid":{"rendered":"https:\/\/raifetas.lt\/?post_type=product&#038;p=4204"},"modified":"2025-12-19T14:47:24","modified_gmt":"2025-12-19T14:47:24","slug":"dunlop-sp-446-215-75-r17-5","status":"publish","type":"product","link":"https:\/\/raifetas.lt\/ru\/product\/dunlop-sp-446-215-75-r17-5\/","title":{"rendered":"Dunlop SP 446 215\/75 R17.5"},"content":{"rendered":"<p><strong>Dunlop SP446<\/strong> \u2013 premium klas\u0117s varan\u010diosios a\u0161ies krovinin\u0117s padangos, sukurtos regioniniam ir ilgo nuotolio krovininiam transportui. D\u0117l optimizuoto V formos protektoriaus ra\u0161to ir \u201ebi compound\u201c gumos mi\u0161inio \u0161ios padangos pasi\u017eymi ilga rida ir geru sukibimu tiek vasar\u0105, tiek \u017eiem\u0105 (\u017eym\u0117jimai M+S ir\u202f3PMSF).<br \/>\n<strong>Dunlop<\/strong> priklauso pasaulinei Goodyear grup\u0117s padang\u0173 \u0161eimai \u2014 \u012fmon\u0117 su daugiau nei \u0161imto met\u0173 patirtimi, orientuota \u012f auk\u0161tos kokyb\u0117s, inovatyvius sprendimus komercini\u0173 transporto padang\u0173 srityje.<\/p>","protected":false},"excerpt":{"rendered":"<p><strong>U\u017epildykite apa\u010dioje esan\u010dia form\u0105 ir pateiksime Jums pasi\u016blym\u0105.<\/strong><br \/>\n[wpforms id=\"1501\" title=\"false\"]<\/p>\n<p>Norint u\u017esakyti susisiekite:<br \/>\nTel.: +37068494498<br \/>\nWhatsApp: +37068494498<br \/>\nEl. pa\u0161tas: pardavimai@raifetas.lt<\/p>\n<p><strong>Montavimas, balansavimas ir remontas<\/strong><br \/>\nTel.: +37061429447<br \/>\nMontavimas adresu: Vytauto g. 2K, Garliava, Kauno rajonas<\/p>\n","protected":false},"featured_media":4197,"template":"","meta":[],"product_brand":[],"product_cat":[18],"product_tag":[],"class_list":{"0":"post-4204","1":"product","2":"type-product","3":"status-publish","4":"has-post-thumbnail","6":"product_cat-sunkvezimiu_padangos","8":"first","9":"outofstock","10":"taxable","11":"shipping-taxable","12":"product-type-simple"},"acf":[],"jetpack_sharing_enabled":true,"_links":{"self":[{"href":"https:\/\/raifetas.lt\/ru\/wp-json\/wp\/v2\/product\/4204","targetHints":{"allow":["GET"]}}],"collection":[{"href":"https:\/\/raifetas.lt\/ru\/wp-json\/wp\/v2\/product"}],"about":[{"href":"https:\/\/raifetas.lt\/ru\/wp-json\/wp\/v2\/types\/product"}],"wp:featuredmedia":[{"embeddable":true,"href":"https:\/\/raifetas.lt\/ru\/wp-json\/wp\/v2\/media\/4197"}],"wp:attachment":[{"href":"https:\/\/raifetas.lt\/ru\/wp-json\/wp\/v2\/media?parent=4204"}],"wp:term":[{"taxonomy":"product_brand","embeddable":true,"href":"https:\/\/raifetas.lt\/ru\/wp-json\/wp\/v2\/product_brand?post=4204"},{"taxonomy":"product_cat","embeddable":true,"href":"https:\/\/raifetas.lt\/ru\/wp-json\/wp\/v2\/product_cat?post=4204"},{"taxonomy":"product_tag","embeddable":true,"href":"https:\/\/raifetas.lt\/ru\/wp-json\/wp\/v2\/product_tag?post=4204"}],"curies":[{"name":"wp","href":"https:\/\/api.w.org\/{rel}","templated":true}]}}