{"id":4187,"date":"2025-12-19T13:46:53","date_gmt":"2025-12-19T13:46:53","guid":{"rendered":"https:\/\/raifetas.lt\/?post_type=product&#038;p=4187"},"modified":"2025-12-19T13:50:10","modified_gmt":"2025-12-19T13:50:10","slug":"firestone-fd-611-285-70-r19-5","status":"publish","type":"product","link":"https:\/\/raifetas.lt\/ru\/product\/firestone-fd-611-285-70-r19-5\/","title":{"rendered":"Firestone FD 611 285\/70 R19.5"},"content":{"rendered":"<p><strong>Firestone FD 611<\/strong> \u2013 patikimos ir ilgaam\u017e\u0117s varan\u010diosios a\u0161ies krovinin\u0117s padangos sunkve\u017eimiams ir vilkikams, skirtos regioniniam bei magistraliniam transportui. Pa\u017eangus protektoriaus ra\u0161tas leid\u017eia u\u017etikrinti tolyg\u0173 d\u0117v\u0117jim\u0105si, auk\u0161t\u0105 rid\u0105 ir ger\u0105 sukibim\u0105 \u0161lapioje kelio dangoje, o konstrukcija optimizuota didesniam efektyvumui bei ma\u017eesn\u0117ms eksploatacin\u0117ms s\u0105naudoms.<br \/>\n<strong>Firestone<\/strong> priklauso pasaulinei Bridgestone korporacijai \u2013 vienam lyderiaujan\u010di\u0173 padang\u0173 gamintoj\u0173 pasaulyje, orientuotam \u012f inovacijas, efektyvum\u0105 ir tvarum\u0105 sunkve\u017eimi\u0173 transporto segmentuose. Firestone padangos yra pla\u010diai naudojamos tiek regioniniam, tiek tarptautiniam transportui.<\/p>","protected":false},"excerpt":{"rendered":"<p>Kaina nurodyta be PVM.<\/p>\n<p><strong>U\u017epildykite apa\u010dioje esan\u010dia form\u0105 ir su Jumis susisieksime.<\/strong><br \/>\n[wpforms id=\"1501\" title=\"false\"]<\/p>\n<p>Norint u\u017esakyti susisiekite:<br \/>\nTel.: +37068494498<br \/>\nWhatsApp: +37068494498<br \/>\nEl. pa\u0161tas: pardavimai@raifetas.lt<\/p>\n<p><strong>Montavimas, balansavimas ir remontas<\/strong><br \/>\nTel.: +37061429447<br \/>\nMontavimas adresu: Vytauto g. 2K, Garliava, Kauno rajonas<\/p>\n","protected":false},"featured_media":4183,"template":"","meta":[],"product_brand":[],"product_cat":[18],"product_tag":[],"class_list":{"0":"post-4187","1":"product","2":"type-product","3":"status-publish","4":"has-post-thumbnail","6":"product_cat-sunkvezimiu_padangos","8":"first","9":"outofstock","10":"taxable","11":"shipping-taxable","12":"purchasable","13":"product-type-simple"},"acf":[],"jetpack_sharing_enabled":true,"_links":{"self":[{"href":"https:\/\/raifetas.lt\/ru\/wp-json\/wp\/v2\/product\/4187","targetHints":{"allow":["GET"]}}],"collection":[{"href":"https:\/\/raifetas.lt\/ru\/wp-json\/wp\/v2\/product"}],"about":[{"href":"https:\/\/raifetas.lt\/ru\/wp-json\/wp\/v2\/types\/product"}],"wp:featuredmedia":[{"embeddable":true,"href":"https:\/\/raifetas.lt\/ru\/wp-json\/wp\/v2\/media\/4183"}],"wp:attachment":[{"href":"https:\/\/raifetas.lt\/ru\/wp-json\/wp\/v2\/media?parent=4187"}],"wp:term":[{"taxonomy":"product_brand","embeddable":true,"href":"https:\/\/raifetas.lt\/ru\/wp-json\/wp\/v2\/product_brand?post=4187"},{"taxonomy":"product_cat","embeddable":true,"href":"https:\/\/raifetas.lt\/ru\/wp-json\/wp\/v2\/product_cat?post=4187"},{"taxonomy":"product_tag","embeddable":true,"href":"https:\/\/raifetas.lt\/ru\/wp-json\/wp\/v2\/product_tag?post=4187"}],"curies":[{"name":"wp","href":"https:\/\/api.w.org\/{rel}","templated":true}]}}