{"id":4180,"date":"2025-12-19T13:15:22","date_gmt":"2025-12-19T13:15:22","guid":{"rendered":"https:\/\/raifetas.lt\/?post_type=product&#038;p=4180"},"modified":"2025-12-19T13:17:27","modified_gmt":"2025-12-19T13:17:27","slug":"crosswind-cw-hd02-305-70-r19-5","status":"publish","type":"product","link":"https:\/\/raifetas.lt\/ru\/product\/crosswind-cw-hd02-305-70-r19-5\/","title":{"rendered":"Crosswind CW-HD02 305\/70 R19.5"},"content":{"rendered":"<p><strong>CrossWind CW-HD02<\/strong> \u2013 patikimos ir atsparios varan\u010diosios a\u0161ies krovinin\u0117s padangos sunkve\u017eimiams ir vilkikams, skirtos mi\u0161riai naudojimui on-\/off-road s\u0105lygomis. Sutrumpintas protektoriaus ra\u0161tas su sustiprinta karkaso konstrukcija u\u017etikrina puik\u0173 sukibim\u0105 ant grunto, \u017evyrkeli\u0173 ir asfaltuot\u0173 keli\u0173, didel\u012f atsparum\u0105 pj\u016bviams bei ilgesn\u012f tarnavimo laik\u0105 net intensyviai eksploatuojamose transporto priemon\u0117se.<br \/>\n<strong>CrossWind \u2013 \u201eShandong Linglong Tire Co., Ltd.<\/strong> prek\u0117s \u017eenklas, priklausantis vienam did\u017eiausi\u0173 Kinijos padang\u0173 gamintoj\u0173, veikian\u010diam nuo 1975 m. ir eksportuojan\u010diam padangas vilkikams, autobusams ir komerciniam transportui \u012f daugiau nei 180 \u0161ali\u0173.<\/p>","protected":false},"excerpt":{"rendered":"<p>Kaina nurodyta be PVM.<\/p>\n<p><strong>U\u017epildykite apa\u010dioje esan\u010dia form\u0105 ir su Jumis susisieksime.<\/strong><br \/>\n[wpforms id=\"1501\" title=\"false\"]<\/p>\n<p>Norint u\u017esakyti susisiekite:<br \/>\nTel.: +37068494498<br \/>\nWhatsApp: +37068494498<br \/>\nEl. pa\u0161tas: pardavimai@raifetas.lt<\/p>\n<p><strong>Montavimas, balansavimas ir remontas<\/strong><br \/>\nTel.: +37061429447<br \/>\nMontavimas adresu: Vytauto g. 2K, Garliava, Kauno rajonas<\/p>\n","protected":false},"featured_media":4171,"template":"","meta":[],"product_brand":[],"product_cat":[18],"product_tag":[],"class_list":{"0":"post-4180","1":"product","2":"type-product","3":"status-publish","4":"has-post-thumbnail","6":"product_cat-sunkvezimiu_padangos","8":"first","9":"outofstock","10":"taxable","11":"shipping-taxable","12":"purchasable","13":"product-type-simple"},"acf":[],"jetpack_sharing_enabled":true,"_links":{"self":[{"href":"https:\/\/raifetas.lt\/ru\/wp-json\/wp\/v2\/product\/4180","targetHints":{"allow":["GET"]}}],"collection":[{"href":"https:\/\/raifetas.lt\/ru\/wp-json\/wp\/v2\/product"}],"about":[{"href":"https:\/\/raifetas.lt\/ru\/wp-json\/wp\/v2\/types\/product"}],"wp:featuredmedia":[{"embeddable":true,"href":"https:\/\/raifetas.lt\/ru\/wp-json\/wp\/v2\/media\/4171"}],"wp:attachment":[{"href":"https:\/\/raifetas.lt\/ru\/wp-json\/wp\/v2\/media?parent=4180"}],"wp:term":[{"taxonomy":"product_brand","embeddable":true,"href":"https:\/\/raifetas.lt\/ru\/wp-json\/wp\/v2\/product_brand?post=4180"},{"taxonomy":"product_cat","embeddable":true,"href":"https:\/\/raifetas.lt\/ru\/wp-json\/wp\/v2\/product_cat?post=4180"},{"taxonomy":"product_tag","embeddable":true,"href":"https:\/\/raifetas.lt\/ru\/wp-json\/wp\/v2\/product_tag?post=4180"}],"curies":[{"name":"wp","href":"https:\/\/api.w.org\/{rel}","templated":true}]}}