{"id":4167,"date":"2025-12-19T08:50:33","date_gmt":"2025-12-19T08:50:33","guid":{"rendered":"https:\/\/raifetas.lt\/?post_type=product&#038;p=4167"},"modified":"2025-12-19T08:53:32","modified_gmt":"2025-12-19T08:53:32","slug":"crosswind-cw-ht02-245-70-r17-5","status":"publish","type":"product","link":"https:\/\/raifetas.lt\/ru\/product\/crosswind-cw-ht02-245-70-r17-5\/","title":{"rendered":"Crosswind CW-HT02 245\/70 R17.5"},"content":{"rendered":"<p><strong>CrossWind CW-LT01<\/strong> \u2013 patikimos ir ekonomi\u0161kos priekab\u0173\/puspriekabi\u0173 (trailer-a\u0161ies) padangos, skirtos regioniniam ir tolimojo eismo transportui. Modelis yra pa\u017eym\u0117tas 3PMSF, tod\u0117l tinkamas ir \u017eiemos s\u0105lygoms; optimizuotas protektoriaus ra\u0161tas ir konstrukcija u\u017etikrina stabil\u0173 ried\u0117jim\u0105, ger\u0105 sukibim\u0105 ir palank\u0173 degal\u0173 s\u0105naud\u0173 bei eksploatacijos s\u0105naud\u0173 balans\u0105.<br \/>\n<strong>CrossWind \u2013 \u201eShandong Linglong Tire Co., Ltd.<\/strong> prek\u0117s \u017eenklas, priklausantis vienam did\u017eiausi\u0173 Kinijos padang\u0173 gamintoj\u0173, veikian\u010diam nuo 1975 m. ir eksportuojan\u010diam padangas vilkikams, autobusams ir komerciniam transportui \u012f daugiau nei 180 \u0161ali\u0173.&#8221;\t<\/p>","protected":false},"excerpt":{"rendered":"<p>Kaina nurodyta be PVM.<\/p>\n<p><strong>U\u017epildykite apa\u010dioje esan\u010dia form\u0105 ir su Jumis susisieksime.<\/strong><br \/>\n[wpforms id=\"1501\" title=\"false\"]<\/p>\n<p>Norint u\u017esakyti susisiekite:<br \/>\nTel.: +37068494498<br \/>\nWhatsApp: +37068494498<br \/>\nEl. pa\u0161tas: pardavimai@raifetas.lt<\/p>\n<p><strong>Montavimas, balansavimas ir remontas<\/strong><br \/>\nTel.: +37061429447<br \/>\nMontavimas adresu: Vytauto g. 2K, Garliava, Kauno rajonas<\/p>\n","protected":false},"featured_media":4163,"template":"","meta":[],"product_brand":[],"product_cat":[18],"product_tag":[],"class_list":{"0":"post-4167","1":"product","2":"type-product","3":"status-publish","4":"has-post-thumbnail","6":"product_cat-sunkvezimiu_padangos","8":"first","9":"outofstock","10":"taxable","11":"shipping-taxable","12":"purchasable","13":"product-type-simple"},"acf":[],"jetpack_sharing_enabled":true,"_links":{"self":[{"href":"https:\/\/raifetas.lt\/ru\/wp-json\/wp\/v2\/product\/4167","targetHints":{"allow":["GET"]}}],"collection":[{"href":"https:\/\/raifetas.lt\/ru\/wp-json\/wp\/v2\/product"}],"about":[{"href":"https:\/\/raifetas.lt\/ru\/wp-json\/wp\/v2\/types\/product"}],"wp:featuredmedia":[{"embeddable":true,"href":"https:\/\/raifetas.lt\/ru\/wp-json\/wp\/v2\/media\/4163"}],"wp:attachment":[{"href":"https:\/\/raifetas.lt\/ru\/wp-json\/wp\/v2\/media?parent=4167"}],"wp:term":[{"taxonomy":"product_brand","embeddable":true,"href":"https:\/\/raifetas.lt\/ru\/wp-json\/wp\/v2\/product_brand?post=4167"},{"taxonomy":"product_cat","embeddable":true,"href":"https:\/\/raifetas.lt\/ru\/wp-json\/wp\/v2\/product_cat?post=4167"},{"taxonomy":"product_tag","embeddable":true,"href":"https:\/\/raifetas.lt\/ru\/wp-json\/wp\/v2\/product_tag?post=4167"}],"curies":[{"name":"wp","href":"https:\/\/api.w.org\/{rel}","templated":true}]}}