{"id":4152,"date":"2025-12-09T08:57:43","date_gmt":"2025-12-09T08:57:43","guid":{"rendered":"https:\/\/raifetas.lt\/?post_type=product&#038;p=4152"},"modified":"2025-12-09T09:00:56","modified_gmt":"2025-12-09T09:00:56","slug":"blacklion-bt188-445-45-r19-5-14mm","status":"publish","type":"product","link":"https:\/\/raifetas.lt\/ru\/product\/blacklion-bt188-445-45-r19-5-14mm\/","title":{"rendered":"Balcklion BT188 445\/45 R19.5 (14mm)"},"content":{"rendered":"","protected":false},"excerpt":{"rendered":"<p>Kaina nurodyta u\u017e vien\u0105 padang\u0105 be PVM.<br \/>\n<strong>Komplekto kaina (2vnt) : 340 \u20ac + PVM<\/strong><\/p>\n<p>Vietoje montuojame, balansuojame ir remontuojame padangas.<br \/>\nMontavimo paslaugos: +37061429447<br \/>\nPristatome visoje Lietuvoje.<\/p>\n<p>Norint u\u017esakyti skambinti +37068494498 arba ra\u0161yti: pardavimai@raifetas.lt<\/p>\n<p><strong>Taip pat galite u\u017epildyti apa\u010dioje esan\u010dia form\u0105 ir pateiksime Jums pasi\u016blym\u0105.<\/strong><br \/>\n[wpforms id=\"1501\" title=\"false\"]<\/p>\n","protected":false},"featured_media":4153,"template":"","meta":[],"product_brand":[],"product_cat":[199],"product_tag":[],"class_list":{"0":"post-4152","1":"product","2":"type-product","3":"status-publish","4":"has-post-thumbnail","6":"product_cat-naudotos_lkw","8":"first","9":"outofstock","10":"taxable","11":"shipping-taxable","12":"purchasable","13":"product-type-simple"},"acf":[],"jetpack_sharing_enabled":true,"_links":{"self":[{"href":"https:\/\/raifetas.lt\/ru\/wp-json\/wp\/v2\/product\/4152","targetHints":{"allow":["GET"]}}],"collection":[{"href":"https:\/\/raifetas.lt\/ru\/wp-json\/wp\/v2\/product"}],"about":[{"href":"https:\/\/raifetas.lt\/ru\/wp-json\/wp\/v2\/types\/product"}],"wp:featuredmedia":[{"embeddable":true,"href":"https:\/\/raifetas.lt\/ru\/wp-json\/wp\/v2\/media\/4153"}],"wp:attachment":[{"href":"https:\/\/raifetas.lt\/ru\/wp-json\/wp\/v2\/media?parent=4152"}],"wp:term":[{"taxonomy":"product_brand","embeddable":true,"href":"https:\/\/raifetas.lt\/ru\/wp-json\/wp\/v2\/product_brand?post=4152"},{"taxonomy":"product_cat","embeddable":true,"href":"https:\/\/raifetas.lt\/ru\/wp-json\/wp\/v2\/product_cat?post=4152"},{"taxonomy":"product_tag","embeddable":true,"href":"https:\/\/raifetas.lt\/ru\/wp-json\/wp\/v2\/product_tag?post=4152"}],"curies":[{"name":"wp","href":"https:\/\/api.w.org\/{rel}","templated":true}]}}