{"id":3981,"date":"2025-12-03T16:21:03","date_gmt":"2025-12-03T16:21:03","guid":{"rendered":"https:\/\/raifetas.lt\/?post_type=product&#038;p=3981"},"modified":"2025-12-03T16:22:48","modified_gmt":"2025-12-03T16:22:48","slug":"continental-conti-hybrid-ht3-445-45-r19-5","status":"publish","type":"product","link":"https:\/\/raifetas.lt\/ru\/product\/continental-conti-hybrid-ht3-445-45-r19-5\/","title":{"rendered":"Continental Conti Hybrid HT3+ 445\/45 R19.5"},"content":{"rendered":"<p><strong>&#8222;Continental\u202fConti\u202fHybrid\u202fHT3+<\/strong> \u2013 patikimos priekab\u0173 ir puspriekabi\u0173 padangos, skirtos regioniniam ir tarpmiestiniam krovininiam transportui visomis met\u0173 laikais. Naujas protektoriaus ra\u0161tas ir pa\u017eangus gumos mi\u0161inys u\u017etikrina ilg\u0105 rid\u0105, ger\u0105 sukibim\u0105 \u0161lapioje bei snieguotoje kelio dangoje ir ma\u017eesnes eksploatacines s\u0105naudas.<br \/>\n<strong>Continental<\/strong> \u2013 Vokietijos kilm\u0117s tarptautin\u0117 padang\u0173 gamybos \u012fmon\u0117, lyderiaujanti komercini\u0173 transporto priemoni\u0173 padang\u0173 rinkoje, aktyviai investuojanti \u012f inovacijas, ilgaam\u017ei\u0161kum\u0105 ir ekologinius sprendimus. Continental padangos, pla\u010diai naudojamos tiek regioninio, tiek tolimojo transporto segmentuose, si\u016blant auk\u0161t\u0105 kokyb\u0119 ir patikimum\u0105 sunkve\u017eimiams ir vilkikams.&#8221;\t\t\t\t\t\t\t\t<\/p>","protected":false},"excerpt":{"rendered":"<p><strong>U\u017epildykite apa\u010dioje esan\u010dia form\u0105 ir pateiksime Jums pasi\u016blym\u0105.<\/strong><br \/>\n[wpforms id=\"1501\" title=\"false\"]<\/p>\n<p>Norint u\u017esakyti susisiekite:<br \/>\nTel.: +37068494498<br \/>\nWhatsApp: +37068494498<br \/>\nEl. pa\u0161tas: pardavimai@raifetas.lt<\/p>\n<p><strong>Montavimas, balansavimas ir remontas<\/strong><br \/>\nTel.: +37061429447<br \/>\nMontavimas adresu: Vytauto g. 2K, Garliava, Kauno rajonas<\/p>\n","protected":false},"featured_media":3982,"template":"","meta":[],"product_brand":[],"product_cat":[18],"product_tag":[],"class_list":{"0":"post-3981","1":"product","2":"type-product","3":"status-publish","4":"has-post-thumbnail","6":"product_cat-sunkvezimiu_padangos","8":"first","9":"outofstock","10":"taxable","11":"shipping-taxable","12":"product-type-simple"},"acf":[],"jetpack_sharing_enabled":true,"_links":{"self":[{"href":"https:\/\/raifetas.lt\/ru\/wp-json\/wp\/v2\/product\/3981","targetHints":{"allow":["GET"]}}],"collection":[{"href":"https:\/\/raifetas.lt\/ru\/wp-json\/wp\/v2\/product"}],"about":[{"href":"https:\/\/raifetas.lt\/ru\/wp-json\/wp\/v2\/types\/product"}],"wp:featuredmedia":[{"embeddable":true,"href":"https:\/\/raifetas.lt\/ru\/wp-json\/wp\/v2\/media\/3982"}],"wp:attachment":[{"href":"https:\/\/raifetas.lt\/ru\/wp-json\/wp\/v2\/media?parent=3981"}],"wp:term":[{"taxonomy":"product_brand","embeddable":true,"href":"https:\/\/raifetas.lt\/ru\/wp-json\/wp\/v2\/product_brand?post=3981"},{"taxonomy":"product_cat","embeddable":true,"href":"https:\/\/raifetas.lt\/ru\/wp-json\/wp\/v2\/product_cat?post=3981"},{"taxonomy":"product_tag","embeddable":true,"href":"https:\/\/raifetas.lt\/ru\/wp-json\/wp\/v2\/product_tag?post=3981"}],"curies":[{"name":"wp","href":"https:\/\/api.w.org\/{rel}","templated":true}]}}