{"id":3968,"date":"2025-12-03T13:33:46","date_gmt":"2025-12-03T13:33:46","guid":{"rendered":"https:\/\/raifetas.lt\/?post_type=product&#038;p=3968"},"modified":"2025-12-03T13:39:53","modified_gmt":"2025-12-03T13:39:53","slug":"michelin-xte2-245-70-r19-5","status":"publish","type":"product","link":"https:\/\/raifetas.lt\/ru\/product\/michelin-xte2-245-70-r19-5\/","title":{"rendered":"Michelin XTE2 245\/70 R19.5"},"content":{"rendered":"<p><strong>Michelin XTE2 <\/strong>\u2013 tvirtos ir ilgaam\u017e\u0117s priekab\u0173 (\u201etrailer\u201c) padangos, sukurtos regioniniam ir tolimojo eismo transportui. Dvigubo mi\u0161inio protektorius (\u201edual-compound\u201c) kartu su giliomis, pla\u010diais grioveliais ir stipria karkaso konstrukcija u\u017etikrina vienod\u0105 d\u0117v\u0117jim\u0105si, efektyv\u0173 vandens i\u0161st\u016bmim\u0105 ir ger\u0105 sukibim\u0105 net dr\u0117gnomis oro s\u0105lygomis; padangos taip pat pasi\u017eymi ma\u017eesniu ried\u0117jimo pasiprie\u0161inimu ir optimizuotu degal\u0173 s\u0105naud\u0173 balansavimu.<br \/>\n <strong>Michelin<\/strong> \u2013 tarptautin\u0117 padang\u0173 gamybos lyder\u0117, \u012fkurta 1889\u202fm. Pranc\u016bzijoje, veikianti daugiau nei 170 \u0161ali\u0173. \u012emon\u0117 gars\u0117ja inovacijomis, auk\u0161\u010diausia kokybe ir ilgaam\u017ei\u0161kumu, si\u016blydama komercini\u0173 transporto priemoni\u0173 padangas, kurios u\u017etikrina saugum\u0105, patikimum\u0105 ir efektyvum\u0105 sunkve\u017eimiams, vilkikams ir autobusams visame pasaulyje. \t\t\t\t\t\t\t\t<\/p>","protected":false},"excerpt":{"rendered":"<p><strong>U\u017epildykite apa\u010dioje esan\u010dia form\u0105 ir pateiksime Jums pasi\u016blym\u0105.<\/strong><br \/>\n[wpforms id=\"1501\" title=\"false\"]<\/p>\n<p>Norint u\u017esakyti susisiekite:<br \/>\nTel.: +37068494498<br \/>\nWhatsApp: +37068494498<br \/>\nEl. pa\u0161tas: pardavimai@raifetas.lt<\/p>\n<p><strong>Montavimas, balansavimas ir remontas<\/strong><br \/>\nTel.: +37061429447<br \/>\nMontavimas adresu: Vytauto g. 2K, Garliava, Kauno rajonas<\/p>\n","protected":false},"featured_media":3969,"template":"","meta":[],"product_brand":[],"product_cat":[18],"product_tag":[],"class_list":{"0":"post-3968","1":"product","2":"type-product","3":"status-publish","4":"has-post-thumbnail","6":"product_cat-sunkvezimiu_padangos","8":"first","9":"outofstock","10":"taxable","11":"shipping-taxable","12":"product-type-simple"},"acf":[],"jetpack_sharing_enabled":true,"_links":{"self":[{"href":"https:\/\/raifetas.lt\/ru\/wp-json\/wp\/v2\/product\/3968","targetHints":{"allow":["GET"]}}],"collection":[{"href":"https:\/\/raifetas.lt\/ru\/wp-json\/wp\/v2\/product"}],"about":[{"href":"https:\/\/raifetas.lt\/ru\/wp-json\/wp\/v2\/types\/product"}],"wp:featuredmedia":[{"embeddable":true,"href":"https:\/\/raifetas.lt\/ru\/wp-json\/wp\/v2\/media\/3969"}],"wp:attachment":[{"href":"https:\/\/raifetas.lt\/ru\/wp-json\/wp\/v2\/media?parent=3968"}],"wp:term":[{"taxonomy":"product_brand","embeddable":true,"href":"https:\/\/raifetas.lt\/ru\/wp-json\/wp\/v2\/product_brand?post=3968"},{"taxonomy":"product_cat","embeddable":true,"href":"https:\/\/raifetas.lt\/ru\/wp-json\/wp\/v2\/product_cat?post=3968"},{"taxonomy":"product_tag","embeddable":true,"href":"https:\/\/raifetas.lt\/ru\/wp-json\/wp\/v2\/product_tag?post=3968"}],"curies":[{"name":"wp","href":"https:\/\/api.w.org\/{rel}","templated":true}]}}