{"id":3962,"date":"2025-12-03T13:19:30","date_gmt":"2025-12-03T13:19:30","guid":{"rendered":"https:\/\/raifetas.lt\/?post_type=product&#038;p=3962"},"modified":"2025-12-03T13:27:42","modified_gmt":"2025-12-03T13:27:42","slug":"sava-cargo-4-245-70-r19-5","status":"publish","type":"product","link":"https:\/\/raifetas.lt\/ru\/product\/sava-cargo-4-245-70-r19-5\/","title":{"rendered":"Sava Cargo 4 245\/70 R19.5"},"content":{"rendered":"<p>&#8222;Sava Cargo 4 \u2013 patikimos ir ekonomi\u0161kos priekab\u0173 (\u201etrailer\u201c) a\u0161iai skirtos krovinin\u0117s padangos, puikiai pritaikytos regioniniam ir tarpmiestiniam transportui. Optimizuotas protektoriaus ra\u0161tas su susitelkusiais centriniais briaunomis u\u017etikrina vienod\u0105 dilim\u0105, ma\u017e\u0105 ried\u0117jimo pasiprie\u0161inim\u0105 ir efektyv\u0173 degal\u0173 s\u0105naud\u0173 valdym\u0105, o padidinta keliamoji galia ir geras sukibimas \u0161lapiomis s\u0105lygomis padeda saugiai ir stabiliai va\u017eiuoti.<br \/>\nSava \u2013 Europos padang\u0173 gamintoja, veikianti nuo 1920-\u0173j\u0173, \u017einoma d\u0117l tvirt\u0173, patikim\u0173 ir ekonomi\u0161k\u0173 padang\u0173. \u012emon\u0117 priklauso Goodyear grupei, tod\u0117l jos produktai atitinka auk\u0161tus kokyb\u0117s ir technologij\u0173 standartus, taikomus tarptautiniu mastu.&#8221;\t\t\t\t\t\t\t\t\t<\/p>","protected":false},"excerpt":{"rendered":"<p><strong>U\u017epildykite apa\u010dioje esan\u010dia form\u0105 ir pateiksime Jums pasi\u016blym\u0105.<\/strong><br \/>\n[wpforms id=\"1501\" title=\"false\"]<\/p>\n<p>Norint u\u017esakyti susisiekite:<br \/>\nTel.: +37068494498<br \/>\nWhatsApp: +37068494498<br \/>\nEl. pa\u0161tas: pardavimai@raifetas.lt<\/p>\n<p><strong>Montavimas, balansavimas ir remontas<\/strong><br \/>\nTel.: +37061429447<br \/>\nMontavimas adresu: Vytauto g. 2K, Garliava, Kauno rajonas<\/p>\n","protected":false},"featured_media":3963,"template":"","meta":[],"product_brand":[],"product_cat":[18],"product_tag":[],"class_list":{"0":"post-3962","1":"product","2":"type-product","3":"status-publish","4":"has-post-thumbnail","6":"product_cat-sunkvezimiu_padangos","8":"first","9":"outofstock","10":"taxable","11":"shipping-taxable","12":"product-type-simple"},"acf":[],"jetpack_sharing_enabled":true,"_links":{"self":[{"href":"https:\/\/raifetas.lt\/ru\/wp-json\/wp\/v2\/product\/3962","targetHints":{"allow":["GET"]}}],"collection":[{"href":"https:\/\/raifetas.lt\/ru\/wp-json\/wp\/v2\/product"}],"about":[{"href":"https:\/\/raifetas.lt\/ru\/wp-json\/wp\/v2\/types\/product"}],"wp:featuredmedia":[{"embeddable":true,"href":"https:\/\/raifetas.lt\/ru\/wp-json\/wp\/v2\/media\/3963"}],"wp:attachment":[{"href":"https:\/\/raifetas.lt\/ru\/wp-json\/wp\/v2\/media?parent=3962"}],"wp:term":[{"taxonomy":"product_brand","embeddable":true,"href":"https:\/\/raifetas.lt\/ru\/wp-json\/wp\/v2\/product_brand?post=3962"},{"taxonomy":"product_cat","embeddable":true,"href":"https:\/\/raifetas.lt\/ru\/wp-json\/wp\/v2\/product_cat?post=3962"},{"taxonomy":"product_tag","embeddable":true,"href":"https:\/\/raifetas.lt\/ru\/wp-json\/wp\/v2\/product_tag?post=3962"}],"curies":[{"name":"wp","href":"https:\/\/api.w.org\/{rel}","templated":true}]}}