{"id":3725,"date":"2025-08-25T19:18:23","date_gmt":"2025-08-25T19:18:23","guid":{"rendered":"https:\/\/raifetas.lt\/?post_type=product&#038;p=3725"},"modified":"2025-08-25T19:21:29","modified_gmt":"2025-08-25T19:21:29","slug":"hankook-smartflex-dh-31-315-70-r22-5-18mm","status":"publish","type":"product","link":"https:\/\/raifetas.lt\/ru\/product\/hankook-smartflex-dh-31-315-70-r22-5-18mm\/","title":{"rendered":"Hankook SmartFlex DH 31 315\/70 R22.5 (18mm)"},"content":{"rendered":"","protected":false},"excerpt":{"rendered":"<p>Kaina nurodyta u\u017e vien\u0105 padang\u0105 be PVM.<\/p>\n<p>Vietoje montuojame, balansuojame ir remontuojame padangas.<br \/>\nMontavimo paslaugos: +37061429447<br \/>\nPristatome visoje Lietuvoje.<\/p>\n<p>Norint u\u017esakyti skambinti +37068494498 arba ra\u0161yti: pardavimai@raifetas.lt<\/p>\n<p>Taip pat galite u\u017epildyti apa\u010dioje esan\u010dia form\u0105 ir pateiksime Jums pasi\u016blym\u0105.<br \/>\n[wpforms id=\"1501\" title=\"false\"]<\/p>\n","protected":false},"featured_media":3726,"template":"","meta":[],"product_brand":[],"product_cat":[199],"product_tag":[],"class_list":{"0":"post-3725","1":"product","2":"type-product","3":"status-publish","4":"has-post-thumbnail","6":"product_cat-naudotos_lkw","8":"first","9":"outofstock","10":"taxable","11":"shipping-taxable","12":"purchasable","13":"product-type-simple"},"acf":[],"jetpack_sharing_enabled":true,"_links":{"self":[{"href":"https:\/\/raifetas.lt\/ru\/wp-json\/wp\/v2\/product\/3725","targetHints":{"allow":["GET"]}}],"collection":[{"href":"https:\/\/raifetas.lt\/ru\/wp-json\/wp\/v2\/product"}],"about":[{"href":"https:\/\/raifetas.lt\/ru\/wp-json\/wp\/v2\/types\/product"}],"wp:featuredmedia":[{"embeddable":true,"href":"https:\/\/raifetas.lt\/ru\/wp-json\/wp\/v2\/media\/3726"}],"wp:attachment":[{"href":"https:\/\/raifetas.lt\/ru\/wp-json\/wp\/v2\/media?parent=3725"}],"wp:term":[{"taxonomy":"product_brand","embeddable":true,"href":"https:\/\/raifetas.lt\/ru\/wp-json\/wp\/v2\/product_brand?post=3725"},{"taxonomy":"product_cat","embeddable":true,"href":"https:\/\/raifetas.lt\/ru\/wp-json\/wp\/v2\/product_cat?post=3725"},{"taxonomy":"product_tag","embeddable":true,"href":"https:\/\/raifetas.lt\/ru\/wp-json\/wp\/v2\/product_tag?post=3725"}],"curies":[{"name":"wp","href":"https:\/\/api.w.org\/{rel}","templated":true}]}}