{"id":3713,"date":"2025-08-25T18:45:02","date_gmt":"2025-08-25T18:45:02","guid":{"rendered":"https:\/\/raifetas.lt\/?post_type=product&#038;p=3713"},"modified":"2025-08-25T18:47:48","modified_gmt":"2025-08-25T18:47:48","slug":"michelin-xde-2plus-275-70-r22-5-15mm","status":"publish","type":"product","link":"https:\/\/raifetas.lt\/ru\/product\/michelin-xde-2plus-275-70-r22-5-15mm\/","title":{"rendered":"Michelin XDE 2+ 275\/70 R22.5 (15mm)"},"content":{"rendered":"","protected":false},"excerpt":{"rendered":"<p>Kaina nurodyta u\u017e vien\u0105 padang\u0105 be PVM.<br \/>\nKomplekto kaina (4vnt): 600\u20ac + PVM<\/p>\n<p>Vietoje montuojame, balansuojame ir remontuojame padangas.<br \/>\nMontavimo paslaugos: +37061429447<br \/>\nPristatome visoje Lietuvoje.<\/p>\n<p>Norint u\u017esakyti skambinti +37068494498 arba ra\u0161yti: pardavimai@raifetas.lt<\/p>\n<p>Taip pat galite u\u017epildyti apa\u010dioje esan\u010dia form\u0105 ir pateiksime Jums pasi\u016blym\u0105.<br \/>\n[wpforms id=\"1501\" title=\"false\"]<\/p>\n","protected":false},"featured_media":3714,"template":"","meta":[],"product_brand":[],"product_cat":[199],"product_tag":[],"class_list":{"0":"post-3713","1":"product","2":"type-product","3":"status-publish","4":"has-post-thumbnail","6":"product_cat-naudotos_lkw","8":"first","9":"outofstock","10":"taxable","11":"shipping-taxable","12":"purchasable","13":"product-type-simple"},"acf":[],"jetpack_sharing_enabled":true,"_links":{"self":[{"href":"https:\/\/raifetas.lt\/ru\/wp-json\/wp\/v2\/product\/3713","targetHints":{"allow":["GET"]}}],"collection":[{"href":"https:\/\/raifetas.lt\/ru\/wp-json\/wp\/v2\/product"}],"about":[{"href":"https:\/\/raifetas.lt\/ru\/wp-json\/wp\/v2\/types\/product"}],"wp:featuredmedia":[{"embeddable":true,"href":"https:\/\/raifetas.lt\/ru\/wp-json\/wp\/v2\/media\/3714"}],"wp:attachment":[{"href":"https:\/\/raifetas.lt\/ru\/wp-json\/wp\/v2\/media?parent=3713"}],"wp:term":[{"taxonomy":"product_brand","embeddable":true,"href":"https:\/\/raifetas.lt\/ru\/wp-json\/wp\/v2\/product_brand?post=3713"},{"taxonomy":"product_cat","embeddable":true,"href":"https:\/\/raifetas.lt\/ru\/wp-json\/wp\/v2\/product_cat?post=3713"},{"taxonomy":"product_tag","embeddable":true,"href":"https:\/\/raifetas.lt\/ru\/wp-json\/wp\/v2\/product_tag?post=3713"}],"curies":[{"name":"wp","href":"https:\/\/api.w.org\/{rel}","templated":true}]}}