{"id":3551,"date":"2025-06-10T07:51:46","date_gmt":"2025-06-10T07:51:46","guid":{"rendered":"https:\/\/raifetas.lt\/?post_type=product&#038;p=3551"},"modified":"2025-12-02T14:22:51","modified_gmt":"2025-12-02T14:22:51","slug":"sailun-sdr1-315-80-r22-5-2","status":"publish","type":"product","link":"https:\/\/raifetas.lt\/ru\/product\/sailun-sdr1-315-80-r22-5-2\/","title":{"rendered":"Sailun SDR1 315\/80 R22.5"},"content":{"rendered":"<p><strong>Sailun SDR1<\/strong> \u2013 patikimos ir ilgaam\u017e\u0117s krovinin\u0117s padangos sunkve\u017eimiams, vilkikams ir autobusams, skirtos vairuojamosioms a\u0161ims. Modernus protektoriaus ra\u0161tas su \u0161e\u0161iomis tarpusavyje integruotomis blok\u0173 eil\u0117mis u\u017etikrina ger\u0105 sukibim\u0105, tolyg\u0173 d\u0117v\u0117jim\u0105si ir stabil\u0173 va\u017eiavim\u0105 \u012fvairiomis kelio bei oro s\u0105lygomis.<br \/>\n<strong>Sailun Tire<\/strong> \u2013 tarptautin\u0117 padang\u0173 gamybos \u012fmon\u0117, \u012fkurta 2002\u202fm., Kinijoje. \u012emon\u0117 specializuojasi \u012fvairi\u0173 segment\u0173 padangose, \u012fskaitant sunkve\u017eimi\u0173, vilkik\u0173, autobus\u0173 ir lengv\u0173j\u0173 automobili\u0173 padangas, bei eksportuoja produkcij\u0105 \u012f daugiau nei 130 \u0161ali\u0173. Sailun investuoja \u012f modernias gamybos technologijas, kokyb\u0117s kontrol\u0119 ir inovacijas, siekdama u\u017etikrinti patikim\u0105, saug\u0173 ir ekonomi\u0161k\u0105 transporto sprendim\u0105 tiek regioniniam, tiek tarptautiniam transportui.<\/p>","protected":false},"excerpt":{"rendered":"<p><strong>U\u017epildykite apa\u010dioje esan\u010dia form\u0105 ir pateiksime Jums pasi\u016blym\u0105.<\/strong><br \/>\n[wpforms id=\"1501\" title=\"false\"]<\/p>\n<p>Norint u\u017esakyti susisiekite:<br \/>\nTel.: +37068494498<br \/>\nWhatsApp: +37068494498<br \/>\nEl. pa\u0161tas: pardavimai@raifetas.lt<\/p>\n<p><strong>Montavimas, balansavimas ir remontas<\/strong><br \/>\nTel.: +37061429447<br \/>\nMontavimas adresu: Vytauto g. 2K, Garliava, Kauno rajonas<\/p>\n","protected":false},"featured_media":3376,"template":"","meta":[],"product_brand":[],"product_cat":[18],"product_tag":[],"class_list":{"0":"post-3551","1":"product","2":"type-product","3":"status-publish","4":"has-post-thumbnail","6":"product_cat-sunkvezimiu_padangos","8":"first","9":"outofstock","10":"taxable","11":"shipping-taxable","12":"product-type-simple"},"acf":[],"jetpack_sharing_enabled":true,"_links":{"self":[{"href":"https:\/\/raifetas.lt\/ru\/wp-json\/wp\/v2\/product\/3551","targetHints":{"allow":["GET"]}}],"collection":[{"href":"https:\/\/raifetas.lt\/ru\/wp-json\/wp\/v2\/product"}],"about":[{"href":"https:\/\/raifetas.lt\/ru\/wp-json\/wp\/v2\/types\/product"}],"wp:featuredmedia":[{"embeddable":true,"href":"https:\/\/raifetas.lt\/ru\/wp-json\/wp\/v2\/media\/3376"}],"wp:attachment":[{"href":"https:\/\/raifetas.lt\/ru\/wp-json\/wp\/v2\/media?parent=3551"}],"wp:term":[{"taxonomy":"product_brand","embeddable":true,"href":"https:\/\/raifetas.lt\/ru\/wp-json\/wp\/v2\/product_brand?post=3551"},{"taxonomy":"product_cat","embeddable":true,"href":"https:\/\/raifetas.lt\/ru\/wp-json\/wp\/v2\/product_cat?post=3551"},{"taxonomy":"product_tag","embeddable":true,"href":"https:\/\/raifetas.lt\/ru\/wp-json\/wp\/v2\/product_tag?post=3551"}],"curies":[{"name":"wp","href":"https:\/\/api.w.org\/{rel}","templated":true}]}}