{"id":3476,"date":"2025-05-26T08:47:29","date_gmt":"2025-05-26T08:47:29","guid":{"rendered":"https:\/\/raifetas.lt\/?post_type=product&#038;p=3476"},"modified":"2025-11-07T11:32:21","modified_gmt":"2025-11-07T11:32:21","slug":"bridgestone-ecopia-steer-385-55-r22-5","status":"publish","type":"product","link":"https:\/\/raifetas.lt\/ru\/product\/bridgestone-ecopia-steer-385-55-r22-5\/","title":{"rendered":"Bridgestone Ecopia Steer 385\/55 R22.5"},"content":{"rendered":"<p><strong>Bridgestone\u202fEcopia\u202fSteer<\/strong> \u2013 auk\u0161\u010diausios klas\u0117s vairuojamosios a\u0161ies krovinin\u0117s padangos, sukurtos transporto parkams, siekiantiems ma\u017einti degal\u0173 s\u0105naudas ir eksploatavimo ka\u0161tus. Sumontuotos \u201eNanoPro Tech\u2122\u201c gumos technologijos ir \u201eLow\u202fEnergy Pattern\u201c protektoriaus konstrukcija ma\u017eina ried\u0117jimo pasiprie\u0161inim\u0105 bei u\u017etikrina iki 8\u202f% ma\u017eesn\u012f energijos nuostol\u012f ir didesn\u012f rid\u0105.<br \/>\n<strong>Bridgestone<\/strong> \u2013 pasaulin\u0117 padang\u0173 gamybos lyder\u0117, gaminanti auk\u0161tos kokyb\u0117s padangas sunkve\u017eimiams ir vilkikams su pa\u017eangiausiomis technologijomis, orientuotomis \u012f saugum\u0105, efektyvum\u0105 ir ilg\u0105 tarnavimo laik\u0105.<\/p>","protected":false},"excerpt":{"rendered":"<p>Kaina nurodyta be PVM.<\/p>\n<p><strong>U\u017epildykite apa\u010dioje esan\u010dia form\u0105 ir su Jumis susisieksime.<\/strong><br \/>\n[wpforms id=\"1501\" title=\"false\"]<\/p>\n<p>Norint u\u017esakyti susisiekite:<br \/>\nTel.: +37068494498<br \/>\nWhatsApp: +37068494498<br \/>\nEl. pa\u0161tas: pardavimai@raifetas.lt<\/p>\n<p><strong>Montavimas, balansavimas ir remontas<\/strong><br \/>\nTel.: +37061429447<br \/>\nMontavimas adresu: Vytauto g. 2K, Garliava, Kauno rajonas<\/p>\n","protected":false},"featured_media":0,"template":"","meta":[],"product_brand":[],"product_cat":[18],"product_tag":[],"class_list":{"0":"post-3476","1":"product","2":"type-product","3":"status-publish","5":"product_cat-sunkvezimiu_padangos","7":"first","8":"outofstock","9":"sale","10":"taxable","11":"shipping-taxable","12":"purchasable","13":"product-type-simple"},"acf":[],"jetpack_sharing_enabled":true,"_links":{"self":[{"href":"https:\/\/raifetas.lt\/ru\/wp-json\/wp\/v2\/product\/3476","targetHints":{"allow":["GET"]}}],"collection":[{"href":"https:\/\/raifetas.lt\/ru\/wp-json\/wp\/v2\/product"}],"about":[{"href":"https:\/\/raifetas.lt\/ru\/wp-json\/wp\/v2\/types\/product"}],"wp:attachment":[{"href":"https:\/\/raifetas.lt\/ru\/wp-json\/wp\/v2\/media?parent=3476"}],"wp:term":[{"taxonomy":"product_brand","embeddable":true,"href":"https:\/\/raifetas.lt\/ru\/wp-json\/wp\/v2\/product_brand?post=3476"},{"taxonomy":"product_cat","embeddable":true,"href":"https:\/\/raifetas.lt\/ru\/wp-json\/wp\/v2\/product_cat?post=3476"},{"taxonomy":"product_tag","embeddable":true,"href":"https:\/\/raifetas.lt\/ru\/wp-json\/wp\/v2\/product_tag?post=3476"}],"curies":[{"name":"wp","href":"https:\/\/api.w.org\/{rel}","templated":true}]}}