{"id":3465,"date":"2025-05-23T13:37:32","date_gmt":"2025-05-23T13:37:32","guid":{"rendered":"https:\/\/raifetas.lt\/?post_type=product&#038;p=3465"},"modified":"2025-12-02T13:39:45","modified_gmt":"2025-12-02T13:39:45","slug":"firestone-fd-833-315-80-r22-5","status":"publish","type":"product","link":"https:\/\/raifetas.lt\/ru\/product\/firestone-fd-833-315-80-r22-5\/","title":{"rendered":"Firestone FD 833 315\/80 R22.5"},"content":{"rendered":"<p><strong> Firestone FD\u202f833<\/strong> \u2013 tvirtos ir patikimos varan\u010diosios a\u0161ies padangos sunkve\u017eimiams, skirtos intensyviai on\u2011\/off\u2011road eksploatacijai. Gili ir pla\u010di\u0173 blok\u0173 protektoriaus konstrukcija bei sustiprinta karkaso strukt\u016bra u\u017etikrina puik\u0173 sukibim\u0105 ant purvo, kelio ir \u017evyrkeli\u0173, atsparum\u0105 pj\u016bviams ir pa\u017eeidimams bei ilg\u0105 tarnavimo laik\u0105 net sud\u0117tingomis s\u0105lygomis. Be to, padangos turi M+S ir 3PMSF \u017eym\u0117jimus \u2013 tinka naudoti ir \u0161lapiomis, ir snieguotomis s\u0105lygomis.<br \/>\n<strong>Firestone<\/strong> priklauso pasaulinei Bridgestone korporacijai \u2013 vienam lyderiaujan\u010di\u0173 padang\u0173 gamintoj\u0173 pasaulyje, orientuotam \u012f inovacijas, efektyvum\u0105 ir tvarum\u0105 sunkve\u017eimi\u0173 transporto segmentuose. Firestone padangos yra pla\u010diai naudojamos tiek regioniniam, tiek tarptautiniam transportui.\t\t\t\t\t\t\t\t<\/p>","protected":false},"excerpt":{"rendered":"<p><strong>U\u017epildykite apa\u010dioje esan\u010dia form\u0105 ir pateiksime Jums pasi\u016blym\u0105.<\/strong><br \/>\n[wpforms id=\"1501\" title=\"false\"]<\/p>\n<p>Norint u\u017esakyti susisiekite:<br \/>\nTel.: +37068494498<br \/>\nWhatsApp: +37068494498<br \/>\nEl. pa\u0161tas: pardavimai@raifetas.lt<\/p>\n<p><strong>Montavimas, balansavimas ir remontas<\/strong><br \/>\nTel.: +37061429447<br \/>\nMontavimas adresu: Vytauto g. 2K, Garliava, Kauno rajonas<\/p>\n","protected":false},"featured_media":3466,"template":"","meta":[],"product_brand":[],"product_cat":[18],"product_tag":[],"class_list":{"0":"post-3465","1":"product","2":"type-product","3":"status-publish","4":"has-post-thumbnail","6":"product_cat-sunkvezimiu_padangos","8":"first","9":"outofstock","10":"taxable","11":"shipping-taxable","12":"product-type-simple"},"acf":[],"jetpack_sharing_enabled":true,"_links":{"self":[{"href":"https:\/\/raifetas.lt\/ru\/wp-json\/wp\/v2\/product\/3465","targetHints":{"allow":["GET"]}}],"collection":[{"href":"https:\/\/raifetas.lt\/ru\/wp-json\/wp\/v2\/product"}],"about":[{"href":"https:\/\/raifetas.lt\/ru\/wp-json\/wp\/v2\/types\/product"}],"wp:featuredmedia":[{"embeddable":true,"href":"https:\/\/raifetas.lt\/ru\/wp-json\/wp\/v2\/media\/3466"}],"wp:attachment":[{"href":"https:\/\/raifetas.lt\/ru\/wp-json\/wp\/v2\/media?parent=3465"}],"wp:term":[{"taxonomy":"product_brand","embeddable":true,"href":"https:\/\/raifetas.lt\/ru\/wp-json\/wp\/v2\/product_brand?post=3465"},{"taxonomy":"product_cat","embeddable":true,"href":"https:\/\/raifetas.lt\/ru\/wp-json\/wp\/v2\/product_cat?post=3465"},{"taxonomy":"product_tag","embeddable":true,"href":"https:\/\/raifetas.lt\/ru\/wp-json\/wp\/v2\/product_tag?post=3465"}],"curies":[{"name":"wp","href":"https:\/\/api.w.org\/{rel}","templated":true}]}}