{"id":3457,"date":"2025-05-23T13:27:30","date_gmt":"2025-05-23T13:27:30","guid":{"rendered":"https:\/\/raifetas.lt\/?post_type=product&#038;p=3457"},"modified":"2025-12-02T14:02:45","modified_gmt":"2025-12-02T14:02:45","slug":"michelin-x-works-d-315-80-r22-5","status":"publish","type":"product","link":"https:\/\/raifetas.lt\/ru\/product\/michelin-x-works-d-315-80-r22-5\/","title":{"rendered":"Michelin X Works D 315\/80 R22.5"},"content":{"rendered":"<p><strong>Michelin X Works D<\/strong> \u2013 auk\u0161tos kokyb\u0117s varan\u010diosios a\u0161ies padangos sunkve\u017eimiams, sukurtos mi\u0161riai on-\/off\u2011road eksploatacijai \u2014 tiek asfaltu, tiek \u017evyrkeliais, purvu ar statyb\u0173 zonose. Padanga pasi\u017eymi gil\u0173, agresyv\u0173 protektoriaus ra\u0161t\u0105 su pla\u010diomis griovel\u0117mis, \u201estone\u2011ejector\u201c sistemomis ir tvirtu karkasu, kuris u\u017etikrina puik\u0173 sukibim\u0105, atsparum\u0105 pj\u016bviams ar akmen\u0173 sm\u016bgiams, atsparum\u0105 d\u0117v\u0117jimuisi ir ilgaam\u017ei\u0161kum\u0105.<br \/>\n<strong>Michelin<\/strong> \u2013 tarptautin\u0117 padang\u0173 gamybos lyder\u0117, \u012fkurta 1889\u202fm. Pranc\u016bzijoje, veikianti daugiau nei 170 \u0161ali\u0173. \u012emon\u0117 gars\u0117ja inovacijomis, auk\u0161\u010diausia kokybe ir ilgaam\u017ei\u0161kumu, si\u016blydama komercini\u0173 transporto priemoni\u0173 padangas, kurios u\u017etikrina saugum\u0105, patikimum\u0105 ir efektyvum\u0105 sunkve\u017eimiams, vilkikams ir autobusams visame pasaulyje. \t\t\t\t\t\t\t\t<\/p>","protected":false},"excerpt":{"rendered":"<p><strong>U\u017epildykite apa\u010dioje esan\u010dia form\u0105 ir pateiksime Jums pasi\u016blym\u0105.<\/strong><br \/>\n[wpforms id=\"1501\" title=\"false\"]<\/p>\n<p>Norint u\u017esakyti susisiekite:<br \/>\nTel.: +37068494498<br \/>\nWhatsApp: +37068494498<br \/>\nEl. pa\u0161tas: pardavimai@raifetas.lt<\/p>\n<p><strong>Montavimas, balansavimas ir remontas<\/strong><br \/>\nTel.: +37061429447<br \/>\nMontavimas adresu: Vytauto g. 2K, Garliava, Kauno rajonas<\/p>\n","protected":false},"featured_media":3455,"template":"","meta":[],"product_brand":[],"product_cat":[18],"product_tag":[],"class_list":{"0":"post-3457","1":"product","2":"type-product","3":"status-publish","4":"has-post-thumbnail","6":"product_cat-sunkvezimiu_padangos","8":"first","9":"outofstock","10":"taxable","11":"shipping-taxable","12":"product-type-simple"},"acf":[],"jetpack_sharing_enabled":true,"_links":{"self":[{"href":"https:\/\/raifetas.lt\/ru\/wp-json\/wp\/v2\/product\/3457","targetHints":{"allow":["GET"]}}],"collection":[{"href":"https:\/\/raifetas.lt\/ru\/wp-json\/wp\/v2\/product"}],"about":[{"href":"https:\/\/raifetas.lt\/ru\/wp-json\/wp\/v2\/types\/product"}],"wp:featuredmedia":[{"embeddable":true,"href":"https:\/\/raifetas.lt\/ru\/wp-json\/wp\/v2\/media\/3455"}],"wp:attachment":[{"href":"https:\/\/raifetas.lt\/ru\/wp-json\/wp\/v2\/media?parent=3457"}],"wp:term":[{"taxonomy":"product_brand","embeddable":true,"href":"https:\/\/raifetas.lt\/ru\/wp-json\/wp\/v2\/product_brand?post=3457"},{"taxonomy":"product_cat","embeddable":true,"href":"https:\/\/raifetas.lt\/ru\/wp-json\/wp\/v2\/product_cat?post=3457"},{"taxonomy":"product_tag","embeddable":true,"href":"https:\/\/raifetas.lt\/ru\/wp-json\/wp\/v2\/product_tag?post=3457"}],"curies":[{"name":"wp","href":"https:\/\/api.w.org\/{rel}","templated":true}]}}