{"id":3439,"date":"2025-05-23T13:08:48","date_gmt":"2025-05-23T13:08:48","guid":{"rendered":"https:\/\/raifetas.lt\/?post_type=product&#038;p=3439"},"modified":"2025-12-02T14:10:37","modified_gmt":"2025-12-02T14:10:37","slug":"pirelli-tg88-315-80-r22-5","status":"publish","type":"product","link":"https:\/\/raifetas.lt\/ru\/product\/pirelli-tg88-315-80-r22-5\/","title":{"rendered":"Pirelli TG 88 315\/80 R22.5"},"content":{"rendered":"<p><strong>Pirelli TG\u202f88<\/strong> \u2013 tvirtos ir atsparios varan\u010diosios a\u0161ies padangos sunkve\u017eimiams, skirtos intensyviai eksploatacijai statybviet\u0117se, \u017evyrkeliuose ir mi\u0161rioms kelio dangoms. Stiprus karkasas, masyvus centrinis protektoriaus pusribis ir gilios transversalios kryptin\u0117s griovel\u0117s u\u017etikrina puik\u0173 sukibim\u0105 ant purvo, \u017evyro ir dr\u0117gno asfalto, o padidinta atsparumo ply\u0161imams konstrukcija leid\u017eia suma\u017einti defekt\u0173 rizik\u0105 ir prat\u0119sti padangos tarnavimo laik\u0105.<br \/>\n<strong>Pirelli<\/strong> \u2013 vienas pasaulini\u0173 padang\u0173 lyderi\u0173, \u012fkurtas Italijoje 1872\u202fm., \u017einomas d\u0117l auk\u0161tos kokyb\u0117s, inovatyvi\u0173 technologij\u0173 ir patikim\u0173 sprendim\u0173 tiek lengviesiems, tiek komerciniams transporto segmentams.<\/p>","protected":false},"excerpt":{"rendered":"<p><strong>U\u017epildykite apa\u010dioje esan\u010dia form\u0105 ir pateiksime Jums pasi\u016blym\u0105.<\/strong><br \/>\n[wpforms id=\"1501\" title=\"false\"]<\/p>\n<p>Norint u\u017esakyti susisiekite:<br \/>\nTel.: +37068494498<br \/>\nWhatsApp: +37068494498<br \/>\nEl. pa\u0161tas: pardavimai@raifetas.lt<\/p>\n<p><strong>Montavimas, balansavimas ir remontas<\/strong><br \/>\nTel.: +37061429447<br \/>\nMontavimas adresu: Vytauto g. 2K, Garliava, Kauno rajonas<\/p>\n","protected":false},"featured_media":3440,"template":"","meta":[],"product_brand":[],"product_cat":[18],"product_tag":[],"class_list":{"0":"post-3439","1":"product","2":"type-product","3":"status-publish","4":"has-post-thumbnail","6":"product_cat-sunkvezimiu_padangos","8":"first","9":"outofstock","10":"taxable","11":"shipping-taxable","12":"product-type-simple"},"acf":[],"jetpack_sharing_enabled":true,"_links":{"self":[{"href":"https:\/\/raifetas.lt\/ru\/wp-json\/wp\/v2\/product\/3439","targetHints":{"allow":["GET"]}}],"collection":[{"href":"https:\/\/raifetas.lt\/ru\/wp-json\/wp\/v2\/product"}],"about":[{"href":"https:\/\/raifetas.lt\/ru\/wp-json\/wp\/v2\/types\/product"}],"wp:featuredmedia":[{"embeddable":true,"href":"https:\/\/raifetas.lt\/ru\/wp-json\/wp\/v2\/media\/3440"}],"wp:attachment":[{"href":"https:\/\/raifetas.lt\/ru\/wp-json\/wp\/v2\/media?parent=3439"}],"wp:term":[{"taxonomy":"product_brand","embeddable":true,"href":"https:\/\/raifetas.lt\/ru\/wp-json\/wp\/v2\/product_brand?post=3439"},{"taxonomy":"product_cat","embeddable":true,"href":"https:\/\/raifetas.lt\/ru\/wp-json\/wp\/v2\/product_cat?post=3439"},{"taxonomy":"product_tag","embeddable":true,"href":"https:\/\/raifetas.lt\/ru\/wp-json\/wp\/v2\/product_tag?post=3439"}],"curies":[{"name":"wp","href":"https:\/\/api.w.org\/{rel}","templated":true}]}}