{"id":3401,"date":"2025-05-22T12:33:19","date_gmt":"2025-05-22T12:33:19","guid":{"rendered":"https:\/\/raifetas.lt\/?post_type=product&#038;p=3401"},"modified":"2025-12-02T13:45:58","modified_gmt":"2025-12-02T13:45:58","slug":"kumho-kxd10-315-80-r22-5","status":"publish","type":"product","link":"https:\/\/raifetas.lt\/ru\/product\/kumho-kxd10-315-80-r22-5\/","title":{"rendered":"Kumho KXD10 315\/80 R22.5"},"content":{"rendered":"<p><strong>Kumho KXD10<\/strong> \u2013 patikimos ir universalios varan\u010diosios a\u0161ies krovinin\u0117s padangos sunkve\u017eimiams ir vilkikams, tinkamos vis\u0173 sezon\u0173 naudojimui. Modernus protektoriaus ra\u0161tas ir pa\u017eangi gumos sud\u0117tis u\u017etikrina ger\u0105 sukibim\u0105 ant \u0161lapios ar snieguotos dangos, tolyg\u0173 d\u0117v\u0117jim\u0105si bei ilgesn\u012f tarnavimo laik\u0105.<br \/>\n<strong>Kumho Tyre Co., Inc.<\/strong> \u2013 tarptautinis padang\u0173 gamintojas i\u0161 Piet\u0173 Kor\u0117jos, veikiantis nuo 1960\u202fm., su gamyklomis Azijoje, Europoje ir Amerikoje, tiekian\u010diu savo produkcij\u0105 daugiau nei 180 \u0161ali\u0173.<\/p>","protected":false},"excerpt":{"rendered":"<p>Kaina nurodyta be PVM.<\/p>\n<p><strong>U\u017epildykite apa\u010dioje esan\u010dia form\u0105 ir su Jumis susisieksime.<\/strong><br \/>\n[wpforms id=\"1501\" title=\"false\"]<\/p>\n<p>Norint u\u017esakyti susisiekite:<br \/>\nTel.: +37068494498<br \/>\nWhatsApp: +37068494498<br \/>\nEl. pa\u0161tas: pardavimai@raifetas.lt<\/p>\n<p><strong>Montavimas, balansavimas ir remontas<\/strong><br \/>\nTel.: +37061429447<br \/>\nMontavimas adresu: Vytauto g. 2K, Garliava, Kauno rajonas<\/p>\n","protected":false},"featured_media":3239,"template":"","meta":[],"product_brand":[],"product_cat":[18],"product_tag":[],"class_list":{"0":"post-3401","1":"product","2":"type-product","3":"status-publish","4":"has-post-thumbnail","6":"product_cat-sunkvezimiu_padangos","8":"first","9":"outofstock","10":"taxable","11":"shipping-taxable","12":"purchasable","13":"product-type-simple"},"acf":[],"jetpack_sharing_enabled":true,"_links":{"self":[{"href":"https:\/\/raifetas.lt\/ru\/wp-json\/wp\/v2\/product\/3401","targetHints":{"allow":["GET"]}}],"collection":[{"href":"https:\/\/raifetas.lt\/ru\/wp-json\/wp\/v2\/product"}],"about":[{"href":"https:\/\/raifetas.lt\/ru\/wp-json\/wp\/v2\/types\/product"}],"wp:featuredmedia":[{"embeddable":true,"href":"https:\/\/raifetas.lt\/ru\/wp-json\/wp\/v2\/media\/3239"}],"wp:attachment":[{"href":"https:\/\/raifetas.lt\/ru\/wp-json\/wp\/v2\/media?parent=3401"}],"wp:term":[{"taxonomy":"product_brand","embeddable":true,"href":"https:\/\/raifetas.lt\/ru\/wp-json\/wp\/v2\/product_brand?post=3401"},{"taxonomy":"product_cat","embeddable":true,"href":"https:\/\/raifetas.lt\/ru\/wp-json\/wp\/v2\/product_cat?post=3401"},{"taxonomy":"product_tag","embeddable":true,"href":"https:\/\/raifetas.lt\/ru\/wp-json\/wp\/v2\/product_tag?post=3401"}],"curies":[{"name":"wp","href":"https:\/\/api.w.org\/{rel}","templated":true}]}}