{"id":3393,"date":"2025-05-20T13:05:37","date_gmt":"2025-05-20T13:05:37","guid":{"rendered":"https:\/\/raifetas.lt\/?post_type=product&#038;p=3393"},"modified":"2025-05-20T13:07:31","modified_gmt":"2025-05-20T13:07:31","slug":"pirelli-itineris-t-385-55-r22-5","status":"publish","type":"product","link":"https:\/\/raifetas.lt\/ru\/product\/pirelli-itineris-t-385-55-r22-5\/","title":{"rendered":"Pirelli Itineris T 385\/55 R22.5"},"content":{"rendered":"","protected":false},"excerpt":{"rendered":"<p>Kaina nurodyta be PVM.<br \/>\nPadangas galime pristatyti J\u016bs\u0173 nurodytu adresu.<\/p>\n<p>Norint u\u017esakyti susisiekite:<br \/>\nTel.: +37068494498<br \/>\nWhatsApp: +37068494498<br \/>\nEl. pa\u0161tas: pardavimai@raifetas.lt<\/p>\n<p>Teikiame montavimo paslaugas:<br \/>\nTel.: +37061429447<br \/>\nMontavimas adresu: Vytauto g. 2K, Garliava, Kauno rajonas<\/p>\n<p>Taip pat galite u\u017epildyti apa\u010dioje esan\u010dia form\u0105 ir pateiksime Jums pasi\u016blym\u0105.<br \/>\n[wpforms id=\"1501\" title=\"false\"]<\/p>\n","protected":false},"featured_media":0,"template":"","meta":[],"product_brand":[],"product_cat":[18],"product_tag":[],"class_list":{"0":"post-3393","1":"product","2":"type-product","3":"status-publish","5":"product_cat-sunkvezimiu_padangos","7":"first","8":"outofstock","9":"taxable","10":"shipping-taxable","11":"purchasable","12":"product-type-simple"},"acf":[],"jetpack_sharing_enabled":true,"_links":{"self":[{"href":"https:\/\/raifetas.lt\/ru\/wp-json\/wp\/v2\/product\/3393","targetHints":{"allow":["GET"]}}],"collection":[{"href":"https:\/\/raifetas.lt\/ru\/wp-json\/wp\/v2\/product"}],"about":[{"href":"https:\/\/raifetas.lt\/ru\/wp-json\/wp\/v2\/types\/product"}],"wp:attachment":[{"href":"https:\/\/raifetas.lt\/ru\/wp-json\/wp\/v2\/media?parent=3393"}],"wp:term":[{"taxonomy":"product_brand","embeddable":true,"href":"https:\/\/raifetas.lt\/ru\/wp-json\/wp\/v2\/product_brand?post=3393"},{"taxonomy":"product_cat","embeddable":true,"href":"https:\/\/raifetas.lt\/ru\/wp-json\/wp\/v2\/product_cat?post=3393"},{"taxonomy":"product_tag","embeddable":true,"href":"https:\/\/raifetas.lt\/ru\/wp-json\/wp\/v2\/product_tag?post=3393"}],"curies":[{"name":"wp","href":"https:\/\/api.w.org\/{rel}","templated":true}]}}