{"id":3389,"date":"2025-05-20T12:53:27","date_gmt":"2025-05-20T12:53:27","guid":{"rendered":"https:\/\/raifetas.lt\/?post_type=product&#038;p=3389"},"modified":"2025-11-07T10:54:22","modified_gmt":"2025-11-07T10:54:22","slug":"sava-avant-5-hl-315-60-r22-5","status":"publish","type":"product","link":"https:\/\/raifetas.lt\/ru\/product\/sava-avant-5-hl-315-60-r22-5\/","title":{"rendered":"Sava Avant 5 HL 315\/60 R22.5"},"content":{"rendered":"<p><strong>Sava Avant 5 HL<\/strong> \u2013 patikimos, ekonomi\u0161kos vairuojamosios a\u0161ies padangos sunkve\u017eimiams, skirtos regioniniam ir tarpmiestiniam transportui visais met\u0173 laikais. Pagamintos su penki\u0173 juost\u0173 protektoriaus ra\u0161tu, \u0161iuolaikiniu karkasu ir 3PMSF \u017eym\u0117jimu, jos u\u017etikrina ilg\u0105 rid\u0105, tolyg\u0173 d\u0117v\u0117jim\u0105si ir ger\u0105 sukibim\u0105 net esant sud\u0117tingoms kelio ar oro s\u0105lygoms.<br \/>\n<strong>Sava<\/strong> \u2013 Europos padang\u0173 gamintoja, veikianti nuo 1920-\u0173j\u0173, \u017einoma d\u0117l tvirt\u0173, patikim\u0173 ir ekonomi\u0161k\u0173 padang\u0173. \u012emon\u0117 priklauso Goodyear grupei, tod\u0117l jos produktai atitinka auk\u0161tus kokyb\u0117s ir technologij\u0173 standartus, taikomus tarptautiniu mastu.<\/p>","protected":false},"excerpt":{"rendered":"<p><strong>U\u017epildykite apa\u010dioje esan\u010dia form\u0105 ir pateiksime Jums pasi\u016blym\u0105.<\/strong><br \/>\n[wpforms id=\"1501\" title=\"false\"]<\/p>\n<p>Norint u\u017esakyti susisiekite:<br \/>\nTel.: +37068494498<br \/>\nWhatsApp: +37068494498<br \/>\nEl. pa\u0161tas: pardavimai@raifetas.lt<\/p>\n<p><strong>Montavimas, balansavimas ir remontas<\/strong><br \/>\nTel.: +37061429447<br \/>\nMontavimas adresu: Vytauto g. 2K, Garliava, Kauno rajonas<\/p>\n","protected":false},"featured_media":3280,"template":"","meta":[],"product_brand":[],"product_cat":[18],"product_tag":[],"class_list":{"0":"post-3389","1":"product","2":"type-product","3":"status-publish","4":"has-post-thumbnail","6":"product_cat-sunkvezimiu_padangos","8":"first","9":"outofstock","10":"taxable","11":"shipping-taxable","12":"product-type-simple"},"acf":[],"jetpack_sharing_enabled":true,"_links":{"self":[{"href":"https:\/\/raifetas.lt\/ru\/wp-json\/wp\/v2\/product\/3389","targetHints":{"allow":["GET"]}}],"collection":[{"href":"https:\/\/raifetas.lt\/ru\/wp-json\/wp\/v2\/product"}],"about":[{"href":"https:\/\/raifetas.lt\/ru\/wp-json\/wp\/v2\/types\/product"}],"wp:featuredmedia":[{"embeddable":true,"href":"https:\/\/raifetas.lt\/ru\/wp-json\/wp\/v2\/media\/3280"}],"wp:attachment":[{"href":"https:\/\/raifetas.lt\/ru\/wp-json\/wp\/v2\/media?parent=3389"}],"wp:term":[{"taxonomy":"product_brand","embeddable":true,"href":"https:\/\/raifetas.lt\/ru\/wp-json\/wp\/v2\/product_brand?post=3389"},{"taxonomy":"product_cat","embeddable":true,"href":"https:\/\/raifetas.lt\/ru\/wp-json\/wp\/v2\/product_cat?post=3389"},{"taxonomy":"product_tag","embeddable":true,"href":"https:\/\/raifetas.lt\/ru\/wp-json\/wp\/v2\/product_tag?post=3389"}],"curies":[{"name":"wp","href":"https:\/\/api.w.org\/{rel}","templated":true}]}}