{"id":3373,"date":"2025-05-17T11:39:42","date_gmt":"2025-05-17T11:39:42","guid":{"rendered":"https:\/\/raifetas.lt\/?post_type=product&#038;p=3373"},"modified":"2025-11-07T11:36:32","modified_gmt":"2025-11-07T11:36:32","slug":"sailun-sfr1-385-65-r22-5","status":"publish","type":"product","link":"https:\/\/raifetas.lt\/ru\/product\/sailun-sfr1-385-65-r22-5\/","title":{"rendered":"Sailun SFR1 385\/65 R22.5"},"content":{"rendered":"<p><strong>Sailun SFR1<\/strong> \u2013 patikimos ir ilgaam\u017e\u0117s vairuojamosios a\u0161ies (steer\u202faxle) padangos sunkve\u017eimiams, skirtos regioniniam ir tarpmiestiniam transportui visomis met\u0173 laikais. Platus kontakto pavir\u0161ius ir optimizuotas protektoriaus ra\u0161tas kartu su specialiu gumos mi\u0161iniu u\u017etikrina ger\u0105 sukibim\u0105, tolyg\u0173 d\u0117v\u0117jim\u0105si bei ma\u017eesn\u012f akmen\u0173 \u012fstrigimo bei netolygios dilimo rizik\u0105.<br \/>\n<strong>Sailun Tire<\/strong> \u2013 tarptautin\u0117 padang\u0173 gamybos \u012fmon\u0117, \u012fkurta 2002\u202fm., Kinijoje. \u012emon\u0117 specializuojasi \u012fvairi\u0173 segment\u0173 padangose, \u012fskaitant sunkve\u017eimi\u0173, vilkik\u0173, autobus\u0173 ir lengv\u0173j\u0173 automobili\u0173 padangas, bei eksportuoja produkcij\u0105 \u012f daugiau nei 130 \u0161ali\u0173. Sailun investuoja \u012f modernias gamybos technologijas, kokyb\u0117s kontrol\u0119 ir inovacijas, siekdama u\u017etikrinti patikim\u0105, saug\u0173 ir ekonomi\u0161k\u0105 transporto sprendim\u0105 tiek regioniniam, tiek tarptautiniam transportui.<\/p>","protected":false},"excerpt":{"rendered":"<p>Kaina nurodyta be PVM.<\/p>\n<p><strong>U\u017epildykite apa\u010dioje esan\u010dia form\u0105 ir su Jumis susisieksime.<\/strong><br \/>\n[wpforms id=\"1501\" title=\"false\"]<\/p>\n<p>Norint u\u017esakyti susisiekite:<br \/>\nTel.: +37068494498<br \/>\nWhatsApp: +37068494498<br \/>\nEl. pa\u0161tas: pardavimai@raifetas.lt<\/p>\n<p><strong>Montavimas, balansavimas ir remontas<\/strong><br \/>\nTel.: +37061429447<br \/>\nMontavimas adresu: Vytauto g. 2K, Garliava, Kauno rajonas<\/p>\n","protected":false},"featured_media":3371,"template":"","meta":[],"product_brand":[],"product_cat":[18],"product_tag":[],"class_list":{"0":"post-3373","1":"product","2":"type-product","3":"status-publish","4":"has-post-thumbnail","6":"product_cat-sunkvezimiu_padangos","8":"first","9":"outofstock","10":"taxable","11":"shipping-taxable","12":"purchasable","13":"product-type-simple"},"acf":[],"jetpack_sharing_enabled":true,"_links":{"self":[{"href":"https:\/\/raifetas.lt\/ru\/wp-json\/wp\/v2\/product\/3373","targetHints":{"allow":["GET"]}}],"collection":[{"href":"https:\/\/raifetas.lt\/ru\/wp-json\/wp\/v2\/product"}],"about":[{"href":"https:\/\/raifetas.lt\/ru\/wp-json\/wp\/v2\/types\/product"}],"wp:featuredmedia":[{"embeddable":true,"href":"https:\/\/raifetas.lt\/ru\/wp-json\/wp\/v2\/media\/3371"}],"wp:attachment":[{"href":"https:\/\/raifetas.lt\/ru\/wp-json\/wp\/v2\/media?parent=3373"}],"wp:term":[{"taxonomy":"product_brand","embeddable":true,"href":"https:\/\/raifetas.lt\/ru\/wp-json\/wp\/v2\/product_brand?post=3373"},{"taxonomy":"product_cat","embeddable":true,"href":"https:\/\/raifetas.lt\/ru\/wp-json\/wp\/v2\/product_cat?post=3373"},{"taxonomy":"product_tag","embeddable":true,"href":"https:\/\/raifetas.lt\/ru\/wp-json\/wp\/v2\/product_tag?post=3373"}],"curies":[{"name":"wp","href":"https:\/\/api.w.org\/{rel}","templated":true}]}}