{"id":3364,"date":"2025-05-17T11:19:36","date_gmt":"2025-05-17T11:19:36","guid":{"rendered":"https:\/\/raifetas.lt\/?post_type=product&#038;p=3364"},"modified":"2025-12-02T14:59:44","modified_gmt":"2025-12-02T14:59:44","slug":"hankook-smart-flex-th31-385-65-r22-5","status":"publish","type":"product","link":"https:\/\/raifetas.lt\/ru\/product\/hankook-smart-flex-th31-385-65-r22-5\/","title":{"rendered":"Hankook Smart Flex TH31 385\/65 R22.5"},"content":{"rendered":"<p><strong>Hankook Smart\u202fFlex\u202fTH31<\/strong> \u2013 patikimos ir universalios priekab\u0173 bei puspriekabi\u0173 padangos, sukurtos regioniniam ir tarpmiestiniam transportui visais met\u0173 laikais. Keturi pagrindiniai zigzago formos grioveliai ir \u0161oninis \u201eslanted groove\u201c dizainas u\u017etikrina puik\u0173 sukibim\u0105, efektyv\u0173 vandens i\u0161st\u016bmim\u0105 bei padidina atsparum\u0105 akmen\u0173 \u012fstrigimui ir protektoriaus pa\u017eeidimams.<br \/>\n<strong>Hankook Tire<\/strong> \u2013 tarptautin\u0117 Piet\u0173 Kor\u0117jos kilm\u0117s padang\u0173 gamintoja, kuri specializuojasi komercini\u0173 transporto priemoni\u0173 padang\u0173 srityje; Smart\u202fFlex\u202fserija yra sukurta su d\u0117mesiu ilgaam\u017ei\u0161kumui, efektyvumui ir saugumui visomis s\u0105lygomis.<\/p>","protected":false},"excerpt":{"rendered":"<p><strong>U\u017epildykite apa\u010dioje esan\u010dia form\u0105 ir pateiksime Jums pasi\u016blym\u0105.<\/strong><br \/>\n[wpforms id=\"1501\" title=\"false\"]<\/p>\n<p>Norint u\u017esakyti susisiekite:<br \/>\nTel.: +37068494498<br \/>\nWhatsApp: +37068494498<br \/>\nEl. pa\u0161tas: pardavimai@raifetas.lt<\/p>\n<p><strong>Montavimas, balansavimas ir remontas<\/strong><br \/>\nTel.: +37061429447<br \/>\nMontavimas adresu: Vytauto g. 2K, Garliava, Kauno rajonas<\/p>\n","protected":false},"featured_media":3365,"template":"","meta":[],"product_brand":[],"product_cat":[18],"product_tag":[],"class_list":{"0":"post-3364","1":"product","2":"type-product","3":"status-publish","4":"has-post-thumbnail","6":"product_cat-sunkvezimiu_padangos","8":"first","9":"outofstock","10":"taxable","11":"shipping-taxable","12":"product-type-simple"},"acf":[],"jetpack_sharing_enabled":true,"_links":{"self":[{"href":"https:\/\/raifetas.lt\/ru\/wp-json\/wp\/v2\/product\/3364","targetHints":{"allow":["GET"]}}],"collection":[{"href":"https:\/\/raifetas.lt\/ru\/wp-json\/wp\/v2\/product"}],"about":[{"href":"https:\/\/raifetas.lt\/ru\/wp-json\/wp\/v2\/types\/product"}],"wp:featuredmedia":[{"embeddable":true,"href":"https:\/\/raifetas.lt\/ru\/wp-json\/wp\/v2\/media\/3365"}],"wp:attachment":[{"href":"https:\/\/raifetas.lt\/ru\/wp-json\/wp\/v2\/media?parent=3364"}],"wp:term":[{"taxonomy":"product_brand","embeddable":true,"href":"https:\/\/raifetas.lt\/ru\/wp-json\/wp\/v2\/product_brand?post=3364"},{"taxonomy":"product_cat","embeddable":true,"href":"https:\/\/raifetas.lt\/ru\/wp-json\/wp\/v2\/product_cat?post=3364"},{"taxonomy":"product_tag","embeddable":true,"href":"https:\/\/raifetas.lt\/ru\/wp-json\/wp\/v2\/product_tag?post=3364"}],"curies":[{"name":"wp","href":"https:\/\/api.w.org\/{rel}","templated":true}]}}