{"id":3312,"date":"2025-05-15T12:03:20","date_gmt":"2025-05-15T12:03:20","guid":{"rendered":"https:\/\/raifetas.lt\/?post_type=product&#038;p=3312"},"modified":"2025-11-07T14:35:33","modified_gmt":"2025-11-07T14:35:33","slug":"hankook-smart-flex-dh51-315-60-r22-5","status":"publish","type":"product","link":"https:\/\/raifetas.lt\/ru\/product\/hankook-smart-flex-dh51-315-60-r22-5\/","title":{"rendered":"Hankook Smart Flex DH51 315\/60 R22.5"},"content":{"rendered":"<p><strong>Hankook Smart Flex\u202fDH51<\/strong> \u2013 auk\u0161tos kokyb\u0117s varan\u010diosios a\u0161ies krovinin\u0117s padangos sunkve\u017eimiams ir vilkikams, skirtos regioniniam transportui \u012fvairiomis eismo s\u0105lygomis. Platesn\u0117s protektoriaus blok\u0173 eil\u0117s, 3D\u202flamel\u0117s bei special\u016bs grioveliai u\u017etikrina ger\u0105 sukibim\u0105 esant \u0161lapiai kelio dangai, vienod\u0105 d\u0117v\u0117jim\u0105si ir iki 10\u202f% ma\u017eesn\u0119 vienam kilometrui tenkan\u010di\u0105 s\u0105naud\u0105 lyginant su ankstesniu modeliu.<br \/>\n<strong>Hankook Tire<\/strong> \u2013 tarptautin\u0117 Piet\u0173 Kor\u0117jos kilm\u0117s padang\u0173 gamintoja, kuri specializuojasi komercini\u0173 transporto priemoni\u0173 padang\u0173 srityje; Smart\u202fFlex\u202fserija yra sukurta su d\u0117mesiu ilgaam\u017ei\u0161kumui, efektyvumui ir saugumui visomis s\u0105lygomis.<\/p>","protected":false},"excerpt":{"rendered":"<p><strong>U\u017epildykite apa\u010dioje esan\u010dia form\u0105 ir pateiksime Jums pasi\u016blym\u0105.<\/strong><br \/>\n[wpforms id=\"1501\" title=\"false\"]<\/p>\n<p>Norint u\u017esakyti susisiekite:<br \/>\nTel.: +37068494498<br \/>\nWhatsApp: +37068494498<br \/>\nEl. pa\u0161tas: pardavimai@raifetas.lt<\/p>\n<p><strong>Montavimas, balansavimas ir remontas<\/strong><br \/>\nTel.: +37061429447<br \/>\nMontavimas adresu: Vytauto g. 2K, Garliava, Kauno rajonas<\/p>\n","protected":false},"featured_media":3254,"template":"","meta":[],"product_brand":[],"product_cat":[18],"product_tag":[],"class_list":{"0":"post-3312","1":"product","2":"type-product","3":"status-publish","4":"has-post-thumbnail","6":"product_cat-sunkvezimiu_padangos","8":"first","9":"outofstock","10":"taxable","11":"shipping-taxable","12":"product-type-simple"},"acf":[],"jetpack_sharing_enabled":true,"_links":{"self":[{"href":"https:\/\/raifetas.lt\/ru\/wp-json\/wp\/v2\/product\/3312","targetHints":{"allow":["GET"]}}],"collection":[{"href":"https:\/\/raifetas.lt\/ru\/wp-json\/wp\/v2\/product"}],"about":[{"href":"https:\/\/raifetas.lt\/ru\/wp-json\/wp\/v2\/types\/product"}],"wp:featuredmedia":[{"embeddable":true,"href":"https:\/\/raifetas.lt\/ru\/wp-json\/wp\/v2\/media\/3254"}],"wp:attachment":[{"href":"https:\/\/raifetas.lt\/ru\/wp-json\/wp\/v2\/media?parent=3312"}],"wp:term":[{"taxonomy":"product_brand","embeddable":true,"href":"https:\/\/raifetas.lt\/ru\/wp-json\/wp\/v2\/product_brand?post=3312"},{"taxonomy":"product_cat","embeddable":true,"href":"https:\/\/raifetas.lt\/ru\/wp-json\/wp\/v2\/product_cat?post=3312"},{"taxonomy":"product_tag","embeddable":true,"href":"https:\/\/raifetas.lt\/ru\/wp-json\/wp\/v2\/product_tag?post=3312"}],"curies":[{"name":"wp","href":"https:\/\/api.w.org\/{rel}","templated":true}]}}