{"id":3307,"date":"2025-05-15T11:55:21","date_gmt":"2025-05-15T11:55:21","guid":{"rendered":"https:\/\/raifetas.lt\/?post_type=product&#038;p=3307"},"modified":"2025-11-07T14:33:21","modified_gmt":"2025-11-07T14:33:21","slug":"goodyear-k-max-d-gen-2-315-60-r22-5","status":"publish","type":"product","link":"https:\/\/raifetas.lt\/ru\/product\/goodyear-k-max-d-gen-2-315-60-r22-5\/","title":{"rendered":"Goodyear K Max D Gen-2 315\/60 R22.5"},"content":{"rendered":"<p><strong>Goodyear\u202fK\u202fMax\u202fD\u202fGen 2<\/strong> \u2013ilgaam\u017e\u0117s ir patikimos varan\u010diosios a\u0161ies krovinin\u0117s padangos sunkve\u017eimiams ir vilkikams, skirtos regioniniam, miesto ir magistraliniam naudojimui. D\u0117l pa\u017eangi\u0173 technologij\u0173 \u2014 toki\u0173 kaip sustiprinta karkaso konstrukcija, \u201estone ejecting\u201c (akmen\u0173 i\u0161st\u016bmimo) protektoriaus ra\u0161tas ir dviej\u0173 sluoksni\u0173 gumos mi\u0161inys  \u0161i padanga pasi\u017eymi auk\u0161ta rida, puikiu sukibimu \u012fvairiais kelio pavir\u0161iais ir ekonomi\u0161ku ried\u0117jimu.<br \/>\n<strong>Goodyear<\/strong> \u2013 pasaulin\u0117 padang\u0173 gamybos lyder\u0117, kryptingai orientuota \u012f komercini\u0173 transporto priemoni\u0173 padang\u0173 inovacijas, patikimum\u0105 ir efektyv\u0173 eksploatavim\u0105. \u012emon\u0117 veikia daugiau nei 100 \u0161ali\u0173 ir nuolat investuoja \u012f technologinius sprendimus, siekdama u\u017etikrinti saugum\u0105 ir ekonomin\u012f efektyvum\u0105 savo klientams.<\/p>","protected":false},"excerpt":{"rendered":"<p><strong>U\u017epildykite apa\u010dioje esan\u010dia form\u0105 ir pateiksime Jums pasi\u016blym\u0105.<\/strong><br \/>\n[wpforms id=\"1501\" title=\"false\"]<\/p>\n<p>Norint u\u017esakyti susisiekite:<br \/>\nTel.: +37068494498<br \/>\nWhatsApp: +37068494498<br \/>\nEl. pa\u0161tas: pardavimai@raifetas.lt<\/p>\n<p><strong>Montavimas, balansavimas ir remontas<\/strong><br \/>\nTel.: +37061429447<br \/>\nMontavimas adresu: Vytauto g. 2K, Garliava, Kauno rajonas<\/p>\n","protected":false},"featured_media":3227,"template":"","meta":[],"product_brand":[],"product_cat":[18],"product_tag":[],"class_list":{"0":"post-3307","1":"product","2":"type-product","3":"status-publish","4":"has-post-thumbnail","6":"product_cat-sunkvezimiu_padangos","8":"first","9":"outofstock","10":"taxable","11":"shipping-taxable","12":"product-type-simple"},"acf":[],"jetpack_sharing_enabled":true,"_links":{"self":[{"href":"https:\/\/raifetas.lt\/ru\/wp-json\/wp\/v2\/product\/3307","targetHints":{"allow":["GET"]}}],"collection":[{"href":"https:\/\/raifetas.lt\/ru\/wp-json\/wp\/v2\/product"}],"about":[{"href":"https:\/\/raifetas.lt\/ru\/wp-json\/wp\/v2\/types\/product"}],"wp:featuredmedia":[{"embeddable":true,"href":"https:\/\/raifetas.lt\/ru\/wp-json\/wp\/v2\/media\/3227"}],"wp:attachment":[{"href":"https:\/\/raifetas.lt\/ru\/wp-json\/wp\/v2\/media?parent=3307"}],"wp:term":[{"taxonomy":"product_brand","embeddable":true,"href":"https:\/\/raifetas.lt\/ru\/wp-json\/wp\/v2\/product_brand?post=3307"},{"taxonomy":"product_cat","embeddable":true,"href":"https:\/\/raifetas.lt\/ru\/wp-json\/wp\/v2\/product_cat?post=3307"},{"taxonomy":"product_tag","embeddable":true,"href":"https:\/\/raifetas.lt\/ru\/wp-json\/wp\/v2\/product_tag?post=3307"}],"curies":[{"name":"wp","href":"https:\/\/api.w.org\/{rel}","templated":true}]}}