{"id":3297,"date":"2025-05-15T08:55:09","date_gmt":"2025-05-15T08:55:09","guid":{"rendered":"https:\/\/raifetas.lt\/?post_type=product&#038;p=3297"},"modified":"2025-12-02T12:26:10","modified_gmt":"2025-12-02T12:26:10","slug":"michelin-x-lineenergy-z2-315-70-r22-5","status":"publish","type":"product","link":"https:\/\/raifetas.lt\/ru\/product\/michelin-x-lineenergy-z2-315-70-r22-5\/","title":{"rendered":"Michelin X Line Energy Z2 315\/70 R22.5"},"content":{"rendered":"<p><strong>Michelin X Line Energy Z2<\/strong> \u2013 labai ekonomi\u0161kos ir ilgaam\u017e\u0117s \u201emulti\u2011position\u201c padangos sunkve\u017eimiams ir vilkikams, skirtos ilgoms distancijoms ir ma\u017eoms eksploatacijos s\u0105naudoms. Pa\u017eangus protektoriaus dizainas su didele silikos dalimi, \u201eREGENION\u2122\u201c saviregeneruojan\u010diu ra\u0161tu ir \u201eInfiniCoil\u2122\u201c konstrukcija leid\u017eia pasiekti \u201eA\u201c klas\u0117s ried\u0117jimo pasiprie\u0161inim\u0105 \u2014 tai rei\u0161kia degal\u0173 s\u0105naud\u0173 suma\u017e\u0117jim\u0105 ir iki ~0,8 l\/100\u202fkm ma\u017eesn\u012f kuro s\u0105naud\u0173 lyg\u012f.<br \/>\n<strong>Michelin<\/strong> \u2013 tarptautin\u0117 padang\u0173 gamybos lyder\u0117, \u012fkurta 1889\u202fm. Pranc\u016bzijoje, veikianti daugiau nei 170 \u0161ali\u0173. \u012emon\u0117 gars\u0117ja inovacijomis, auk\u0161\u010diausia kokybe ir ilgaam\u017ei\u0161kumu, si\u016blydama komercini\u0173 transporto priemoni\u0173 padangas, kurios u\u017etikrina saugum\u0105, patikimum\u0105 ir efektyvum\u0105 sunkve\u017eimiams, vilkikams ir autobusams visame pasaulyje. \t\t\t\t\t\t\t\t<\/p>","protected":false},"excerpt":{"rendered":"<p><strong>U\u017epildykite apa\u010dioje esan\u010dia form\u0105 ir pateiksime Jums pasi\u016blym\u0105.<\/strong><br \/>\n[wpforms id=\"1501\" title=\"false\"]<\/p>\n<p>Norint u\u017esakyti susisiekite:<br \/>\nTel.: +37068494498<br \/>\nWhatsApp: +37068494498<br \/>\nEl. pa\u0161tas: pardavimai@raifetas.lt<\/p>\n<p><strong>Montavimas, balansavimas ir remontas<\/strong><br \/>\nTel.: +37061429447<br \/>\nMontavimas adresu: Vytauto g. 2K, Garliava, Kauno rajonas<\/p>\n","protected":false},"featured_media":3298,"template":"","meta":[],"product_brand":[],"product_cat":[18],"product_tag":[],"class_list":{"0":"post-3297","1":"product","2":"type-product","3":"status-publish","4":"has-post-thumbnail","6":"product_cat-sunkvezimiu_padangos","8":"first","9":"outofstock","10":"taxable","11":"shipping-taxable","12":"product-type-simple"},"acf":[],"jetpack_sharing_enabled":true,"_links":{"self":[{"href":"https:\/\/raifetas.lt\/ru\/wp-json\/wp\/v2\/product\/3297","targetHints":{"allow":["GET"]}}],"collection":[{"href":"https:\/\/raifetas.lt\/ru\/wp-json\/wp\/v2\/product"}],"about":[{"href":"https:\/\/raifetas.lt\/ru\/wp-json\/wp\/v2\/types\/product"}],"wp:featuredmedia":[{"embeddable":true,"href":"https:\/\/raifetas.lt\/ru\/wp-json\/wp\/v2\/media\/3298"}],"wp:attachment":[{"href":"https:\/\/raifetas.lt\/ru\/wp-json\/wp\/v2\/media?parent=3297"}],"wp:term":[{"taxonomy":"product_brand","embeddable":true,"href":"https:\/\/raifetas.lt\/ru\/wp-json\/wp\/v2\/product_brand?post=3297"},{"taxonomy":"product_cat","embeddable":true,"href":"https:\/\/raifetas.lt\/ru\/wp-json\/wp\/v2\/product_cat?post=3297"},{"taxonomy":"product_tag","embeddable":true,"href":"https:\/\/raifetas.lt\/ru\/wp-json\/wp\/v2\/product_tag?post=3297"}],"curies":[{"name":"wp","href":"https:\/\/api.w.org\/{rel}","templated":true}]}}