{"id":3222,"date":"2025-02-27T12:58:28","date_gmt":"2025-02-27T12:58:28","guid":{"rendered":"https:\/\/raifetas.lt\/?post_type=product&#038;p=3222"},"modified":"2025-11-07T11:25:54","modified_gmt":"2025-11-07T11:25:54","slug":"sava-avant-5-385-55-r22-5","status":"publish","type":"product","link":"https:\/\/raifetas.lt\/ru\/product\/sava-avant-5-385-55-r22-5\/","title":{"rendered":"Sava Avant 5 385\/55 R22.5"},"content":{"rendered":"<p><strong>Sava Avant 5<\/strong> \u2013 patikimos ir ekonomi\u0161kos vairuojamosios a\u0161ies padangos sunkve\u017eimiams, skirtos regioniniam ir tarpmiestiniam transportui visais met\u0173 laikais. Penki\u0173 juost\u0173 protektoriaus ra\u0161tas, padidintas gumos t\u016bris ir 3PMSF \u017eym\u0117jimas u\u017etikrina didel\u0119 rid\u0105 ir ger\u0105 sukibim\u0105 net sud\u0117tingomis kelio s\u0105lygomis bei ma\u017eesnes eksploatacines s\u0105naudas.<br \/>\n<strong>Sava<\/strong> \u2013 Europos padang\u0173 gamintoja, veikianti nuo 1920-\u0173j\u0173, \u017einoma d\u0117l tvirt\u0173, patikim\u0173 ir ekonomi\u0161k\u0173 padang\u0173. \u012emon\u0117 priklauso Goodyear grupei, tod\u0117l jos produktai atitinka auk\u0161tus kokyb\u0117s ir technologij\u0173 standartus, taikomus tarptautiniu mastu.<\/p>","protected":false},"excerpt":{"rendered":"<p><strong>U\u017epildykite apa\u010dioje esan\u010dia form\u0105 ir pateiksime Jums pasi\u016blym\u0105.<\/strong><br \/>\n[wpforms id=\"1501\" title=\"false\"]<\/p>\n<p>Norint u\u017esakyti susisiekite:<br \/>\nTel.: +37068494498<br \/>\nWhatsApp: +37068494498<br \/>\nEl. pa\u0161tas: pardavimai@raifetas.lt<\/p>\n<p><strong>Montavimas, balansavimas ir remontas<\/strong><br \/>\nTel.: +37061429447<br \/>\nMontavimas adresu: Vytauto g. 2K, Garliava, Kauno rajonas<\/p>\n","protected":false},"featured_media":3220,"template":"","meta":[],"product_brand":[],"product_cat":[18],"product_tag":[],"class_list":{"0":"post-3222","1":"product","2":"type-product","3":"status-publish","4":"has-post-thumbnail","6":"product_cat-sunkvezimiu_padangos","8":"first","9":"outofstock","10":"taxable","11":"shipping-taxable","12":"product-type-simple"},"acf":[],"jetpack_sharing_enabled":true,"_links":{"self":[{"href":"https:\/\/raifetas.lt\/ru\/wp-json\/wp\/v2\/product\/3222","targetHints":{"allow":["GET"]}}],"collection":[{"href":"https:\/\/raifetas.lt\/ru\/wp-json\/wp\/v2\/product"}],"about":[{"href":"https:\/\/raifetas.lt\/ru\/wp-json\/wp\/v2\/types\/product"}],"wp:featuredmedia":[{"embeddable":true,"href":"https:\/\/raifetas.lt\/ru\/wp-json\/wp\/v2\/media\/3220"}],"wp:attachment":[{"href":"https:\/\/raifetas.lt\/ru\/wp-json\/wp\/v2\/media?parent=3222"}],"wp:term":[{"taxonomy":"product_brand","embeddable":true,"href":"https:\/\/raifetas.lt\/ru\/wp-json\/wp\/v2\/product_brand?post=3222"},{"taxonomy":"product_cat","embeddable":true,"href":"https:\/\/raifetas.lt\/ru\/wp-json\/wp\/v2\/product_cat?post=3222"},{"taxonomy":"product_tag","embeddable":true,"href":"https:\/\/raifetas.lt\/ru\/wp-json\/wp\/v2\/product_tag?post=3222"}],"curies":[{"name":"wp","href":"https:\/\/api.w.org\/{rel}","templated":true}]}}