{"id":3212,"date":"2025-02-26T14:47:52","date_gmt":"2025-02-26T14:47:52","guid":{"rendered":"https:\/\/raifetas.lt\/?post_type=product&#038;p=3212"},"modified":"2025-11-07T11:19:53","modified_gmt":"2025-11-07T11:19:53","slug":"crosswind-cw-rs03-385-55-r22-5","status":"publish","type":"product","link":"https:\/\/raifetas.lt\/ru\/product\/crosswind-cw-rs03-385-55-r22-5\/","title":{"rendered":"Crosswind CW-RS03 385\/55 R22.5"},"content":{"rendered":"<p><strong>CrossWind CW-RS03<\/strong> \u2013 patikimos vairuojamosios a\u0161ies padangos, skirtos regioniniam krovininiam transportui visais met\u0173 laikais. M+S ir 3PMSF \u017eym\u0117jimai u\u017etikrina puik\u0173 sukibim\u0105 \u012fvairiomis oro s\u0105lygomis, o optimizuotas protektoriaus ra\u0161tas suteikia stabilum\u0105 ir tolyg\u0173 d\u0117v\u0117jim\u0105si.<br \/>\n<strong>CrossWind \u2013 \u201eShandong Linglong Tire Co., Ltd.\u201c<\/strong> prek\u0117s \u017eenklas, priklausantis vienam did\u017eiausi\u0173 Kinijos padang\u0173 gamintoj\u0173, veikian\u010diam nuo 1975 m. ir eksportuojan\u010diam padangas vilkikams, autobusams ir komerciniam transportui \u012f daugiau nei 180 \u0161ali\u0173.<\/p>","protected":false},"excerpt":{"rendered":"<p>Kaina nurodyta be PVM.<\/p>\n<p><strong>U\u017epildykite apa\u010dioje esan\u010dia form\u0105 ir su Jumis susisieksime.<\/strong><br \/>\n[wpforms id=\"1501\" title=\"false\"]<\/p>\n<p>Norint u\u017esakyti susisiekite:<br \/>\nTel.: +37068494498<br \/>\nWhatsApp: +37068494498<br \/>\nEl. pa\u0161tas: pardavimai@raifetas.lt<\/p>\n<p><strong>Montavimas, balansavimas ir remontas<\/strong><br \/>\nTel.: +37061429447<br \/>\nMontavimas adresu: Vytauto g. 2K, Garliava, Kauno rajonas<\/p>\n","protected":false},"featured_media":3146,"template":"","meta":[],"product_brand":[],"product_cat":[18],"product_tag":[],"class_list":{"0":"post-3212","1":"product","2":"type-product","3":"status-publish","4":"has-post-thumbnail","6":"product_cat-sunkvezimiu_padangos","8":"first","9":"outofstock","10":"taxable","11":"shipping-taxable","12":"purchasable","13":"product-type-simple"},"acf":[],"jetpack_sharing_enabled":true,"_links":{"self":[{"href":"https:\/\/raifetas.lt\/ru\/wp-json\/wp\/v2\/product\/3212","targetHints":{"allow":["GET"]}}],"collection":[{"href":"https:\/\/raifetas.lt\/ru\/wp-json\/wp\/v2\/product"}],"about":[{"href":"https:\/\/raifetas.lt\/ru\/wp-json\/wp\/v2\/types\/product"}],"wp:featuredmedia":[{"embeddable":true,"href":"https:\/\/raifetas.lt\/ru\/wp-json\/wp\/v2\/media\/3146"}],"wp:attachment":[{"href":"https:\/\/raifetas.lt\/ru\/wp-json\/wp\/v2\/media?parent=3212"}],"wp:term":[{"taxonomy":"product_brand","embeddable":true,"href":"https:\/\/raifetas.lt\/ru\/wp-json\/wp\/v2\/product_brand?post=3212"},{"taxonomy":"product_cat","embeddable":true,"href":"https:\/\/raifetas.lt\/ru\/wp-json\/wp\/v2\/product_cat?post=3212"},{"taxonomy":"product_tag","embeddable":true,"href":"https:\/\/raifetas.lt\/ru\/wp-json\/wp\/v2\/product_tag?post=3212"}],"curies":[{"name":"wp","href":"https:\/\/api.w.org\/{rel}","templated":true}]}}