{"id":3194,"date":"2025-02-25T16:49:46","date_gmt":"2025-02-25T16:49:46","guid":{"rendered":"https:\/\/raifetas.lt\/?post_type=product&#038;p=3194"},"modified":"2025-12-02T12:04:26","modified_gmt":"2025-12-02T12:04:26","slug":"goodyear-kmax-s-g2-hl-315-70-r22-5","status":"publish","type":"product","link":"https:\/\/raifetas.lt\/ru\/product\/goodyear-kmax-s-g2-hl-315-70-r22-5\/","title":{"rendered":"Goodyear K Max S Gen-2HL 315\/70 R22.5"},"content":{"rendered":"<p><strong>&#8222;Goodyear K\u202fMax\u202fS\u202fGen 2\u202fHL<\/strong> \u2013 auk\u0161\u010diausios klas\u0117s vairuojamosios a\u0161ies padangos sunkve\u017eimiams, skirtos regioniniam transportui bei mi\u0161riam naudojimui intensyviomis eksploatacijos s\u0105lygomis. Pa\u017eangi \u201eIntelliMax\u202fRib\u201c technologija, \u201eFlexomatic\u201c lamel\u0117s ir \u017eema ried\u0117jimo pasiprie\u0161inimo konstrukcija u\u017etikrina auk\u0161t\u0105 rid\u0105, puik\u0173 sukibim\u0105 bei efektyvum\u0105 bet kokiomis oro s\u0105lygomis.<br \/>\n<strong>Goodyear<\/strong> \u2013 pasaulin\u0117 padang\u0173 gamybos lyder\u0117, kryptingai orientuota \u012f komercini\u0173 transporto priemoni\u0173 padang\u0173 inovacijas, patikimum\u0105 ir efektyv\u0173 eksploatavim\u0105. \u012emon\u0117 veikia daugiau nei 100 \u0161ali\u0173 ir nuolat investuoja \u012f technologinius sprendimus, siekdama u\u017etikrinti saugum\u0105 ir ekonomin\u012f efektyvum\u0105 savo klientams.&#8221;\t\t\t\t\t\t\t\t<\/p>","protected":false},"excerpt":{"rendered":"<p><strong>U\u017epildykite apa\u010dioje esan\u010dia form\u0105 ir pateiksime Jums pasi\u016blym\u0105.<\/strong><br \/>\n[wpforms id=\"1501\" title=\"false\"]<\/p>\n<p>Norint u\u017esakyti susisiekite:<br \/>\nTel.: +37068494498<br \/>\nWhatsApp: +37068494498<br \/>\nEl. pa\u0161tas: pardavimai@raifetas.lt<\/p>\n<p><strong>Montavimas, balansavimas ir remontas<\/strong><br \/>\nTel.: +37061429447<br \/>\nMontavimas adresu: Vytauto g. 2K, Garliava, Kauno rajonas<\/p>\n","protected":false},"featured_media":3195,"template":"","meta":[],"product_brand":[],"product_cat":[18],"product_tag":[],"class_list":{"0":"post-3194","1":"product","2":"type-product","3":"status-publish","4":"has-post-thumbnail","6":"product_cat-sunkvezimiu_padangos","8":"first","9":"outofstock","10":"taxable","11":"shipping-taxable","12":"product-type-simple"},"acf":[],"jetpack_sharing_enabled":true,"_links":{"self":[{"href":"https:\/\/raifetas.lt\/ru\/wp-json\/wp\/v2\/product\/3194","targetHints":{"allow":["GET"]}}],"collection":[{"href":"https:\/\/raifetas.lt\/ru\/wp-json\/wp\/v2\/product"}],"about":[{"href":"https:\/\/raifetas.lt\/ru\/wp-json\/wp\/v2\/types\/product"}],"wp:featuredmedia":[{"embeddable":true,"href":"https:\/\/raifetas.lt\/ru\/wp-json\/wp\/v2\/media\/3195"}],"wp:attachment":[{"href":"https:\/\/raifetas.lt\/ru\/wp-json\/wp\/v2\/media?parent=3194"}],"wp:term":[{"taxonomy":"product_brand","embeddable":true,"href":"https:\/\/raifetas.lt\/ru\/wp-json\/wp\/v2\/product_brand?post=3194"},{"taxonomy":"product_cat","embeddable":true,"href":"https:\/\/raifetas.lt\/ru\/wp-json\/wp\/v2\/product_cat?post=3194"},{"taxonomy":"product_tag","embeddable":true,"href":"https:\/\/raifetas.lt\/ru\/wp-json\/wp\/v2\/product_tag?post=3194"}],"curies":[{"name":"wp","href":"https:\/\/api.w.org\/{rel}","templated":true}]}}