{"id":3186,"date":"2025-02-25T16:30:10","date_gmt":"2025-02-25T16:30:10","guid":{"rendered":"https:\/\/raifetas.lt\/?post_type=product&#038;p=3186"},"modified":"2025-12-02T11:54:50","modified_gmt":"2025-12-02T11:54:50","slug":"dunlop-sp-346-plus-hl-315-70-r22-5","status":"publish","type":"product","link":"https:\/\/raifetas.lt\/ru\/product\/dunlop-sp-346-plus-hl-315-70-r22-5\/","title":{"rendered":"Dunlop SP 346 + HL 315\/70 R22.5"},"content":{"rendered":"<p><strong>Dunlop SP346+ HL<\/strong> \u2013 auk\u0161tos klas\u0117s vairuojamosios a\u0161ies padangos sunkve\u017eimiams, sukurtos regioniniam ir tarpmiestiniam transportui visais met\u0173 laikais. Patobulintas protektoriaus ra\u0161tas u\u017etikrina auk\u0161t\u0105 rid\u0105, ger\u0105 sukibim\u0105 net esant sud\u0117tingoms keli\u0173 s\u0105lygoms, o anglies dioksido emisijos ma\u017einimas ir degal\u0173 sunaudojimo optimizavimas padeda gerinti transporto parko ekonomi\u0161kum\u0105.<br \/>\n<strong>Dunlop<\/strong> priklauso pasaulinei Goodyear grup\u0117s padang\u0173 \u0161eimai \u2014 \u012fmon\u0117 su daugiau nei \u0161imto met\u0173 patirtimi, orientuota \u012f auk\u0161tos kokyb\u0117s, inovatyvius sprendimus komercini\u0173 transporto padang\u0173 srityje.<\/p>","protected":false},"excerpt":{"rendered":"<p><strong>U\u017epildykite apa\u010dioje esan\u010dia form\u0105 ir pateiksime Jums pasi\u016blym\u0105.<\/strong><br \/>\n[wpforms id=\"1501\" title=\"false\"]<\/p>\n<p>Norint u\u017esakyti susisiekite:<br \/>\nTel.: +37068494498<br \/>\nWhatsApp: +37068494498<br \/>\nEl. pa\u0161tas: pardavimai@raifetas.lt<\/p>\n<p><strong>Montavimas, balansavimas ir remontas<\/strong><br \/>\nTel.: +37061429447<br \/>\nMontavimas adresu: Vytauto g. 2K, Garliava, Kauno rajonas<\/p>\n","protected":false},"featured_media":3182,"template":"","meta":[],"product_brand":[],"product_cat":[18],"product_tag":[],"class_list":{"0":"post-3186","1":"product","2":"type-product","3":"status-publish","4":"has-post-thumbnail","6":"product_cat-sunkvezimiu_padangos","8":"first","9":"outofstock","10":"taxable","11":"shipping-taxable","12":"product-type-simple"},"acf":[],"jetpack_sharing_enabled":true,"_links":{"self":[{"href":"https:\/\/raifetas.lt\/ru\/wp-json\/wp\/v2\/product\/3186","targetHints":{"allow":["GET"]}}],"collection":[{"href":"https:\/\/raifetas.lt\/ru\/wp-json\/wp\/v2\/product"}],"about":[{"href":"https:\/\/raifetas.lt\/ru\/wp-json\/wp\/v2\/types\/product"}],"wp:featuredmedia":[{"embeddable":true,"href":"https:\/\/raifetas.lt\/ru\/wp-json\/wp\/v2\/media\/3182"}],"wp:attachment":[{"href":"https:\/\/raifetas.lt\/ru\/wp-json\/wp\/v2\/media?parent=3186"}],"wp:term":[{"taxonomy":"product_brand","embeddable":true,"href":"https:\/\/raifetas.lt\/ru\/wp-json\/wp\/v2\/product_brand?post=3186"},{"taxonomy":"product_cat","embeddable":true,"href":"https:\/\/raifetas.lt\/ru\/wp-json\/wp\/v2\/product_cat?post=3186"},{"taxonomy":"product_tag","embeddable":true,"href":"https:\/\/raifetas.lt\/ru\/wp-json\/wp\/v2\/product_tag?post=3186"}],"curies":[{"name":"wp","href":"https:\/\/api.w.org\/{rel}","templated":true}]}}