{"id":3181,"date":"2025-02-25T16:20:52","date_gmt":"2025-02-25T16:20:52","guid":{"rendered":"https:\/\/raifetas.lt\/?post_type=product&#038;p=3181"},"modified":"2025-12-02T13:34:01","modified_gmt":"2025-12-02T13:34:01","slug":"dunlop-sp-346-315-80-r22-5","status":"publish","type":"product","link":"https:\/\/raifetas.lt\/ru\/product\/dunlop-sp-346-315-80-r22-5\/","title":{"rendered":"Dunlop SP 346 315\/80 R22.5"},"content":{"rendered":"<p><strong>&#8222;Dunlop SP346<\/strong> \u2013 patikimos ir ilgaam\u017e\u0117s vairuojamosios a\u0161ies padangos sunkve\u017eimiams, skirtos regioniniam ir tarpmiestiniam transportui. \u0160ios padangos pasi\u017eymi auk\u0161ta rida, geru sukibimu net \u017eiem\u0105 (\u017eym\u0117jimai\u202fM+S ir\u202f3PMSF) bei ma\u017eesn\u0117mis degal\u0173 s\u0105naudomis d\u0117l optimizuoto ried\u0117jimo pasiprie\u0161inimo. Psich\u0117ta konstrukcija ir tvirtas karkasas leid\u017eia u\u017etikrinti patikim\u0105 va\u017eiavim\u0105 visomis oro bei kelio s\u0105lygomis..<br \/>\n<strong>Dunlop<\/strong> priklauso pasaulinei Goodyear grup\u0117s padang\u0173 \u0161eimai \u2014 \u012fmon\u0117 su daugiau nei \u0161imto met\u0173 patirtimi, orientuota \u012f auk\u0161tos kokyb\u0117s, inovatyvius sprendimus komercini\u0173 transporto padang\u0173 srityje.&#8221;\t\t\t\t\t\t\t\t<\/p>","protected":false},"excerpt":{"rendered":"<p><strong>U\u017epildykite apa\u010dioje esan\u010dia form\u0105 ir pateiksime Jums pasi\u016blym\u0105.<\/strong><br \/>\n[wpforms id=\"1501\" title=\"false\"]<\/p>\n<p>Norint u\u017esakyti susisiekite:<br \/>\nTel.: +37068494498<br \/>\nWhatsApp: +37068494498<br \/>\nEl. pa\u0161tas: pardavimai@raifetas.lt<\/p>\n<p><strong>Montavimas, balansavimas ir remontas<\/strong><br \/>\nTel.: +37061429447<br \/>\nMontavimas adresu: Vytauto g. 2K, Garliava, Kauno rajonas<\/p>\n","protected":false},"featured_media":3182,"template":"","meta":[],"product_brand":[],"product_cat":[18],"product_tag":[],"class_list":{"0":"post-3181","1":"product","2":"type-product","3":"status-publish","4":"has-post-thumbnail","6":"product_cat-sunkvezimiu_padangos","8":"first","9":"outofstock","10":"taxable","11":"shipping-taxable","12":"product-type-simple"},"acf":[],"jetpack_sharing_enabled":true,"_links":{"self":[{"href":"https:\/\/raifetas.lt\/ru\/wp-json\/wp\/v2\/product\/3181","targetHints":{"allow":["GET"]}}],"collection":[{"href":"https:\/\/raifetas.lt\/ru\/wp-json\/wp\/v2\/product"}],"about":[{"href":"https:\/\/raifetas.lt\/ru\/wp-json\/wp\/v2\/types\/product"}],"wp:featuredmedia":[{"embeddable":true,"href":"https:\/\/raifetas.lt\/ru\/wp-json\/wp\/v2\/media\/3182"}],"wp:attachment":[{"href":"https:\/\/raifetas.lt\/ru\/wp-json\/wp\/v2\/media?parent=3181"}],"wp:term":[{"taxonomy":"product_brand","embeddable":true,"href":"https:\/\/raifetas.lt\/ru\/wp-json\/wp\/v2\/product_brand?post=3181"},{"taxonomy":"product_cat","embeddable":true,"href":"https:\/\/raifetas.lt\/ru\/wp-json\/wp\/v2\/product_cat?post=3181"},{"taxonomy":"product_tag","embeddable":true,"href":"https:\/\/raifetas.lt\/ru\/wp-json\/wp\/v2\/product_tag?post=3181"}],"curies":[{"name":"wp","href":"https:\/\/api.w.org\/{rel}","templated":true}]}}