{"id":3166,"date":"2025-02-25T15:32:39","date_gmt":"2025-02-25T15:32:39","guid":{"rendered":"https:\/\/raifetas.lt\/?post_type=product&#038;p=3166"},"modified":"2025-11-07T11:02:09","modified_gmt":"2025-11-07T11:02:09","slug":"bridgestone-duravis-r-steer-002-315-60-r22-5","status":"publish","type":"product","link":"https:\/\/raifetas.lt\/ru\/product\/bridgestone-duravis-r-steer-002-315-60-r22-5\/","title":{"rendered":"Bridgestone Duravis R-Steer 002 315\/60 R22.5"},"content":{"rendered":"<p><strong>Bridgestone\u202fDuravis\u202fR Steer\u202f002<\/strong> \u2013 patikimos vairuojamosios a\u0161ies padangos sunkve\u017eimiams, skirtos regioniniam ir tolimojo eismo transportui. Pa\u017eangus protektoriaus ra\u0161tas ir \u201eNanoPro Tech\u201c gumos mi\u0161inys u\u017etikrina ilg\u0105 rid\u0105, ger\u0105 sukibim\u0105 \u0161lapioje kelio dangoje bei ma\u017eesn\u012f ried\u0117jimo pasiprie\u0161inim\u0105, taupant degalus.<br \/>\n<strong>Bridgestone<\/strong> \u2013 pasaulin\u0117 padang\u0173 gamybos lyder\u0117, gaminanti auk\u0161tos kokyb\u0117s padangas sunkve\u017eimiams ir vilkikams su pa\u017eangiausiomis technologijomis, orientuotomis \u012f saugum\u0105, efektyvum\u0105 ir ilg\u0105 tarnavimo laik\u0105.<\/p>","protected":false},"excerpt":{"rendered":"<p>Kaina nurodyta be PVM.<\/p>\n<p><strong>U\u017epildykite apa\u010dioje esan\u010dia form\u0105 ir su Jumis susisieksime.<\/strong><br \/>\n[wpforms id=\"1501\" title=\"false\"]<\/p>\n<p>Norint u\u017esakyti susisiekite:<br \/>\nTel.: +37068494498<br \/>\nWhatsApp: +37068494498<br \/>\nEl. pa\u0161tas: pardavimai@raifetas.lt<\/p>\n<p><strong>Montavimas, balansavimas ir remontas<\/strong><br \/>\nTel.: +37061429447<br \/>\nMontavimas adresu: Vytauto g. 2K, Garliava, Kauno rajonas<\/p>\n","protected":false},"featured_media":3167,"template":"","meta":[],"product_brand":[],"product_cat":[18],"product_tag":[],"class_list":{"0":"post-3166","1":"product","2":"type-product","3":"status-publish","4":"has-post-thumbnail","6":"product_cat-sunkvezimiu_padangos","8":"first","9":"outofstock","10":"taxable","11":"shipping-taxable","12":"purchasable","13":"product-type-simple"},"acf":[],"jetpack_sharing_enabled":true,"_links":{"self":[{"href":"https:\/\/raifetas.lt\/ru\/wp-json\/wp\/v2\/product\/3166","targetHints":{"allow":["GET"]}}],"collection":[{"href":"https:\/\/raifetas.lt\/ru\/wp-json\/wp\/v2\/product"}],"about":[{"href":"https:\/\/raifetas.lt\/ru\/wp-json\/wp\/v2\/types\/product"}],"wp:featuredmedia":[{"embeddable":true,"href":"https:\/\/raifetas.lt\/ru\/wp-json\/wp\/v2\/media\/3167"}],"wp:attachment":[{"href":"https:\/\/raifetas.lt\/ru\/wp-json\/wp\/v2\/media?parent=3166"}],"wp:term":[{"taxonomy":"product_brand","embeddable":true,"href":"https:\/\/raifetas.lt\/ru\/wp-json\/wp\/v2\/product_brand?post=3166"},{"taxonomy":"product_cat","embeddable":true,"href":"https:\/\/raifetas.lt\/ru\/wp-json\/wp\/v2\/product_cat?post=3166"},{"taxonomy":"product_tag","embeddable":true,"href":"https:\/\/raifetas.lt\/ru\/wp-json\/wp\/v2\/product_tag?post=3166"}],"curies":[{"name":"wp","href":"https:\/\/api.w.org\/{rel}","templated":true}]}}