{"id":3164,"date":"2025-02-25T15:22:44","date_gmt":"2025-02-25T15:22:44","guid":{"rendered":"https:\/\/raifetas.lt\/?post_type=product&#038;p=3164"},"modified":"2025-12-02T13:37:46","modified_gmt":"2025-12-02T13:37:46","slug":"firestone-fs-424-315-80-r22-5","status":"publish","type":"product","link":"https:\/\/raifetas.lt\/ru\/product\/firestone-fs-424-315-80-r22-5\/","title":{"rendered":"Firestone FS 424 315\/80 R22.5"},"content":{"rendered":"<p><strong>&#8222;Firestone\u202fFS424 <\/strong>\u2013 auk\u0161\u010diausios klas\u0117s vairuojamosios a\u0161ies krovinin\u0117s padangos sunkve\u017eimiams, skirtos regioniniam ir magistraliniam naudojimui visais met\u0173 laikais. Pa\u017eangi \u201eEnliten\u202fTechnology\u201c konstrukcija u\u017etikrina iki 10\u201320\u202f% didesn\u0119 rid\u0105, puik\u0173 sukibim\u0105 ant \u0161lapios dangos (\u017eym\u0117jimai M+S ir 3PMSF) bei 8\u201315\u202f% ma\u017eesn\u012f ried\u0117jimo pasiprie\u0161inim\u0105 lyginant su ankstesniu modeliu.<br \/>\n<strong>Firestone<\/strong> priklauso pasaulinei Bridgestone korporacijai \u2013 vienam lyderiaujan\u010di\u0173 padang\u0173 gamintoj\u0173 pasaulyje, orientuotam \u012f inovacijas, efektyvum\u0105 ir tvarum\u0105 sunkve\u017eimi\u0173 transporto segmentuose. Firestone padangos yra pla\u010diai naudojamos tiek regioniniam, tiek tarptautiniam transportui.&#8221;\t\t\t\t\t\t\t\t<\/p>","protected":false},"excerpt":{"rendered":"<p>Kaina nurodyta be PVM.<\/p>\n<p><strong>U\u017epildykite apa\u010dioje esan\u010dia form\u0105 ir su Jumis susisieksime.<\/strong><br \/>\n[wpforms id=\"1501\" title=\"false\"]<\/p>\n<p>Norint u\u017esakyti susisiekite:<br \/>\nTel.: +37068494498<br \/>\nWhatsApp: +37068494498<br \/>\nEl. pa\u0161tas: pardavimai@raifetas.lt<\/p>\n<p><strong>Montavimas, balansavimas ir remontas<\/strong><br \/>\nTel.: +37061429447<br \/>\nMontavimas adresu: Vytauto g. 2K, Garliava, Kauno rajonas<\/p>\n","protected":false},"featured_media":3160,"template":"","meta":[],"product_brand":[],"product_cat":[18],"product_tag":[],"class_list":{"0":"post-3164","1":"product","2":"type-product","3":"status-publish","4":"has-post-thumbnail","6":"product_cat-sunkvezimiu_padangos","8":"first","9":"outofstock","10":"sale","11":"taxable","12":"shipping-taxable","13":"purchasable","14":"product-type-simple"},"acf":[],"jetpack_sharing_enabled":true,"_links":{"self":[{"href":"https:\/\/raifetas.lt\/ru\/wp-json\/wp\/v2\/product\/3164","targetHints":{"allow":["GET"]}}],"collection":[{"href":"https:\/\/raifetas.lt\/ru\/wp-json\/wp\/v2\/product"}],"about":[{"href":"https:\/\/raifetas.lt\/ru\/wp-json\/wp\/v2\/types\/product"}],"wp:featuredmedia":[{"embeddable":true,"href":"https:\/\/raifetas.lt\/ru\/wp-json\/wp\/v2\/media\/3160"}],"wp:attachment":[{"href":"https:\/\/raifetas.lt\/ru\/wp-json\/wp\/v2\/media?parent=3164"}],"wp:term":[{"taxonomy":"product_brand","embeddable":true,"href":"https:\/\/raifetas.lt\/ru\/wp-json\/wp\/v2\/product_brand?post=3164"},{"taxonomy":"product_cat","embeddable":true,"href":"https:\/\/raifetas.lt\/ru\/wp-json\/wp\/v2\/product_cat?post=3164"},{"taxonomy":"product_tag","embeddable":true,"href":"https:\/\/raifetas.lt\/ru\/wp-json\/wp\/v2\/product_tag?post=3164"}],"curies":[{"name":"wp","href":"https:\/\/api.w.org\/{rel}","templated":true}]}}