{"id":3141,"date":"2025-02-18T14:26:10","date_gmt":"2025-02-18T14:26:10","guid":{"rendered":"https:\/\/raifetas.lt\/?post_type=product&#038;p=3141"},"modified":"2026-04-21T09:15:05","modified_gmt":"2026-04-21T09:15:05","slug":"michelin-xmulti-d-315-70-r22-5","status":"publish","type":"product","link":"https:\/\/raifetas.lt\/ru\/product\/michelin-xmulti-d-315-70-r22-5\/","title":{"rendered":"Michelin X Multi D 315\/70 R22.5"},"content":{"rendered":"<p><strong>Michelin X\u202fMulti\u202fD<\/strong> \u2013 patikimos ir ilgaam\u017e\u0117s varan\u010diosios a\u0161ies krovinin\u0117s padangos sunkve\u017eimiams ir vilkikams, skirtos regioniniam transportui. Modernios \u201eREGENION\u2122\u201c ir \u201eInfini Coil\/PowerCoil\u201c technologijos u\u017etikrina didesn\u0119 rid\u0105, ger\u0105 sukibim\u0105 net nusid\u0117v\u0117jus protektoriui bei suma\u017eint\u0105 ried\u0117jimo pasiprie\u0161inim\u0105, padedant efektyviau eksploatuoti transporto park\u0105.<br \/>\n<strong>Michelin<\/strong> \u2013 tarptautin\u0117 padang\u0173 gamybos lyder\u0117, \u012fkurta 1889\u202fm. Pranc\u016bzijoje, veikianti daugiau nei 170 \u0161ali\u0173. \u012emon\u0117 gars\u0117ja inovacijomis, auk\u0161\u010diausia kokybe ir ilgaam\u017ei\u0161kumu, si\u016blydama komercini\u0173 transporto priemoni\u0173 padangas, kurios u\u017etikrina saugum\u0105, patikimum\u0105 ir efektyvum\u0105 sunkve\u017eimiams, vilkikams ir autobusams visame pasaulyje. <\/p>","protected":false},"excerpt":{"rendered":"<p><strong>U\u017epildykite apa\u010dioje esan\u010dia form\u0105 ir pateiksime Jums pasi\u016blym\u0105.<\/strong><br \/>\n[wpforms id=\"1501\" title=\"false\"]<\/p>\n<p>Norint u\u017esakyti susisiekite:<br \/>\nTel.: +37068494498<br \/>\nWhatsApp: +37068494498<br \/>\nEl. pa\u0161tas: pardavimai@raifetas.lt<\/p>\n<p><strong>Montavimas, balansavimas ir remontas<\/strong><br \/>\nTel.: +37061429447<br \/>\nMontavimas adresu: Vytauto g. 2K, Garliava, Kauno rajonas<\/p>\n","protected":false},"featured_media":4261,"template":"","meta":[],"product_brand":[],"product_cat":[18],"product_tag":[],"class_list":{"0":"post-3141","1":"product","2":"type-product","3":"status-publish","4":"has-post-thumbnail","6":"product_cat-sunkvezimiu_padangos","8":"first","9":"outofstock","10":"taxable","11":"shipping-taxable","12":"product-type-simple"},"acf":[],"jetpack_sharing_enabled":true,"_links":{"self":[{"href":"https:\/\/raifetas.lt\/ru\/wp-json\/wp\/v2\/product\/3141","targetHints":{"allow":["GET"]}}],"collection":[{"href":"https:\/\/raifetas.lt\/ru\/wp-json\/wp\/v2\/product"}],"about":[{"href":"https:\/\/raifetas.lt\/ru\/wp-json\/wp\/v2\/types\/product"}],"wp:featuredmedia":[{"embeddable":true,"href":"https:\/\/raifetas.lt\/ru\/wp-json\/wp\/v2\/media\/4261"}],"wp:attachment":[{"href":"https:\/\/raifetas.lt\/ru\/wp-json\/wp\/v2\/media?parent=3141"}],"wp:term":[{"taxonomy":"product_brand","embeddable":true,"href":"https:\/\/raifetas.lt\/ru\/wp-json\/wp\/v2\/product_brand?post=3141"},{"taxonomy":"product_cat","embeddable":true,"href":"https:\/\/raifetas.lt\/ru\/wp-json\/wp\/v2\/product_cat?post=3141"},{"taxonomy":"product_tag","embeddable":true,"href":"https:\/\/raifetas.lt\/ru\/wp-json\/wp\/v2\/product_tag?post=3141"}],"curies":[{"name":"wp","href":"https:\/\/api.w.org\/{rel}","templated":true}]}}