{"id":3138,"date":"2025-02-18T14:01:16","date_gmt":"2025-02-18T14:01:16","guid":{"rendered":"https:\/\/raifetas.lt\/?post_type=product&#038;p=3138"},"modified":"2025-11-07T14:48:54","modified_gmt":"2025-11-07T14:48:54","slug":"continental-contihybrid-hd5-315-70-r22-5","status":"publish","type":"product","link":"https:\/\/raifetas.lt\/ru\/product\/continental-contihybrid-hd5-315-70-r22-5\/","title":{"rendered":"Continental ContiHybrid HD5 315\/70 R22.5"},"content":{"rendered":"<p><strong>Continental ContiHybrid HD5<\/strong> \u2013 patikimos ir ilgaam\u017e\u0117s varan\u010diosios a\u0161ies krovinin\u0117s padangos sunkve\u017eimiams ir vilkikams, skirtos mi\u0161riai regioninei ir magistralinei eismo veiklai. Naujos kartos protektoriaus konstrukcija su 3D\u202flamel\u0117mis ir akmen\u0173 i\u0161st\u016bmimo zonomis u\u017etikrina ger\u0105 sukibim\u0105, vienod\u0105 d\u0117v\u0117jim\u0105si, iki 20\u202f% didesn\u0119 rid\u0105 bei ma\u017eesn\u012f ried\u0117jimo pasiprie\u0161inim\u0105.<br \/>\n<strong>Continental<\/strong> \u2013 Vokietijos kilm\u0117s tarptautin\u0117 padang\u0173 gamybos \u012fmon\u0117, lyderiaujanti komercini\u0173 transporto priemoni\u0173 padang\u0173 rinkoje, aktyviai investuojanti \u012f inovacijas, ilgaam\u017ei\u0161kum\u0105 ir ekologinius sprendimus. Continental padangos, pla\u010diai naudojamos tiek regioninio, tiek tolimojo transporto segmentuose, si\u016blant auk\u0161t\u0105 kokyb\u0119 ir patikimum\u0105 sunkve\u017eimiams ir vilkikams.<\/p>","protected":false},"excerpt":{"rendered":"<p><strong>U\u017epildykite apa\u010dioje esan\u010dia form\u0105 ir pateiksime Jums pasi\u016blym\u0105.<\/strong><br \/>\n[wpforms id=\"1501\" title=\"false\"]<\/p>\n<p>Norint u\u017esakyti susisiekite:<br \/>\nTel.: +37068494498<br \/>\nWhatsApp: +37068494498<br \/>\nEl. pa\u0161tas: pardavimai@raifetas.lt<\/p>\n<p><strong>Montavimas, balansavimas ir remontas<\/strong><br \/>\nTel.: +37061429447<br \/>\nMontavimas adresu: Vytauto g. 2K, Garliava, Kauno rajonas<\/p>\n","protected":false},"featured_media":3139,"template":"","meta":[],"product_brand":[],"product_cat":[18],"product_tag":[],"class_list":{"0":"post-3138","1":"product","2":"type-product","3":"status-publish","4":"has-post-thumbnail","6":"product_cat-sunkvezimiu_padangos","8":"first","9":"outofstock","10":"taxable","11":"shipping-taxable","12":"product-type-simple"},"acf":[],"jetpack_sharing_enabled":true,"_links":{"self":[{"href":"https:\/\/raifetas.lt\/ru\/wp-json\/wp\/v2\/product\/3138","targetHints":{"allow":["GET"]}}],"collection":[{"href":"https:\/\/raifetas.lt\/ru\/wp-json\/wp\/v2\/product"}],"about":[{"href":"https:\/\/raifetas.lt\/ru\/wp-json\/wp\/v2\/types\/product"}],"wp:featuredmedia":[{"embeddable":true,"href":"https:\/\/raifetas.lt\/ru\/wp-json\/wp\/v2\/media\/3139"}],"wp:attachment":[{"href":"https:\/\/raifetas.lt\/ru\/wp-json\/wp\/v2\/media?parent=3138"}],"wp:term":[{"taxonomy":"product_brand","embeddable":true,"href":"https:\/\/raifetas.lt\/ru\/wp-json\/wp\/v2\/product_brand?post=3138"},{"taxonomy":"product_cat","embeddable":true,"href":"https:\/\/raifetas.lt\/ru\/wp-json\/wp\/v2\/product_cat?post=3138"},{"taxonomy":"product_tag","embeddable":true,"href":"https:\/\/raifetas.lt\/ru\/wp-json\/wp\/v2\/product_tag?post=3138"}],"curies":[{"name":"wp","href":"https:\/\/api.w.org\/{rel}","templated":true}]}}