{"id":3129,"date":"2025-01-14T13:38:14","date_gmt":"2025-01-14T13:38:14","guid":{"rendered":"https:\/\/raifetas.lt\/?post_type=product&#038;p=3129"},"modified":"2025-12-02T11:27:31","modified_gmt":"2025-12-02T11:27:31","slug":"tegrys-te48-d-295-80-r22-5","status":"publish","type":"product","link":"https:\/\/raifetas.lt\/ru\/product\/tegrys-te48-d-295-80-r22-5\/","title":{"rendered":"Tegrys TE48-D 295\/80 R22.5"},"content":{"rendered":"<p><strong>Tegrys TE 48<\/strong>D \u2013 tvirtos ir patikimos krovinin\u0117s padangos sunkve\u017eimiams, vilkikams ir autobusams, skirtos varan\u010diajai a\u0161iai. Modernus protektoriaus ra\u0161tas u\u017etikrina ger\u0105 sukibim\u0105, tolyg\u0173 d\u0117v\u0117jim\u0105si ir stabil\u0173 va\u017eiavim\u0105 \u012fvairiomis kelio s\u0105lygomis.<br \/>\n<strong>Tegrys<\/strong> padangas gamina Prometeon Tyre Group \u2013 tarptautin\u0117 \u012fmon\u0117, i\u0161augusi i\u0161 Pirelli padalinio, kuri specializuojasi krovininio transporto padang\u0173 gamyboje ir tiekia produkcij\u0105 daugiau nei 100 \u0161ali\u0173.\t\t\t\t\t\t\t\t<\/p>","protected":false},"excerpt":{"rendered":"<p>Kaina nurodyta be PVM.<\/p>\n<p><strong>U\u017epildykite apa\u010dioje esan\u010dia form\u0105 ir su Jumis susisieksime.<\/strong><br \/>\n[wpforms id=\"1501\" title=\"false\"]<\/p>\n<p>Norint u\u017esakyti susisiekite:<br \/>\nTel.: +37068494498<br \/>\nWhatsApp: +37068494498<br \/>\nEl. pa\u0161tas: pardavimai@raifetas.lt<\/p>\n<p><strong>Montavimas, balansavimas ir remontas<\/strong><br \/>\nTel.: +37061429447<br \/>\nMontavimas adresu: Vytauto g. 2K, Garliava, Kauno rajonas<\/p>\n","protected":false},"featured_media":3237,"template":"","meta":[],"product_brand":[],"product_cat":[18],"product_tag":[],"class_list":{"0":"post-3129","1":"product","2":"type-product","3":"status-publish","4":"has-post-thumbnail","6":"product_cat-sunkvezimiu_padangos","8":"first","9":"outofstock","10":"sale","11":"taxable","12":"shipping-taxable","13":"purchasable","14":"product-type-simple"},"acf":[],"jetpack_sharing_enabled":true,"_links":{"self":[{"href":"https:\/\/raifetas.lt\/ru\/wp-json\/wp\/v2\/product\/3129","targetHints":{"allow":["GET"]}}],"collection":[{"href":"https:\/\/raifetas.lt\/ru\/wp-json\/wp\/v2\/product"}],"about":[{"href":"https:\/\/raifetas.lt\/ru\/wp-json\/wp\/v2\/types\/product"}],"wp:featuredmedia":[{"embeddable":true,"href":"https:\/\/raifetas.lt\/ru\/wp-json\/wp\/v2\/media\/3237"}],"wp:attachment":[{"href":"https:\/\/raifetas.lt\/ru\/wp-json\/wp\/v2\/media?parent=3129"}],"wp:term":[{"taxonomy":"product_brand","embeddable":true,"href":"https:\/\/raifetas.lt\/ru\/wp-json\/wp\/v2\/product_brand?post=3129"},{"taxonomy":"product_cat","embeddable":true,"href":"https:\/\/raifetas.lt\/ru\/wp-json\/wp\/v2\/product_cat?post=3129"},{"taxonomy":"product_tag","embeddable":true,"href":"https:\/\/raifetas.lt\/ru\/wp-json\/wp\/v2\/product_tag?post=3129"}],"curies":[{"name":"wp","href":"https:\/\/api.w.org\/{rel}","templated":true}]}}