{"id":3121,"date":"2025-01-14T10:27:14","date_gmt":"2025-01-14T10:27:14","guid":{"rendered":"https:\/\/raifetas.lt\/?post_type=product&#038;p=3121"},"modified":"2025-12-02T14:42:39","modified_gmt":"2025-12-02T14:42:39","slug":"bridgestone-duravis-r-trailer-002-385-65-r22-5","status":"publish","type":"product","link":"https:\/\/raifetas.lt\/ru\/product\/bridgestone-duravis-r-trailer-002-385-65-r22-5\/","title":{"rendered":"Bridgestone Duravis R-Trailer 002 385\/65 R22.5"},"content":{"rendered":"<p><strong>Bridgestone\u202fDuravis\u202fR Trailer\u202f002<\/strong> \u2013 premium klas\u0117s, krovinin\u0117s priekab\u0173 ir puspriekabi\u0173 padangos, skirtos intensyviai regioninei ir tolimojo eismo eksploatacijai. Pa\u017eangios technologijos kaip \u201eNanoPro\u202fTech\u201c bei \u201eCTDM\u201c u\u017etikrina ma\u017eesn\u012f ried\u0117jimo pasiprie\u0161inim\u0105, ger\u0105 sukibim\u0105 ant \u0161lapios dangos ir ilgesn\u0119 rid\u0105.<br \/>\n<strong>Bridgestone<\/strong> \u2013 pasaulin\u0117 padang\u0173 gamybos lyder\u0117, gaminanti auk\u0161tos kokyb\u0117s padangas sunkve\u017eimiams ir vilkikams su pa\u017eangiausiomis technologijomis, orientuotomis \u012f saugum\u0105, efektyvum\u0105 ir ilg\u0105 tarnavimo laik\u0105.<\/p>","protected":false},"excerpt":{"rendered":"<p><strong>U\u017epildykite apa\u010dioje esan\u010dia form\u0105 ir pateiksime Jums pasi\u016blym\u0105.<\/strong><br \/>\n[wpforms id=\"1501\" title=\"false\"]<\/p>\n<p>Norint u\u017esakyti susisiekite:<br \/>\nTel.: +37068494498<br \/>\nWhatsApp: +37068494498<br \/>\nEl. pa\u0161tas: pardavimai@raifetas.lt<\/p>\n<p><strong>Montavimas, balansavimas ir remontas<\/strong><br \/>\nTel.: +37061429447<br \/>\nMontavimas adresu: Vytauto g. 2K, Garliava, Kauno rajonas<\/p>\n","protected":false},"featured_media":3122,"template":"","meta":[],"product_brand":[],"product_cat":[18],"product_tag":[],"class_list":{"0":"post-3121","1":"product","2":"type-product","3":"status-publish","4":"has-post-thumbnail","6":"product_cat-sunkvezimiu_padangos","8":"first","9":"outofstock","10":"taxable","11":"shipping-taxable","12":"product-type-simple"},"acf":[],"jetpack_sharing_enabled":true,"_links":{"self":[{"href":"https:\/\/raifetas.lt\/ru\/wp-json\/wp\/v2\/product\/3121","targetHints":{"allow":["GET"]}}],"collection":[{"href":"https:\/\/raifetas.lt\/ru\/wp-json\/wp\/v2\/product"}],"about":[{"href":"https:\/\/raifetas.lt\/ru\/wp-json\/wp\/v2\/types\/product"}],"wp:featuredmedia":[{"embeddable":true,"href":"https:\/\/raifetas.lt\/ru\/wp-json\/wp\/v2\/media\/3122"}],"wp:attachment":[{"href":"https:\/\/raifetas.lt\/ru\/wp-json\/wp\/v2\/media?parent=3121"}],"wp:term":[{"taxonomy":"product_brand","embeddable":true,"href":"https:\/\/raifetas.lt\/ru\/wp-json\/wp\/v2\/product_brand?post=3121"},{"taxonomy":"product_cat","embeddable":true,"href":"https:\/\/raifetas.lt\/ru\/wp-json\/wp\/v2\/product_cat?post=3121"},{"taxonomy":"product_tag","embeddable":true,"href":"https:\/\/raifetas.lt\/ru\/wp-json\/wp\/v2\/product_tag?post=3121"}],"curies":[{"name":"wp","href":"https:\/\/api.w.org\/{rel}","templated":true}]}}