{"id":3109,"date":"2025-01-14T09:56:47","date_gmt":"2025-01-14T09:56:47","guid":{"rendered":"https:\/\/raifetas.lt\/?post_type=product&#038;p=3109"},"modified":"2025-12-02T14:41:18","modified_gmt":"2025-12-02T14:41:18","slug":"bridgestone-vsteelrib-r168plus-385-65-r22-5","status":"publish","type":"product","link":"https:\/\/raifetas.lt\/ru\/product\/bridgestone-vsteelrib-r168plus-385-65-r22-5\/","title":{"rendered":"Bridgestone V-Steel Rib R168+ 385\/65 R22.5"},"content":{"rendered":"<p><strong>Bridgestone V Steel\u202fRib\u202fR168+<\/strong> \u2013 patikimos ir ilgaam\u017e\u0117s priekab\u0173 bei puspriekabi\u0173 padangos, skirtos regioniniam ir tarpmiestiniam krovininiam transportui. Stiprintas karkasas ir didelis protektoriaus t\u016bris u\u017etikrina ilg\u0105 rid\u0105, tolyg\u0173 d\u0117v\u0117jim\u0105si bei stabil\u0173 eksploatavim\u0105 \u012fvairiomis kelio ir oro s\u0105lygomis.<br \/>\n<strong>Bridgestone<\/strong> \u2013 pasaulin\u0117 padang\u0173 gamybos lyder\u0117, gaminanti auk\u0161tos kokyb\u0117s padangas sunkve\u017eimiams ir vilkikams su pa\u017eangiausiomis technologijomis, orientuotomis \u012f saugum\u0105, efektyvum\u0105 ir ilg\u0105 tarnavimo laik\u0105.<\/p>","protected":false},"excerpt":{"rendered":"<p>Kaina nurodyta be PVM.<\/p>\n<p><strong>U\u017epildykite apa\u010dioje esan\u010dia form\u0105 ir su Jumis susisieksime.<\/strong><br \/>\n[wpforms id=\"1501\" title=\"false\"]<\/p>\n<p>Norint u\u017esakyti susisiekite:<br \/>\nTel.: +37068494498<br \/>\nWhatsApp: +37068494498<br \/>\nEl. pa\u0161tas: pardavimai@raifetas.lt<\/p>\n<p><strong>Montavimas, balansavimas ir remontas<\/strong><br \/>\nTel.: +37061429447<br \/>\nMontavimas adresu: Vytauto g. 2K, Garliava, Kauno rajonas<\/p>\n","protected":false},"featured_media":3110,"template":"","meta":[],"product_brand":[],"product_cat":[18],"product_tag":[],"class_list":{"0":"post-3109","1":"product","2":"type-product","3":"status-publish","4":"has-post-thumbnail","6":"product_cat-sunkvezimiu_padangos","8":"first","9":"outofstock","10":"taxable","11":"shipping-taxable","12":"purchasable","13":"product-type-simple"},"acf":[],"jetpack_sharing_enabled":true,"_links":{"self":[{"href":"https:\/\/raifetas.lt\/ru\/wp-json\/wp\/v2\/product\/3109","targetHints":{"allow":["GET"]}}],"collection":[{"href":"https:\/\/raifetas.lt\/ru\/wp-json\/wp\/v2\/product"}],"about":[{"href":"https:\/\/raifetas.lt\/ru\/wp-json\/wp\/v2\/types\/product"}],"wp:featuredmedia":[{"embeddable":true,"href":"https:\/\/raifetas.lt\/ru\/wp-json\/wp\/v2\/media\/3110"}],"wp:attachment":[{"href":"https:\/\/raifetas.lt\/ru\/wp-json\/wp\/v2\/media?parent=3109"}],"wp:term":[{"taxonomy":"product_brand","embeddable":true,"href":"https:\/\/raifetas.lt\/ru\/wp-json\/wp\/v2\/product_brand?post=3109"},{"taxonomy":"product_cat","embeddable":true,"href":"https:\/\/raifetas.lt\/ru\/wp-json\/wp\/v2\/product_cat?post=3109"},{"taxonomy":"product_tag","embeddable":true,"href":"https:\/\/raifetas.lt\/ru\/wp-json\/wp\/v2\/product_tag?post=3109"}],"curies":[{"name":"wp","href":"https:\/\/api.w.org\/{rel}","templated":true}]}}