{"id":3052,"date":"2025-01-13T13:12:12","date_gmt":"2025-01-13T13:12:12","guid":{"rendered":"https:\/\/raifetas.lt\/?post_type=product&#038;p=3052"},"modified":"2025-12-03T12:54:27","modified_gmt":"2025-12-03T12:54:27","slug":"trazano-trans-t41-205-65-r17-5","status":"publish","type":"product","link":"https:\/\/raifetas.lt\/ru\/product\/trazano-trans-t41-205-65-r17-5\/","title":{"rendered":"Trazano Trans T41 205\/65 R17.5"},"content":{"rendered":"<p><strong>Trazano Trans T41<\/strong> \u2013 patikimos ir ekonomi\u0161kos priekab\u0173 \/ puspriekabi\u0173 padangos, skirtos regioniniam ir tarpmiestiniam krovini\u0173 transportui. Protektoriaus ra\u0161tas su giliomis griovel\u0117mis ir tvirtas karkasas u\u017etikrina stabil\u0173 va\u017eiavim\u0105, tolyg\u0173 d\u0117v\u0117jim\u0105\u012fsi ir ger\u0105 sukibim\u0105 tiek sausoje, tiek \u0161lapioje kelio dangoje.<br \/>\n<strong>Trazano<\/strong> \u2013 tarptautinis padang\u0173 prek\u0117s \u017eenklas, priklausantis Kinijos did\u017eiausiam gamintojui Zhongce Rubber Group (ZC-Rubber), kuris specializuojasi \u012fvairi\u0173 klasi\u0173 komercini\u0173 padang\u0173 gamyboje, tvirtai orientuotoje \u012f naudotoj\u0173 l\u016bkes\u010dius d\u0117l ilgaam\u017ei\u0161kumo ir s\u0105naud\u0173 efektyvumo.\t\t\t\t\t\t\t\t<\/p>","protected":false},"excerpt":{"rendered":"<p>Kaina nurodyta be PVM.<\/p>\n<p><strong>U\u017epildykite apa\u010dioje esan\u010dia form\u0105 ir su Jumis susisieksime.<\/strong><br \/>\n[wpforms id=\"1501\" title=\"false\"]<\/p>\n<p>Norint u\u017esakyti susisiekite:<br \/>\nTel.: +37068494498<br \/>\nWhatsApp: +37068494498<br \/>\nEl. pa\u0161tas: pardavimai@raifetas.lt<\/p>\n<p><strong>Montavimas, balansavimas ir remontas<\/strong><br \/>\nTel.: +37061429447<br \/>\nMontavimas adresu: Vytauto g. 2K, Garliava, Kauno rajonas<\/p>\n","protected":false},"featured_media":3053,"template":"","meta":[],"product_brand":[],"product_cat":[18],"product_tag":[],"class_list":{"0":"post-3052","1":"product","2":"type-product","3":"status-publish","4":"has-post-thumbnail","6":"product_cat-sunkvezimiu_padangos","8":"first","9":"outofstock","10":"taxable","11":"shipping-taxable","12":"purchasable","13":"product-type-simple"},"acf":[],"jetpack_sharing_enabled":true,"_links":{"self":[{"href":"https:\/\/raifetas.lt\/ru\/wp-json\/wp\/v2\/product\/3052","targetHints":{"allow":["GET"]}}],"collection":[{"href":"https:\/\/raifetas.lt\/ru\/wp-json\/wp\/v2\/product"}],"about":[{"href":"https:\/\/raifetas.lt\/ru\/wp-json\/wp\/v2\/types\/product"}],"wp:featuredmedia":[{"embeddable":true,"href":"https:\/\/raifetas.lt\/ru\/wp-json\/wp\/v2\/media\/3053"}],"wp:attachment":[{"href":"https:\/\/raifetas.lt\/ru\/wp-json\/wp\/v2\/media?parent=3052"}],"wp:term":[{"taxonomy":"product_brand","embeddable":true,"href":"https:\/\/raifetas.lt\/ru\/wp-json\/wp\/v2\/product_brand?post=3052"},{"taxonomy":"product_cat","embeddable":true,"href":"https:\/\/raifetas.lt\/ru\/wp-json\/wp\/v2\/product_cat?post=3052"},{"taxonomy":"product_tag","embeddable":true,"href":"https:\/\/raifetas.lt\/ru\/wp-json\/wp\/v2\/product_tag?post=3052"}],"curies":[{"name":"wp","href":"https:\/\/api.w.org\/{rel}","templated":true}]}}