{"id":3040,"date":"2025-01-09T08:50:15","date_gmt":"2025-01-09T08:50:15","guid":{"rendered":"https:\/\/raifetas.lt\/?post_type=product&#038;p=3040"},"modified":"2025-12-02T14:18:26","modified_gmt":"2025-12-02T14:18:26","slug":"ralson-rdr-75-315-80-r22-5","status":"publish","type":"product","link":"https:\/\/raifetas.lt\/ru\/product\/ralson-rdr-75-315-80-r22-5\/","title":{"rendered":"Ralson RDR 75 315\/80 R22.5"},"content":{"rendered":"<p><strong>Ralson RDR75<\/strong> \u2013 patikimos ir ilgaam\u017e\u0117s krovinin\u0117s padangos sunkve\u017eimiams, vilkikams ir autobusams. Modernus protektoriaus ra\u0161tas su pla\u010diais atvirais protektoriaus r\u0117\u017eiais ir daugiafunkc\u0117mis lamel\u0117mis u\u017etikrina vienod\u0105 d\u0117v\u0117jim\u0105si, ger\u0105 sukibim\u0105 ant \u0161lapios dangos bei minimalias degal\u0173 s\u0105naudas.<br \/>\n<strong>Ralson<\/strong> \u2013 prek\u0117s \u017eenklas, veikl\u0105 prad\u0117j\u0119s 1974\u202fm. Indijoje ir dabar tiekiantis komercines padangas daugiau nei 70 \u0161ali\u0173 \u2013 profesionaliems transporto parkams, ie\u0161kantiems auk\u0161tos kokyb\u0117s u\u017e prieinam\u0105 kain\u0105.<\/p>","protected":false},"excerpt":{"rendered":"<p>Kaina nurodyta be PVM.<\/p>\n<p><strong>U\u017epildykite apa\u010dioje esan\u010dia form\u0105 ir su Jumis susisieksime.<\/strong><br \/>\n[wpforms id=\"1501\" title=\"false\"]<\/p>\n<p>Norint u\u017esakyti susisiekite:<br \/>\nTel.: +37068494498<br \/>\nWhatsApp: +37068494498<br \/>\nEl. pa\u0161tas: pardavimai@raifetas.lt<\/p>\n<p><strong>Montavimas, balansavimas ir remontas<\/strong><br \/>\nTel.: +37061429447<br \/>\nMontavimas adresu: Vytauto g. 2K, Garliava, Kauno rajonas<\/p>\n","protected":false},"featured_media":3038,"template":"","meta":[],"product_brand":[],"product_cat":[18],"product_tag":[],"class_list":{"0":"post-3040","1":"product","2":"type-product","3":"status-publish","4":"has-post-thumbnail","6":"product_cat-sunkvezimiu_padangos","8":"first","9":"outofstock","10":"taxable","11":"shipping-taxable","12":"purchasable","13":"product-type-simple"},"acf":[],"jetpack_sharing_enabled":true,"_links":{"self":[{"href":"https:\/\/raifetas.lt\/ru\/wp-json\/wp\/v2\/product\/3040","targetHints":{"allow":["GET"]}}],"collection":[{"href":"https:\/\/raifetas.lt\/ru\/wp-json\/wp\/v2\/product"}],"about":[{"href":"https:\/\/raifetas.lt\/ru\/wp-json\/wp\/v2\/types\/product"}],"wp:featuredmedia":[{"embeddable":true,"href":"https:\/\/raifetas.lt\/ru\/wp-json\/wp\/v2\/media\/3038"}],"wp:attachment":[{"href":"https:\/\/raifetas.lt\/ru\/wp-json\/wp\/v2\/media?parent=3040"}],"wp:term":[{"taxonomy":"product_brand","embeddable":true,"href":"https:\/\/raifetas.lt\/ru\/wp-json\/wp\/v2\/product_brand?post=3040"},{"taxonomy":"product_cat","embeddable":true,"href":"https:\/\/raifetas.lt\/ru\/wp-json\/wp\/v2\/product_cat?post=3040"},{"taxonomy":"product_tag","embeddable":true,"href":"https:\/\/raifetas.lt\/ru\/wp-json\/wp\/v2\/product_tag?post=3040"}],"curies":[{"name":"wp","href":"https:\/\/api.w.org\/{rel}","templated":true}]}}