{"id":3007,"date":"2025-01-08T14:16:54","date_gmt":"2025-01-08T14:16:54","guid":{"rendered":"https:\/\/raifetas.lt\/?post_type=product&#038;p=3007"},"modified":"2025-11-07T14:43:57","modified_gmt":"2025-11-07T14:43:57","slug":"firestone-fd-624-315-60-r22-5","status":"publish","type":"product","link":"https:\/\/raifetas.lt\/ru\/product\/firestone-fd-624-315-60-r22-5\/","title":{"rendered":"Firestone FD 624 315\/60 R22.5"},"content":{"rendered":"<p><strong>Firestone FD624<\/strong> \u2013 patikimos ir ekonomi\u0161kos krovinin\u0117s padangos sunkve\u017eimiams, vilkikams ir autobusams, skirtos varan\u010diajai a\u0161iai regioniniam bei mi\u0161riajam eismui. Naujos kartos konstrukcija su \u201eENLITEN\u201c technologija u\u017etikrina ilgesn\u012f tarnavimo laik\u0105, geresn\u012f degal\u0173 efektyvum\u0105 ir stabil\u0173 va\u017eiavim\u0105 \u012fvairiomis kelio s\u0105lygomis.<br \/>\n<strong>Firestone<\/strong> priklauso pasaulinei Bridgestone korporacijai \u2013 vienam lyderiaujan\u010di\u0173 padang\u0173 gamintoj\u0173 pasaulyje, orientuotam \u012f inovacijas, efektyvum\u0105 ir tvarum\u0105 sunkve\u017eimi\u0173 transporto segmentuose. Firestone padangos yra pla\u010diai naudojamos tiek regioniniam, tiek tarptautiniam transportui.<\/p>","protected":false},"excerpt":{"rendered":"<p>Kaina nurodyta be PVM.<\/p>\n<p><strong>U\u017epildykite apa\u010dioje esan\u010dia form\u0105 ir su Jumis susisieksime.<\/strong><br \/>\n[wpforms id=\"1501\" title=\"false\"]<\/p>\n<p>Norint u\u017esakyti susisiekite:<br \/>\nTel.: +37068494498<br \/>\nWhatsApp: +37068494498<br \/>\nEl. pa\u0161tas: pardavimai@raifetas.lt<\/p>\n<p><strong>Montavimas, balansavimas ir remontas<\/strong><br \/>\nTel.: +37061429447<br \/>\nMontavimas adresu: Vytauto g. 2K, Garliava, Kauno rajonas<\/p>\n","protected":false},"featured_media":3005,"template":"","meta":[],"product_brand":[],"product_cat":[18],"product_tag":[],"class_list":{"0":"post-3007","1":"product","2":"type-product","3":"status-publish","4":"has-post-thumbnail","6":"product_cat-sunkvezimiu_padangos","8":"first","9":"outofstock","10":"sale","11":"taxable","12":"shipping-taxable","13":"purchasable","14":"product-type-simple"},"acf":[],"jetpack_sharing_enabled":true,"_links":{"self":[{"href":"https:\/\/raifetas.lt\/ru\/wp-json\/wp\/v2\/product\/3007","targetHints":{"allow":["GET"]}}],"collection":[{"href":"https:\/\/raifetas.lt\/ru\/wp-json\/wp\/v2\/product"}],"about":[{"href":"https:\/\/raifetas.lt\/ru\/wp-json\/wp\/v2\/types\/product"}],"wp:featuredmedia":[{"embeddable":true,"href":"https:\/\/raifetas.lt\/ru\/wp-json\/wp\/v2\/media\/3005"}],"wp:attachment":[{"href":"https:\/\/raifetas.lt\/ru\/wp-json\/wp\/v2\/media?parent=3007"}],"wp:term":[{"taxonomy":"product_brand","embeddable":true,"href":"https:\/\/raifetas.lt\/ru\/wp-json\/wp\/v2\/product_brand?post=3007"},{"taxonomy":"product_cat","embeddable":true,"href":"https:\/\/raifetas.lt\/ru\/wp-json\/wp\/v2\/product_cat?post=3007"},{"taxonomy":"product_tag","embeddable":true,"href":"https:\/\/raifetas.lt\/ru\/wp-json\/wp\/v2\/product_tag?post=3007"}],"curies":[{"name":"wp","href":"https:\/\/api.w.org\/{rel}","templated":true}]}}