{"id":2734,"date":"2024-10-22T10:04:25","date_gmt":"2024-10-22T10:04:25","guid":{"rendered":"https:\/\/raifetas.lt\/?post_type=product&#038;p=2734"},"modified":"2025-12-01T12:35:56","modified_gmt":"2025-12-01T12:35:56","slug":"bs-drd-002-315-70-r22-5","status":"publish","type":"product","link":"https:\/\/raifetas.lt\/ru\/product\/bs-drd-002-315-70-r22-5\/","title":{"rendered":"Bridgestone Duravis R-Drive 002 315\/70 R22.5"},"content":{"rendered":"<p><strong>Bridgestone Duravis R\u2011Drive 002<\/strong> \u2013 patikimos ir ilgaam\u017e\u0117s varan\u010diosios a\u0161ies krovinin\u0117s padangos sunkve\u017eimiams ir vilkikams, skirtos regioniniam ir magistraliniam transportui. Moderni protektoriaus konstrukcija su \u201eNanoPro\u2011Tech\u201c ir \u201eLow\u202fEnergy Pattern\u201c technologijomis u\u017etikrina ger\u0105 sukibim\u0105, tolyg\u0173 d\u0117v\u0117jim\u0105si ir ma\u017eesn\u012f ried\u0117jimo pasiprie\u0161inim\u0105.<br \/>\n<strong>Bridgestone<\/strong> \u2013 pasaulin\u0117 padang\u0173 gamybos lyder\u0117, gaminanti auk\u0161tos kokyb\u0117s padangas sunkve\u017eimiams ir vilkikams su pa\u017eangiausiomis technologijomis, orientuotomis \u012f saugum\u0105, efektyvum\u0105 ir ilg\u0105 tarnavimo laik\u0105.<\/p>","protected":false},"excerpt":{"rendered":"<p><strong>U\u017epildykite apa\u010dioje esan\u010dia form\u0105 ir pateiksime Jums pasi\u016blym\u0105.<\/strong><br \/>\n[wpforms id=\"1501\" title=\"false\"]<\/p>\n<p>Norint u\u017esakyti susisiekite:<br \/>\nTel.: +37068494498<br \/>\nWhatsApp: +37068494498<br \/>\nEl. pa\u0161tas: pardavimai@raifetas.lt<\/p>\n<p><strong>Montavimas, balansavimas ir remontas<\/strong><br \/>\nTel.: +37061429447<br \/>\nMontavimas adresu: Vytauto g. 2K, Garliava, Kauno rajonas<\/p>\n","protected":false},"featured_media":3023,"template":"","meta":[],"product_brand":[],"product_cat":[18],"product_tag":[],"class_list":{"0":"post-2734","1":"product","2":"type-product","3":"status-publish","4":"has-post-thumbnail","6":"product_cat-sunkvezimiu_padangos","8":"first","9":"outofstock","10":"taxable","11":"shipping-taxable","12":"product-type-simple"},"acf":[],"jetpack_sharing_enabled":true,"_links":{"self":[{"href":"https:\/\/raifetas.lt\/ru\/wp-json\/wp\/v2\/product\/2734","targetHints":{"allow":["GET"]}}],"collection":[{"href":"https:\/\/raifetas.lt\/ru\/wp-json\/wp\/v2\/product"}],"about":[{"href":"https:\/\/raifetas.lt\/ru\/wp-json\/wp\/v2\/types\/product"}],"wp:featuredmedia":[{"embeddable":true,"href":"https:\/\/raifetas.lt\/ru\/wp-json\/wp\/v2\/media\/3023"}],"wp:attachment":[{"href":"https:\/\/raifetas.lt\/ru\/wp-json\/wp\/v2\/media?parent=2734"}],"wp:term":[{"taxonomy":"product_brand","embeddable":true,"href":"https:\/\/raifetas.lt\/ru\/wp-json\/wp\/v2\/product_brand?post=2734"},{"taxonomy":"product_cat","embeddable":true,"href":"https:\/\/raifetas.lt\/ru\/wp-json\/wp\/v2\/product_cat?post=2734"},{"taxonomy":"product_tag","embeddable":true,"href":"https:\/\/raifetas.lt\/ru\/wp-json\/wp\/v2\/product_tag?post=2734"}],"curies":[{"name":"wp","href":"https:\/\/api.w.org\/{rel}","templated":true}]}}