{"id":187,"date":"2022-01-12T14:24:48","date_gmt":"2022-01-12T14:24:48","guid":{"rendered":"https:\/\/impreza35.us-themes.com\/?page_id=187"},"modified":"2022-08-02T17:55:26","modified_gmt":"2022-08-02T17:55:26","slug":"ekologija","status":"publish","type":"page","link":"https:\/\/raifetas.lt\/ru\/ekologija\/","title":{"rendered":"\u042d\u043a\u043e\u043b\u043e\u0433\u0438\u044f"},"content":{"rendered":"<section class=\"l-section wpb_row height_medium\"><div class=\"l-section-h i-cf\"><div class=\"g-cols vc_row via_grid cols_1 laptops-cols_inherit tablets-cols_inherit mobiles-cols_1 valign_top type_default stacking_default\"><div class=\"wpb_column vc_column_container\"><div class=\"vc_column-inner\"><h1 class=\"w-text us_custom_eb849559\"><span class=\"w-text-h\"><span class=\"w-text-value\">\u042d\u043a\u043e\u043b\u043e\u0433\u0438\u044f<\/span><\/span><\/h1><\/div><\/div><\/div><\/div><\/section><section class=\"l-section wpb_row us_custom_0e1e04c8 height_huge\"><div class=\"l-section-h i-cf\"><div class=\"g-cols vc_row via_grid cols_2 laptops-cols_2 tablets-cols_1 mobiles-cols_1 valign_top type_default stacking_default\" style=\"--gap:0rem;\"><div class=\"wpb_column vc_column_container us_custom_fa9e18cb has_bg_color\"><div class=\"vc_column-inner\"><h3 class=\"w-text us_custom_ac345183\"><span class=\"w-text-h\"><span class=\"w-text-value\">Galime pad\u0117ti<\/span><\/span><\/h3><div class=\"wpb_text_column us_custom_3bdcc6ee\"><div class=\"wpb_wrapper\"><p class=\"p1\"><span class=\"s1\">\u0417\u0410\u041e \u00abRaifetas\u00bb \u0432 \u0441\u043e\u043e\u0442\u0432\u0435\u0442\u0441\u0442\u0432\u0438\u0438 \u0441 \u0417\u0430\u043a\u043e\u043d\u043e\u043c \u043e\u0431 \u0443\u043f\u0440\u0430\u0432\u043b\u0435\u043d\u0438\u0438 \u043e\u0442\u0445\u043e\u0434\u0430\u043c\u0438 \u041b\u0438\u0442\u043e\u0432\u0441\u043a\u043e\u0439 \u0420\u0435\u0441\u043f\u0443\u0431\u043b\u0438\u043a\u0438 \u043f\u0440\u0438\u043d\u0438\u043c\u0430\u0435\u0442 \u043e\u0442 \u043a\u043b\u0438\u0435\u043d\u0442\u043e\u0432 \u0431\u044b\u0432\u0448\u0438\u0435 \u0432 \u0443\u043f\u043e\u0442\u0440\u0435\u0431\u043b\u0435\u043d\u0438\u0438 \u0448\u0438\u043d\u044b \u0432 \u0441\u043e\u043e\u0442\u0432\u0435\u0442\u0441\u0442\u0432\u0438\u0438 \u0441 \u0443\u0441\u043b\u043e\u0432\u0438\u044f\u043c\u0438, \u043f\u0440\u0435\u0434\u0443\u0441\u043c\u043e\u0442\u0440\u0435\u043d\u043d\u044b\u043c\u0438 \u0432 \u0437\u0430\u043a\u043e\u043d\u0435. \u041d\u0430\u0448\u0430 \u043a\u043e\u043c\u043f\u0430\u043d\u0438\u044f \u043f\u0435\u0440\u0435\u0434\u0430\u0441\u0442 \u0432\u0430\u0448\u0438 \u0431\u044b\u0432\u0448\u0438\u0435 \u0432 \u0443\u043f\u043e\u0442\u0440\u0435\u0431\u043b\u0435\u043d\u0438\u0438 \u043e\u0442\u0445\u043e\u0434\u044b \u043a\u043e\u043c\u043f\u0430\u043d\u0438\u044f\u043c \u043f\u043e \u0443\u0442\u0438\u043b\u0438\u0437\u0430\u0446\u0438\u0438 \u043e\u0442\u0445\u043e\u0434\u043e\u0432, \u043a\u043e\u0442\u043e\u0440\u044b\u0435 \u0438\u0445 \u043f\u0435\u0440\u0435\u0440\u0430\u0431\u043e\u0442\u0430\u044e\u0442 \u0434\u043e\u043b\u0436\u043d\u044b\u043c \u043e\u0431\u0440\u0430\u0437\u043e\u043c (\u043f\u043e\u0434\u0433\u043e\u0442\u043e\u0432\u044f\u0442 \u043a \u043f\u0435\u0440\u0435\u0440\u0430\u0431\u043e\u0442\u043a\u0435 \u0438\u043b\u0438 \u043f\u0435\u0440\u0435\u0440\u0430\u0431\u043e\u0442\u0430\u044e\u0442 \u0441\u0430\u043c\u0438). \u041c\u044b <a href=\"https:\/\/pio.lt\">\u041e\u0418\u0428<\/a> (\u041e\u0440\u0433\u0430\u043d\u0438\u0437\u0430\u0446\u0438\u044f \u0438\u043c\u043f\u043e\u0440\u0442\u0435\u0440\u043e\u0432 \u0448\u0438\u043d), \u0438 \u043c\u044b \u043e\u0442\u0432\u0435\u0442\u0441\u0442\u0432\u0435\u043d\u043d\u043e \u043e\u0442\u043d\u043e\u0441\u0438\u043c\u0441\u044f \u043a \u043d\u0435\u043e\u0431\u0445\u043e\u0434\u0438\u043c\u043e\u0441\u0442\u0438 \u0437\u0430\u0449\u0438\u0442\u044b \u043e\u043a\u0440\u0443\u0436\u0430\u044e\u0449\u0435\u0439 \u0441\u0440\u0435\u0434\u044b \u0438 \u0434\u043e\u043b\u0436\u043d\u044b\u043c \u043e\u0431\u0440\u0430\u0437\u043e\u043c \u0441\u043e\u0440\u0442\u0438\u0440\u0443\u0435\u043c \u0438\u0441\u043f\u043e\u043b\u044c\u0437\u043e\u0432\u0430\u043d\u043d\u044b\u0435 \u0448\u0438\u043d\u044b, \u043d\u0435 \u043d\u0430\u043d\u043e\u0441\u044f \u0432\u0440\u0435\u0434\u0430 \u043f\u0440\u0438\u0440\u043e\u0434\u0435.<\/span><\/p>\n<\/div><\/div><\/div><\/div><div class=\"wpb_column vc_column_container us_custom_4d914d63\"><div class=\"vc_column-inner\"><div class=\"w-video align_none ratio_16x9 has_iframe\"><div class=\"w-video-h\"><iframe title=\"Youtube video player\" src=\"\/\/www.youtube.com\/embed\/n14urv3_fz4?autoplay=0&controls=0&origin=https:\/\/raifetas.lt\/ru&loop=0&mute=0\" allowfullscreen=\"1\" loading=\"lazy\"><\/iframe><\/div><div class=\"w-video-icon\" style=\"font-size:1.5rem;background:rgba(0,0,0,0.5);color:#fff\"><\/div><\/div><\/div><\/div><\/div><\/div><\/section><section class=\"l-section wpb_row height_huge\"><div class=\"l-section-h i-cf\"><div class=\"g-cols vc_row via_grid cols_3-2 laptops-cols_inherit tablets-cols_1 mobiles-cols_1 valign_top type_default stacking_default\" style=\"--gap:0rem;\"><div class=\"wpb_column vc_column_container us_custom_4d4c0130 has_bg_color\"><div class=\"vc_column-inner\"><div class=\"w-separator us_custom_7317aa56 size_medium\"><\/div><\/div><\/div><div class=\"wpb_column vc_column_container us_custom_c2698a98 has_bg_color\"><div class=\"vc_column-inner\"><h3 class=\"w-text\"><span class=\"w-text-h\"><span class=\"w-text-value\">Naudotos padangos<\/span><\/span><\/h3><div class=\"wpb_text_column\"><div class=\"wpb_wrapper\"><p class=\"p1\"><span class=\"s1\">\u042d\u0442\u0438 \u043e\u0442\u0445\u043e\u0434\u044b \u043c\u043e\u0433\u0443\u0442 \u043d\u0430\u0434\u043e\u043b\u0433\u043e \u0437\u0430\u0433\u0440\u044f\u0437\u043d\u044f\u0442\u044c \u043d\u0430\u0448\u0443 \u043e\u043a\u0440\u0443\u0436\u0430\u044e\u0449\u0443\u044e \u0441\u0440\u0435\u0434\u0443, \u0442\u0430\u043a \u043a\u0430\u043a \u0440\u0430\u0437\u043b\u0430\u0433\u0430\u044e\u0442\u0441\u044f \u0432\u0441\u0435\u0433\u043e \u0437\u0430 \u043d\u0435\u0441\u043a\u043e\u043b\u044c\u043a\u043e \u0441\u043e\u0442\u0435\u043d \u043b\u0435\u0442. \u0418\u0441\u043f\u043e\u043b\u044c\u0437\u043e\u0432\u0430\u043d\u043d\u044b\u0435 \u0448\u0438\u043d\u044b \u043f\u0440\u0435\u0434\u0441\u0442\u0430\u0432\u043b\u044f\u044e\u0442 \u043e\u043f\u0430\u0441\u043d\u043e\u0441\u0442\u044c \u0434\u043b\u044f \u043e\u043a\u0440\u0443\u0436\u0430\u044e\u0449\u0435\u0439 \u0441\u0440\u0435\u0434\u044b \u0438 \u0437\u0434\u043e\u0440\u043e\u0432\u044c\u044f \u0447\u0435\u043b\u043e\u0432\u0435\u043a\u0430. \u0418\u0437\u043d\u043e\u0448\u0435\u043d\u043d\u044b\u0435 \u0448\u0438\u043d\u044b, \u043e\u0441\u0442\u0430\u0432\u043b\u0435\u043d\u043d\u044b\u0435 \u0432 \u043a\u0430\u043d\u0430\u0432\u0430\u0445, \u043a\u0430\u043d\u0430\u0432\u0430\u0445 \u0438\u043b\u0438 \u043d\u0430 \u0431\u0435\u0440\u0435\u0433\u0443 \u0440\u0435\u043a\u0438, \u043d\u0435 \u0442\u043e\u043b\u044c\u043a\u043e \u043f\u043e\u0440\u0442\u044f\u0442 \u0432\u0438\u0434, \u043d\u043e \u0438 \u043c\u043e\u0433\u0443\u0442 \u0441\u0442\u0430\u0442\u044c \u043f\u0440\u0438\u0447\u0438\u043d\u043e\u0439 \u043f\u043e\u0436\u0430\u0440\u0430. \u0428\u0438\u043d\u0430 \u044f\u0432\u043b\u044f\u0435\u0442\u0441\u044f \u043d\u0435\u0444\u0442\u0435\u043f\u0440\u043e\u0434\u0443\u043a\u0442\u043e\u043c, \u043f\u043e\u044d\u0442\u043e\u043c\u0443 \u043f\u0440\u0438 \u0433\u043e\u0440\u0435\u043d\u0438\u0438 \u0432\u044b\u0434\u0435\u043b\u044f\u0435\u0442 \u0432 \u043e\u043a\u0440\u0443\u0436\u0430\u044e\u0449\u0443\u044e \u0441\u0440\u0435\u0434\u0443 \u043c\u043d\u043e\u0433\u043e \u0432\u0440\u0435\u0434\u043d\u044b\u0445 \u0432\u0435\u0449\u0435\u0441\u0442\u0432, \u043a\u043e\u0442\u043e\u0440\u044b\u0435 \u043f\u043e\u0440\u0430\u0436\u0430\u044e\u0442 \u043b\u0435\u0433\u043a\u0438\u0435, \u0441\u0435\u0440\u0434\u0446\u0435 \u0438 \u0431\u043e\u043b\u0435\u0437\u043d\u0438 \u043a\u0440\u043e\u0432\u043e\u043e\u0431\u0440\u0430\u0449\u0435\u043d\u0438\u044f. \u0417\u0430\u043f\u0440\u0435\u0449\u0435\u043d\u043e \u0443\u0442\u0438\u043b\u0438\u0437\u0438\u0440\u043e\u0432\u0430\u0442\u044c \u0438\u0441\u043f\u043e\u043b\u044c\u0437\u043e\u0432\u0430\u043d\u043d\u044b\u0435 \u0448\u0438\u043d\u044b \u0432\u043c\u0435\u0441\u0442\u0435 \u0441 \u0431\u044b\u0442\u043e\u0432\u044b\u043c\u0438 \u043e\u0442\u0445\u043e\u0434\u0430\u043c\u0438. \u041a\u0430\u0442\u0435\u0433\u043e\u0440\u0438\u0447\u0435\u0441\u043a\u0438 \u0437\u0430\u043f\u0440\u0435\u0449\u0430\u0435\u0442\u0441\u044f \u0441\u0436\u0438\u0433\u0430\u0442\u044c \u0448\u0438\u043d\u044b \u0438\u043b\u0438 \u0438\u0445 \u043e\u0441\u0442\u0430\u0442\u043a\u0438!<\/span><\/p>\n<\/div><\/div><\/div><\/div><\/div><\/div><\/section><section class=\"l-section wpb_row height_huge\"><div class=\"l-section-h i-cf\"><div class=\"g-cols vc_row via_grid cols_2-3 laptops-cols_inherit tablets-cols_inherit mobiles-cols_1 valign_top type_default stacking_default\" style=\"--gap:0rem;\"><div class=\"wpb_column vc_column_container us_custom_cfa2abee has_bg_color\"><div class=\"vc_column-inner\"><h3 class=\"w-text\"><span class=\"w-text-h\"><span class=\"w-text-value\">\u041f\u0440\u0430\u0432\u0438\u043b\u044c\u043d\u0430\u044f \u0443\u0442\u0438\u043b\u0438\u0437\u0430\u0446\u0438\u044f \u0438\u0441\u043f\u043e\u043b\u044c\u0437\u043e\u0432\u0430\u043d\u043d\u044b\u0445 \u0448\u0438\u043d<\/span><\/span><\/h3><div class=\"wpb_text_column\"><div class=\"wpb_wrapper\"><p class=\"p1\"><span class=\"s1\">\u0411\u044b\u0432\u0448\u0438\u0435 \u0432 \u0443\u043f\u043e\u0442\u0440\u0435\u0431\u043b\u0435\u043d\u0438\u0438 \u0448\u0438\u043d\u044b \u043c\u043e\u0436\u043d\u043e \u0431\u0435\u0441\u043f\u043b\u0430\u0442\u043d\u043e \u0441\u0434\u0430\u0442\u044c \u0432 \u0448\u0438\u043d\u043e\u043c\u043e\u043d\u0442\u0430\u0436\u043d\u044b\u0445 \u043f\u0443\u043d\u043a\u0442\u0430\u0445, \u0435\u0441\u043b\u0438 \u043e\u0442\u0440\u0430\u0431\u043e\u0442\u0430\u043d\u043d\u044b\u0435 \u0448\u0438\u043d\u044b \u0432\u043e\u0437\u0432\u0440\u0430\u0449\u0430\u044e\u0442\u0441\u044f \u0434\u043b\u044f \u0442\u043e\u0433\u043e \u0436\u0435 \u0442\u0438\u043f\u0430 \u0442\u0440\u0430\u043d\u0441\u043f\u043e\u0440\u0442\u043d\u043e\u0433\u043e \u0441\u0440\u0435\u0434\u0441\u0442\u0432\u0430 \u0438 \u0438\u0445 \u0441\u0442\u043e\u043b\u044c\u043a\u043e \u0436\u0435, \u0441\u043a\u043e\u043b\u044c\u043a\u043e \u043a\u0443\u043f\u043b\u0435\u043d\u043e \u043d\u043e\u0432\u044b\u0445. \u0416\u0438\u0442\u0435\u043b\u0438 \u043c\u043e\u0433\u0443\u0442 \u0441\u0434\u0430\u0442\u044c \u0438\u0437\u043d\u043e\u0448\u0435\u043d\u043d\u044b\u0435 \u0448\u0438\u043d\u044b \u043d\u0430 \u043a\u0440\u0443\u043f\u043d\u044b\u0435 \u0441\u0432\u0430\u043b\u043a\u0438, \u043f\u0440\u0438\u043d\u0430\u0434\u043b\u0435\u0436\u0430\u0449\u0438\u0435 \u043c\u0443\u043d\u0438\u0446\u0438\u043f\u0430\u043b\u0438\u0442\u0435\u0442\u0430\u043c. \u0421\u043f\u0438\u0441\u043e\u043a \u043c\u043e\u0436\u043d\u043e \u043d\u0430\u0439\u0442\u0438 <a href=\"http:\/\/www.am.lt\">\u0437\u0434\u0435\u0441\u044c<\/a>.<\/span><\/p>\n<p class=\"p1\"><span class=\"s1\">\u0416\u0438\u0442\u0435\u043b\u0438 \u043c\u043e\u0433\u0443\u0442 \u0431\u0435\u0441\u043f\u043b\u0430\u0442\u043d\u043e \u0441\u0434\u0430\u0442\u044c \u043d\u0430 \u0442\u0430\u043a\u0438\u0435 \u043f\u043b\u043e\u0449\u0430\u0434\u043a\u0438 \u0434\u043e 4 \u0430\u0432\u0442\u043e\u043c\u043e\u0431\u0438\u043b\u044c\u043d\u044b\u0445 \u043f\u043e\u043a\u0440\u044b\u0448\u0435\u043a \u0432 \u0433\u043e\u0434. \u041f\u0435\u0440\u0435\u0434 \u0442\u0440\u0430\u043d\u0441\u043f\u043e\u0440\u0442\u0438\u0440\u043e\u0432\u043a\u043e\u0439 \u043e\u0442\u0445\u043e\u0434\u043e\u0432 \u043d\u0430 \u0431\u043b\u0438\u0436\u0430\u0439\u0448\u0443\u044e \u043f\u043b\u043e\u0449\u0430\u0434\u043a\u0443 \u0441\u043b\u0435\u0434\u0443\u0435\u0442 \u043f\u0440\u043e\u0432\u0435\u0440\u0438\u0442\u044c, \u043a\u0430\u043a\u0438\u0435 \u043e\u0442\u0445\u043e\u0434\u044b \u043e\u043d\u0430 \u043f\u0440\u0438\u043d\u0438\u043c\u0430\u0435\u0442, \u043f\u043e\u0441\u043a\u043e\u043b\u044c\u043a\u0443 \u0440\u0430\u0437\u043d\u044b\u0435 \u043f\u043b\u043e\u0449\u0430\u0434\u043a\u0438 \u043f\u0440\u0438\u043d\u0438\u043c\u0430\u044e\u0442 \u0440\u0430\u0437\u043d\u044b\u0435 \u0432\u0438\u0434\u044b \u043e\u0442\u0445\u043e\u0434\u043e\u0432. \u041f\u043e\u0434\u0440\u043e\u0431\u043d\u0443\u044e \u0438\u043d\u0444\u043e\u0440\u043c\u0430\u0446\u0438\u044e \u043e \u0434\u0435\u0439\u0441\u0442\u0432\u0443\u044e\u0449\u0438\u0445 \u0432 \u043c\u0443\u043d\u0438\u0446\u0438\u043f\u0430\u043b\u0438\u0442\u0435\u0442\u0430\u0445 \u043f\u0443\u043d\u043a\u0442\u0430\u0445 \u0441\u0431\u043e\u0440\u0430 \u043a\u0440\u0443\u043f\u043d\u043e\u0433\u0430\u0431\u0430\u0440\u0438\u0442\u043d\u044b\u0445 \u043e\u0442\u0445\u043e\u0434\u043e\u0432, \u0438\u0445 \u0430\u0434\u0440\u0435\u0441\u0430\u0445, \u0440\u0435\u0436\u0438\u043c\u0435 \u0440\u0430\u0431\u043e\u0442\u044b \u0438 \u043f\u0440\u0438\u043d\u0438\u043c\u0430\u0435\u043c\u044b\u0445 \u043e\u0442\u0445\u043e\u0434\u0430\u0445 \u043f\u0440\u0435\u0434\u043e\u0441\u0442\u0430\u0432\u043b\u044f\u044e\u0442 \u043f\u0440\u0435\u0434\u0441\u0442\u0430\u0432\u0438\u0442\u0435\u043b\u0438 \u043c\u0443\u043d\u0438\u0446\u0438\u043f\u0430\u043b\u0438\u0442\u0435\u0442\u043e\u0432. \u0410\u0434\u0440\u0435\u0441\u0430 \u0441\u0430\u0439\u0442\u043e\u0432 \u043f\u0443\u0431\u043b\u0438\u043a\u0443\u044e\u0442\u0441\u044f \u043d\u0430 \u0441\u0430\u0439\u0442\u0430\u0445 \u043c\u0443\u043d\u0438\u0446\u0438\u043f\u0430\u043b\u0438\u0442\u0435\u0442\u043e\u0432 \u0438 \u041c\u0438\u043d\u0438\u0441\u0442\u0435\u0440\u0441\u0442\u0432\u0430 \u043e\u043a\u0440\u0443\u0436\u0430\u044e\u0449\u0435\u0439 \u0441\u0440\u0435\u0434\u044b.<\/span><\/p>\n<\/div><\/div><\/div><\/div><div class=\"wpb_column vc_column_container us_custom_168fd045 has_bg_color\"><div class=\"vc_column-inner\"><div class=\"w-separator us_custom_7317aa56 size_medium\"><\/div><\/div><\/div><\/div><\/div><\/section><section class=\"l-section wpb_row height_huge\"><div class=\"l-section-h i-cf\"><div class=\"g-cols vc_row via_grid cols_3-2 laptops-cols_inherit tablets-cols_1 mobiles-cols_1 valign_top type_default stacking_default\" style=\"--gap:0rem;\"><div class=\"wpb_column vc_column_container us_custom_8d156aaa has_bg_color\"><div class=\"vc_column-inner\"><div class=\"w-separator us_custom_7317aa56 size_medium\"><\/div><\/div><\/div><div class=\"wpb_column vc_column_container us_custom_c2698a98 has_bg_color\"><div class=\"vc_column-inner\"><h3 class=\"w-text\"><span class=\"w-text-h\"><span class=\"w-text-value\">\u041f\u0435\u0440\u0435\u0440\u0430\u0431\u043e\u0442\u043a\u0430 \u0438\u0441\u043f\u043e\u043b\u044c\u0437\u043e\u0432\u0430\u043d\u043d\u044b\u0445 \u0448\u0438\u043d<\/span><\/span><\/h3><div class=\"wpb_text_column\"><div class=\"wpb_wrapper\"><p class=\"p1\"><span class=\"s1\">\u0420\u0435\u0437\u0438\u043d\u0430 \u044f\u0432\u043b\u044f\u0435\u0442\u0441\u044f \u043e\u0441\u043d\u043e\u0432\u043d\u044b\u043c \u043a\u043e\u043c\u043f\u043e\u043d\u0435\u043d\u0442\u043e\u043c \u0448\u0438\u043d, \u0441\u0432\u043e\u0439\u0441\u0442\u0432\u0430 \u043a\u043e\u0442\u043e\u0440\u043e\u0439 \u043f\u0440\u0430\u043a\u0442\u0438\u0447\u0435\u0441\u043a\u0438 \u043d\u0435 \u043c\u0435\u043d\u044f\u044e\u0442\u0441\u044f \u0434\u0430\u0436\u0435 \u043f\u043e\u0441\u043b\u0435 \u043e\u043a\u043e\u043d\u0447\u0430\u043d\u0438\u044f \u0441\u0440\u043e\u043a\u0430 \u0441\u043b\u0443\u0436\u0431\u044b \u0448\u0438\u043d\u044b. \u041f\u0440\u0438\u043d\u0438\u043c\u0430\u044f \u044d\u0442\u043e \u0432\u043e \u0432\u043d\u0438\u043c\u0430\u043d\u0438\u0435, \u0448\u0438\u043d\u044b \u0446\u0435\u043b\u0435\u0441\u043e\u043e\u0431\u0440\u0430\u0437\u043d\u043e \u043f\u0435\u0440\u0435\u0440\u0430\u0431\u0430\u0442\u044b\u0432\u0430\u0442\u044c, \u043e\u0442\u0434\u0435\u043b\u044f\u044f \u0440\u0435\u0437\u0438\u043d\u0443 \u043e\u0442 \u0434\u0440\u0443\u0433\u0438\u0445 \u043a\u043e\u043c\u043f\u043e\u043d\u0435\u043d\u0442\u043e\u0432 (\u043c\u0435\u0442\u0430\u043b\u043b\u0430, \u0442\u0435\u043a\u0441\u0442\u0438\u043b\u044f) \u0438 \u0437\u0430\u0442\u0435\u043c \u0438\u0441\u043f\u043e\u043b\u044c\u0437\u043e\u0432\u0430\u0442\u044c \u0435\u0435 \u0434\u043b\u044f \u0438\u0437\u0433\u043e\u0442\u043e\u0432\u043b\u0435\u043d\u0438\u044f \u0434\u0440\u0443\u0433\u043e\u0439 \u043f\u0440\u043e\u0434\u0443\u043a\u0446\u0438\u0438. \u041f\u043e\u043b\u0443\u0447\u0435\u043d\u043d\u044b\u0435 \u0440\u0435\u0437\u0438\u043d\u043e\u0432\u044b\u0435 \u0433\u0440\u0430\u043d\u0443\u043b\u044b \u043c\u043e\u0436\u043d\u043e \u0438\u0441\u043f\u043e\u043b\u044c\u0437\u043e\u0432\u0430\u0442\u044c \u0434\u043b\u044f \u0430\u0441\u0444\u0430\u043b\u044c\u0442\u0430, \u0440\u0435\u0437\u0438\u043d\u043e\u0432\u044b\u0445 \u043f\u043e\u043a\u0440\u044b\u0442\u0438\u0439. \u0418\u0437\u043d\u043e\u0448\u0435\u043d\u043d\u044b\u0435 \u0448\u0438\u043d\u044b \u0442\u0430\u043a\u0436\u0435 \u043c\u043e\u0436\u043d\u043e \u0438\u0441\u043f\u043e\u043b\u044c\u0437\u043e\u0432\u0430\u0442\u044c \u0434\u043b\u044f \u043f\u043e\u043b\u0443\u0447\u0435\u043d\u0438\u044f \u044d\u043d\u0435\u0440\u0433\u0438\u0438. \u0418\u0445 \u0441\u0436\u0438\u0433\u0430\u044e\u0442 \u0441 \u043f\u043e\u043c\u043e\u0449\u044c\u044e \u0441\u043f\u0435\u0446\u0438\u0430\u043b\u044c\u043d\u044b\u0445 \u0444\u0438\u043b\u044c\u0442\u0440\u043e\u0432, \u043d\u0435\u0439\u0442\u0440\u0430\u043b\u0438\u0437\u0443\u044e\u0449\u0438\u0445 \u0432\u0440\u0435\u0434\u043d\u044b\u0435 \u0432\u0435\u0449\u0435\u0441\u0442\u0432\u0430, \u0432\u044b\u0434\u0435\u043b\u044f\u044e\u0449\u0438\u0435\u0441\u044f \u043f\u0440\u0438 \u0433\u043e\u0440\u0435\u043d\u0438\u0438, \u0441\u0436\u0438\u0433\u0430\u043d\u0438\u0435 \u043f\u0440\u043e\u0438\u0441\u0445\u043e\u0434\u0438\u0442 \u0432 \u044d\u043a\u0441\u0442\u0440\u0435\u043c\u0430\u043b\u044c\u043d\u043e \u0432\u044b\u0441\u043e\u043a\u043e\u0442\u0435\u043c\u043f\u0435\u0440\u0430\u0442\u0443\u0440\u043d\u043e\u0439 \u043f\u0435\u0447\u0438, \u0430 \u043e\u0431\u0440\u0430\u0437\u0443\u044e\u0449\u0430\u044f\u0441\u044f \u0437\u043e\u043b\u0430 \u0438\u0441\u043f\u043e\u043b\u044c\u0437\u0443\u0435\u0442\u0441\u044f \u0434\u043b\u044f \u043f\u0440\u043e\u0438\u0437\u0432\u043e\u0434\u0441\u0442\u0432\u0430 \u0446\u0435\u043c\u0435\u043d\u0442\u0430.<\/span><\/p>\n<\/div><\/div><\/div><\/div><\/div><\/div><\/section>","protected":false},"excerpt":{"rendered":"EkologijaGalime pad\u0117ti UAB \u201eRaifetas\u201d vadovaudamasi LR atliek\u0173 tvarkymo \u012fstatymu, priima naudotas klient\u0173 padangas, pagal \u012fstatyme numatytas s\u0105lygas. M\u016bs\u0173 \u012fmon\u0117 perduos j\u016bs\u0173 atitarnavusius atliek\u0173 tvarkymo \u012fmon\u0117ms, kurios juos tinkamai sutvarkys (paruo\u0161 perdirbimui arba perdirbs pa\u010dios). Mes esame PIO (Padang\u0173 Importuotoj\u0173 Organizacija) nariai ir atsakingai atsi\u017evelgiame \u012f b\u016btinyb\u0119 saugoti m\u016bs\u0173 aplinka ir tinkamai r\u016b\u0161iuoti jau panaudotas padangas,...","protected":false},"author":1,"featured_media":0,"parent":0,"menu_order":0,"comment_status":"closed","ping_status":"closed","template":"","meta":{"footnotes":""},"class_list":["post-187","page","type-page","status-publish","hentry"],"acf":[],"jetpack_sharing_enabled":true,"_links":{"self":[{"href":"https:\/\/raifetas.lt\/ru\/wp-json\/wp\/v2\/pages\/187","targetHints":{"allow":["GET"]}}],"collection":[{"href":"https:\/\/raifetas.lt\/ru\/wp-json\/wp\/v2\/pages"}],"about":[{"href":"https:\/\/raifetas.lt\/ru\/wp-json\/wp\/v2\/types\/page"}],"author":[{"embeddable":true,"href":"https:\/\/raifetas.lt\/ru\/wp-json\/wp\/v2\/users\/1"}],"replies":[{"embeddable":true,"href":"https:\/\/raifetas.lt\/ru\/wp-json\/wp\/v2\/comments?post=187"}],"version-history":[{"count":63,"href":"https:\/\/raifetas.lt\/ru\/wp-json\/wp\/v2\/pages\/187\/revisions"}],"predecessor-version":[{"id":1061,"href":"https:\/\/raifetas.lt\/ru\/wp-json\/wp\/v2\/pages\/187\/revisions\/1061"}],"wp:attachment":[{"href":"https:\/\/raifetas.lt\/ru\/wp-json\/wp\/v2\/media?parent=187"}],"curies":[{"name":"wp","href":"https:\/\/api.w.org\/{rel}","templated":true}]}}